{"id":3972,"date":"2018-01-25T10:06:42","date_gmt":"2018-01-25T10:06:42","guid":{"rendered":"https:\/\/denarius.no\/?page_id=3972"},"modified":"2025-08-09T23:15:56","modified_gmt":"2025-08-09T21:15:56","slug":"om-denarius","status":"publish","type":"page","link":"https:\/\/denarius.no\/no\/om-denarius\/","title":{"rendered":"Om Denarius"},"content":{"rendered":"<p style=\"text-align: left;\">Denarius, etablert av Marius Ringsrud, er en norsk mynthandler med internasjonal rekkevidde, spesialisert p\u00e5 antikke mynter fra gresk, romersk og bysantinsk tid. Med base i Oslo og akademisk bakgrunn i klassisk arkeologi fra Universitetet i Oslo og Uppsala universitet, kombinerer Ringsrud faglig tyngde med en lidenskap for numismatikk. Gjennom denarius.no tilbyr han samlere ikke bare mynter, men h\u00e5ndfaste fragmenter av historien.<\/p>\n<p style=\"text-align: left;\">Firmaet har utviklet seg fra en entusiastisk oppstart til en profesjonell akt\u00f8r med et utmerket utvalg av mynter med h\u00f8y kvalitet og dokumentert proveniens. Hver mynt presenteres med presisjon og respekt for dens historiske kontekst, og utvalget gjenspeiler en dyp forst\u00e5else for kulturarv. Denarius er aktiv p\u00e5 anerkjente plattformer som MA-Shops og vCoins, og har opparbeidet seg et solid rykte for autentisitet, faglig integritet og personlig service.<\/p>\n<p style=\"text-align: left;\">\n<p style=\"text-align: left;\"><span style=\"color: #23232c; font-size: 30px;\">Salgsbetingelser<\/span><\/p>\n<p style=\"text-align: left;\">Betaling<span class=\"Apple-converted-space\">\u00a0<\/span><\/p>\n<p style=\"text-align: left;\">Betalingsfrist er 7 dager etter bestilling. P\u00e5 <a href=\"https:\/\/denarius.no\/no\/\">Denarius.no<\/a> kan man betale med vanlig bankoverf\u00f8ring og PayPal. Varene leveres etter betaling.<span class=\"Apple-converted-space\">\u00a0<\/span><\/p>\n<p style=\"text-align: left;\">Levering<\/p>\n<p style=\"text-align: left;\"><a href=\"https:\/\/denarius.no\/no\/\">Denarius.no<\/a> tilbyr to valgfrie satser p\u00e5 35 NOK og 160 NOK. 35 NOK-satsen gir ikke forsikring for varene under forsendelse. Om varen er sv\u00e6rt tung eller p\u00e5 annen m\u00e5te vil v\u00e6re sv\u00e6rt dyr \u00e5 sende, vil porto oppgis i varebeskrivelsen.<span class=\"Apple-converted-space\">\u00a0<\/span><\/p>\n<p style=\"text-align: left;\">Garanti<span class=\"Apple-converted-space\">\u00a0<\/span><\/p>\n<p style=\"text-align: left;\">Alle objekter er unders\u00f8kt og beskrevet etter beste evne, og vi garanterer at alle objekter som selges er ekte og som beskrevet. Ved \u00e5penbare feil i beskrivelser eller priser forbeholder vi oss retten til \u00e5 kansellere bestillinger.<\/p>\n<p style=\"text-align: left;\">Retur<span class=\"Apple-converted-space\">\u00a0<\/span><\/p>\n<p style=\"text-align: left;\">Alle forbrukere har 14 dagers returrett fra dagen varene er mottatt. Alle reklamasjoner og klager p\u00e5 objekter m\u00e5 gj\u00f8res innen denne fristen. Alle returer betales av kunden, og varene skal sendes rekommandert eller som Norgespakke.<\/p>\n<h2 style=\"text-align: left;\">GDPR<\/h2>\n<p style=\"text-align: left;\">Pr. dags dato benytter ikke Denarius.no noe informasjon fra deres s\u00f8k p\u00e5 v\u00e5r hjemmeside. Alle kunder som bestiller varer p\u00e5 Denarius.no vil v\u00e6re n\u00f8dt til \u00e5 lagre navn, adresse, telefonnummer og epostadresse hos oss. Kontaktinformasjonen kan brukes til \u00e5 kontakte kundene ved behov.<\/p>\n","protected":false},"excerpt":{"rendered":"<p>Denarius, etablert av Marius Ringsrud, er en norsk mynthandler med internasjonal rekkevidde, spesialisert p\u00e5 antikke mynter fra gresk, romersk og bysantinsk tid. Med base i Oslo og akademisk bakgrunn i&hellip;<\/p>\n","protected":false},"author":5,"featured_media":0,"parent":0,"menu_order":0,"comment_status":"closed","ping_status":"closed","template":"","meta":{"_acf_changed":false,"footnotes":""},"class_list":["post-3972","page","type-page","status-publish","hentry"],"acf":[],"yoast_head":"<!-- This site is optimized with the Yoast SEO plugin v27.4 - https:\/\/yoast.com\/product\/yoast-seo-wordpress\/ -->\n<title>Om Denarius - Coin &amp; Banknote Specialist<\/title>\n<meta name=\"robots\" content=\"index, follow, max-snippet:-1, max-image-preview:large, max-video-preview:-1\" \/>\n<link rel=\"canonical\" href=\"https:\/\/denarius.no\/no\/om-denarius\/\" \/>\n<meta property=\"og:locale\" content=\"nb_NO\" \/>\n<meta property=\"og:type\" content=\"article\" \/>\n<meta property=\"og:title\" content=\"Om Denarius - Coin &amp; Banknote Specialist\" \/>\n<meta property=\"og:description\" content=\"Denarius, etablert av Marius Ringsrud, er en norsk mynthandler med internasjonal rekkevidde, spesialisert p\u00e5 antikke mynter fra gresk, romersk og bysantinsk tid. Med base i Oslo og akademisk bakgrunn i&hellip;\" \/>\n<meta property=\"og:url\" content=\"https:\/\/denarius.no\/no\/om-denarius\/\" \/>\n<meta property=\"og:site_name\" content=\"Coin &amp; Banknote Specialist\" \/>\n<meta property=\"article:modified_time\" content=\"2025-08-09T21:15:56+00:00\" \/>\n<meta name=\"twitter:card\" content=\"summary_large_image\" \/>\n<meta name=\"twitter:label1\" content=\"Ansl. lesetid\" \/>\n\t<meta name=\"twitter:data1\" content=\"2 minutter\" \/>\n<script type=\"application\/ld+json\" class=\"yoast-schema-graph\">{\"@context\":\"https:\\\/\\\/schema.org\",\"@graph\":[{\"@type\":\"WebPage\",\"@id\":\"https:\\\/\\\/denarius.no\\\/no\\\/om-denarius\\\/\",\"url\":\"https:\\\/\\\/denarius.no\\\/no\\\/om-denarius\\\/\",\"name\":\"Om Denarius - Coin &amp; Banknote Specialist\",\"isPartOf\":{\"@id\":\"https:\\\/\\\/denarius.no\\\/#website\"},\"datePublished\":\"2018-01-25T10:06:42+00:00\",\"dateModified\":\"2025-08-09T21:15:56+00:00\",\"breadcrumb\":{\"@id\":\"https:\\\/\\\/denarius.no\\\/no\\\/om-denarius\\\/#breadcrumb\"},\"inLanguage\":\"nb-NO\",\"potentialAction\":[{\"@type\":\"ReadAction\",\"target\":[\"https:\\\/\\\/denarius.no\\\/no\\\/om-denarius\\\/\"]}]},{\"@type\":\"BreadcrumbList\",\"@id\":\"https:\\\/\\\/denarius.no\\\/no\\\/om-denarius\\\/#breadcrumb\",\"itemListElement\":[{\"@type\":\"ListItem\",\"position\":1,\"name\":\"Home\",\"item\":\"https:\\\/\\\/denarius.no\\\/no\\\/coin-banknote-dealer-specialist\\\/\"},{\"@type\":\"ListItem\",\"position\":2,\"name\":\"Om Denarius\"}]},{\"@type\":\"WebSite\",\"@id\":\"https:\\\/\\\/denarius.no\\\/#website\",\"url\":\"https:\\\/\\\/denarius.no\\\/\",\"name\":\"Coin &amp; Banknote Specialist\",\"description\":\"Denarius\",\"potentialAction\":[{\"@type\":\"SearchAction\",\"target\":{\"@type\":\"EntryPoint\",\"urlTemplate\":\"https:\\\/\\\/denarius.no\\\/?s={search_term_string}\"},\"query-input\":{\"@type\":\"PropertyValueSpecification\",\"valueRequired\":true,\"valueName\":\"search_term_string\"}}],\"inLanguage\":\"nb-NO\"}]}<\/script>\n<!-- \/ Yoast SEO plugin. -->","yoast_head_json":{"title":"Om Denarius - Coin &amp; Banknote Specialist","robots":{"index":"index","follow":"follow","max-snippet":"max-snippet:-1","max-image-preview":"max-image-preview:large","max-video-preview":"max-video-preview:-1"},"canonical":"https:\/\/denarius.no\/no\/om-denarius\/","og_locale":"nb_NO","og_type":"article","og_title":"Om Denarius - Coin &amp; Banknote Specialist","og_description":"Denarius, etablert av Marius Ringsrud, er en norsk mynthandler med internasjonal rekkevidde, spesialisert p\u00e5 antikke mynter fra gresk, romersk og bysantinsk tid. Med base i Oslo og akademisk bakgrunn i&hellip;","og_url":"https:\/\/denarius.no\/no\/om-denarius\/","og_site_name":"Coin &amp; Banknote Specialist","article_modified_time":"2025-08-09T21:15:56+00:00","twitter_card":"summary_large_image","twitter_misc":{"Ansl. lesetid":"2 minutter"},"schema":{"@context":"https:\/\/schema.org","@graph":[{"@type":"WebPage","@id":"https:\/\/denarius.no\/no\/om-denarius\/","url":"https:\/\/denarius.no\/no\/om-denarius\/","name":"Om Denarius - Coin &amp; Banknote Specialist","isPartOf":{"@id":"https:\/\/denarius.no\/#website"},"datePublished":"2018-01-25T10:06:42+00:00","dateModified":"2025-08-09T21:15:56+00:00","breadcrumb":{"@id":"https:\/\/denarius.no\/no\/om-denarius\/#breadcrumb"},"inLanguage":"nb-NO","potentialAction":[{"@type":"ReadAction","target":["https:\/\/denarius.no\/no\/om-denarius\/"]}]},{"@type":"BreadcrumbList","@id":"https:\/\/denarius.no\/no\/om-denarius\/#breadcrumb","itemListElement":[{"@type":"ListItem","position":1,"name":"Home","item":"https:\/\/denarius.no\/no\/coin-banknote-dealer-specialist\/"},{"@type":"ListItem","position":2,"name":"Om Denarius"}]},{"@type":"WebSite","@id":"https:\/\/denarius.no\/#website","url":"https:\/\/denarius.no\/","name":"Coin &amp; Banknote Specialist","description":"Denarius","potentialAction":[{"@type":"SearchAction","target":{"@type":"EntryPoint","urlTemplate":"https:\/\/denarius.no\/?s={search_term_string}"},"query-input":{"@type":"PropertyValueSpecification","valueRequired":true,"valueName":"search_term_string"}}],"inLanguage":"nb-NO"}]}},"_links":{"self":[{"href":"https:\/\/denarius.no\/no\/wp-json\/wp\/v2\/pages\/3972","targetHints":{"allow":["GET"]}}],"collection":[{"href":"https:\/\/denarius.no\/no\/wp-json\/wp\/v2\/pages"}],"about":[{"href":"https:\/\/denarius.no\/no\/wp-json\/wp\/v2\/types\/page"}],"author":[{"embeddable":true,"href":"https:\/\/denarius.no\/no\/wp-json\/wp\/v2\/users\/5"}],"replies":[{"embeddable":true,"href":"https:\/\/denarius.no\/no\/wp-json\/wp\/v2\/comments?post=3972"}],"version-history":[{"count":7,"href":"https:\/\/denarius.no\/no\/wp-json\/wp\/v2\/pages\/3972\/revisions"}],"predecessor-version":[{"id":50749,"href":"https:\/\/denarius.no\/no\/wp-json\/wp\/v2\/pages\/3972\/revisions\/50749"}],"wp:attachment":[{"href":"https:\/\/denarius.no\/no\/wp-json\/wp\/v2\/media?parent=3972"}],"curies":[{"name":"wp","href":"https:\/\/api.w.org\/{rel}","templated":true}]}}