{"id":4035,"date":"2018-02-12T10:48:58","date_gmt":"2018-02-12T09:48:58","guid":{"rendered":"https:\/\/denarius.no\/?page_id=4035"},"modified":"2020-07-29T08:43:53","modified_gmt":"2020-07-29T06:43:53","slug":"nyheter-historier","status":"publish","type":"page","link":"https:\/\/denarius.no\/no\/nyheter-historier\/","title":{"rendered":"Nyheter &#038; Historier"},"content":{"rendered":"<div class=\"wpb-content-wrapper\"><p>[vc_row][vc_column]<div class=\"sober-post-grid post-grid sober-post-grid post-grid columns-3  \">\r\n\t\t\t\t<div class=\"row\"><div class=\"col-sm-6 col-md-4 post-42700 post type-post status-publish format-standard hentry category-uncategorized-no\">\r\n\t\t\t\t\t\r\n\t\t\t\t\t<div class=\"post-summary\">\r\n\t\t\t\t\t\t<div class=\"entry-meta\"><div class=\"entry-meta\"><span class=\"posted-on\"><time class=\"entry-date published updated\" datetime=\"2022-03-09T23:10:50+01:00\">09.03 2022<\/time><\/span><span class=\"cat-links\"> <a href=\"https:\/\/denarius.no\/no\/category\/uncategorized-no\/\" rel=\"category tag\">Uncategorized @no<\/a><\/span><\/div><\/div>\r\n\t\t\t\t\t\t<h3 class=\"entry-title\"><a href=\"https:\/\/denarius.no\/no\/high-quality-bracteates\/\" rel=\"bookmark\">High Quality Bracteates<\/a><\/h3>\r\n\t\t\t\t\t\t<div class=\"entry-summary\">We have published another two amazing bracteates the last two weeks. The first one was a huge bracteate measuring 44 mm, struck under\u00a0Konrad I von Wittelsbach, archbishop of Mainz. It&hellip;<\/div>\r\n\t\t\t\t\t\t<a class=\"line-hover read-more active\" href=\"https:\/\/denarius.no\/no\/high-quality-bracteates\/\">Read More<\/a>\r\n\t\t\t\t\t<\/div>\r\n\t\t\t\t<\/div><div class=\"col-sm-6 col-md-4 post-42687 post type-post status-publish format-standard has-post-thumbnail hentry category-uncategorized-no\">\r\n\t\t\t\t\t<a href=\"https:\/\/denarius.no\/no\/15-of-all-sales-on-denarius-no-goes-to-children-and-families-in-ukraine\/\" class=\"post-thumbnail\"><img loading=\"lazy\" decoding=\"async\" width=\"360\" height=\"240\" src=\"https:\/\/denarius.no\/wp-content\/uploads\/2022\/03\/ukrainsk-flagg_0-360x240.jpeg\" class=\"attachment-sober-blog-grid size-sober-blog-grid wp-post-image\" alt=\"\" \/><\/a>\r\n\t\t\t\t\t<div class=\"post-summary\">\r\n\t\t\t\t\t\t<div class=\"entry-meta\"><div class=\"entry-meta\"><span class=\"posted-on\"><time class=\"entry-date published updated\" datetime=\"2022-03-09T22:57:23+01:00\">09.03 2022<\/time><\/span><span class=\"cat-links\"> <a href=\"https:\/\/denarius.no\/no\/category\/uncategorized-no\/\" rel=\"category tag\">Uncategorized @no<\/a><\/span><\/div><\/div>\r\n\t\t\t\t\t\t<h3 class=\"entry-title\"><a href=\"https:\/\/denarius.no\/no\/15-of-all-sales-on-denarius-no-goes-to-children-and-families-in-ukraine\/\" rel=\"bookmark\">15% of\u00a0all sales on Denarius.no goes to Children and Families in\u00a0Ukraine!<\/a><\/h3>\r\n\t\t\t\t\t\t<div class=\"entry-summary\">Dear fellow numismatist, Collecting and studying numismatics are two interests that have no national borders. One will find researchers, buyers and dealers in any country in the world. It is,&hellip;<\/div>\r\n\t\t\t\t\t\t<a class=\"line-hover read-more active\" href=\"https:\/\/denarius.no\/no\/15-of-all-sales-on-denarius-no-goes-to-children-and-families-in-ukraine\/\">Read More<\/a>\r\n\t\t\t\t\t<\/div>\r\n\t\t\t\t<\/div><div class=\"col-sm-6 col-md-4 post-41789 post type-post status-publish format-standard has-post-thumbnail hentry category-uncategorized-no\">\r\n\t\t\t\t\t<a href=\"https:\/\/denarius.no\/no\/the-final-proof-banknote-for-5-kroner-4th-edition\/\" class=\"post-thumbnail\"><img loading=\"lazy\" decoding=\"async\" width=\"360\" height=\"240\" src=\"https:\/\/denarius.no\/wp-content\/uploads\/2021\/12\/Protokollnr.-4354-360x240.jpg\" class=\"attachment-sober-blog-grid size-sober-blog-grid wp-post-image\" alt=\"\" \/><\/a>\r\n\t\t\t\t\t<div class=\"post-summary\">\r\n\t\t\t\t\t\t<div class=\"entry-meta\"><div class=\"entry-meta\"><span class=\"posted-on\"><time class=\"entry-date published updated\" datetime=\"2021-12-17T15:06:57+01:00\">17.12 2021<\/time><\/span><span class=\"cat-links\"> <a href=\"https:\/\/denarius.no\/no\/category\/uncategorized-no\/\" rel=\"category tag\">Uncategorized @no<\/a><\/span><\/div><\/div>\r\n\t\t\t\t\t\t<h3 class=\"entry-title\"><a href=\"https:\/\/denarius.no\/no\/the-final-proof-banknote-for-5-kroner-4th-edition\/\" rel=\"bookmark\">The Final Proof Banknote for 5 Kroner 4th Edition<\/a><\/h3>\r\n\t\t\t\t\t\t<div class=\"entry-summary\">The planning of the 4th edition was started with a public competition already in 1930. Six drafts from various artists and architects were rewarded and purchased by the central bank.&hellip;<\/div>\r\n\t\t\t\t\t\t<a class=\"line-hover read-more active\" href=\"https:\/\/denarius.no\/no\/the-final-proof-banknote-for-5-kroner-4th-edition\/\">Read More<\/a>\r\n\t\t\t\t\t<\/div>\r\n\t\t\t\t<\/div><div class=\"col-sm-6 col-md-4 post-41786 post type-post status-publish format-standard has-post-thumbnail hentry category-uncategorized-no\">\r\n\t\t\t\t\t<a href=\"https:\/\/denarius.no\/no\/20-kroner-test-proof-coin-1909\/\" class=\"post-thumbnail\"><img loading=\"lazy\" decoding=\"async\" width=\"360\" height=\"240\" src=\"https:\/\/denarius.no\/wp-content\/uploads\/2021\/12\/Protokollnr.-4419-360x240.jpg\" class=\"attachment-sober-blog-grid size-sober-blog-grid wp-post-image\" alt=\"\" \/><\/a>\r\n\t\t\t\t\t<div class=\"post-summary\">\r\n\t\t\t\t\t\t<div class=\"entry-meta\"><div class=\"entry-meta\"><span class=\"posted-on\"><time class=\"entry-date published updated\" datetime=\"2021-12-17T15:05:27+01:00\">17.12 2021<\/time><\/span><span class=\"cat-links\"> <a href=\"https:\/\/denarius.no\/no\/category\/uncategorized-no\/\" rel=\"category tag\">Uncategorized @no<\/a><\/span><\/div><\/div>\r\n\t\t\t\t\t\t<h3 class=\"entry-title\"><a href=\"https:\/\/denarius.no\/no\/20-kroner-test-proof-coin-1909\/\" rel=\"bookmark\">20 Kroner Test Proof Coin 1909<\/a><\/h3>\r\n\t\t\t\t\t\t<div class=\"entry-summary\">In 1907, the Norwegian Finance Ministry constituted a committee for the purpose of preparing a design for 10 and 20 kroner gold coins in 1910. The committee\u2019s members were Director&hellip;<\/div>\r\n\t\t\t\t\t\t<a class=\"line-hover read-more active\" href=\"https:\/\/denarius.no\/no\/20-kroner-test-proof-coin-1909\/\">Read More<\/a>\r\n\t\t\t\t\t<\/div>\r\n\t\t\t\t<\/div><div class=\"col-sm-6 col-md-4 post-41231 post type-post status-publish format-standard has-post-thumbnail hentry category-uncategorized-no\">\r\n\t\t\t\t\t<a href=\"https:\/\/denarius.no\/no\/once-in-a-lifetime-purchase-opportunity\/\" class=\"post-thumbnail\"><img loading=\"lazy\" decoding=\"async\" width=\"360\" height=\"240\" src=\"https:\/\/denarius.no\/wp-content\/uploads\/2021\/10\/Protokollnr.-4353-360x240.jpg\" class=\"attachment-sober-blog-grid size-sober-blog-grid wp-post-image\" alt=\"\" \/><\/a>\r\n\t\t\t\t\t<div class=\"post-summary\">\r\n\t\t\t\t\t\t<div class=\"entry-meta\"><div class=\"entry-meta\"><span class=\"posted-on\"><time class=\"entry-date published updated\" datetime=\"2021-10-19T10:21:43+02:00\">19.10 2021<\/time><\/span><span class=\"cat-links\"> <a href=\"https:\/\/denarius.no\/no\/category\/uncategorized-no\/\" rel=\"category tag\">Uncategorized @no<\/a><\/span><\/div><\/div>\r\n\t\t\t\t\t\t<h3 class=\"entry-title\"><a href=\"https:\/\/denarius.no\/no\/once-in-a-lifetime-purchase-opportunity\/\" rel=\"bookmark\">Once-in-a-lifetime purchase opportunity!<\/a><\/h3>\r\n\t\t\t\t\t\t<div class=\"entry-summary\">By: Marius Ringsrud (fil. mag.) Denarius has recently acquired a very rare Norwegian proof 500 kroner banknote dated ca. 1900. As opposed to the grey-blue banknotes that circulated up to&hellip;<\/div>\r\n\t\t\t\t\t\t<a class=\"line-hover read-more active\" href=\"https:\/\/denarius.no\/no\/once-in-a-lifetime-purchase-opportunity\/\">Read More<\/a>\r\n\t\t\t\t\t<\/div>\r\n\t\t\t\t<\/div><div class=\"col-sm-6 col-md-4 post-34799 post type-post status-publish format-standard has-post-thumbnail hentry category-uncategorized-no\">\r\n\t\t\t\t\t<a href=\"https:\/\/denarius.no\/no\/levering-pa-dora\/\" class=\"post-thumbnail\"><img loading=\"lazy\" decoding=\"async\" width=\"360\" height=\"126\" src=\"https:\/\/denarius.no\/wp-content\/uploads\/2020\/03\/1.jpg\" class=\"attachment-sober-blog-grid size-sober-blog-grid wp-post-image\" alt=\"\" srcset=\"https:\/\/denarius.no\/wp-content\/uploads\/2020\/03\/1.jpg 2243w, https:\/\/denarius.no\/wp-content\/uploads\/2020\/03\/1-400x139.jpg 400w, https:\/\/denarius.no\/wp-content\/uploads\/2020\/03\/1-300x105.jpg 300w, https:\/\/denarius.no\/wp-content\/uploads\/2020\/03\/1-768x268.jpg 768w, https:\/\/denarius.no\/wp-content\/uploads\/2020\/03\/1-1024x357.jpg 1024w\" sizes=\"auto, (max-width: 360px) 100vw, 360px\" \/><\/a>\r\n\t\t\t\t\t<div class=\"post-summary\">\r\n\t\t\t\t\t\t<div class=\"entry-meta\"><div class=\"entry-meta\"><span class=\"posted-on\"><time class=\"entry-date published updated\" datetime=\"2020-03-14T09:18:46+01:00\">14.03 2020<\/time><\/span><span class=\"cat-links\"> <a href=\"https:\/\/denarius.no\/no\/category\/uncategorized-no\/\" rel=\"category tag\">Uncategorized @no<\/a><\/span><\/div><\/div>\r\n\t\t\t\t\t\t<h3 class=\"entry-title\"><a href=\"https:\/\/denarius.no\/no\/levering-pa-dora\/\" rel=\"bookmark\">LEVERING P\u00c5 D\u00d8RA<\/a><\/h3>\r\n\t\t\t\t\t\t<div class=\"entry-summary\">I forbindelse med koronaviruset tilbyr Denarius levering av mynter og pengesedler p\u00e5 d\u00f8ra til de fleste adresser. For et lite tillegg p\u00e5 50 kroner vil du ikke beh\u00f8ve \u00e5 bevege&hellip;<\/div>\r\n\t\t\t\t\t\t<a class=\"line-hover read-more active\" href=\"https:\/\/denarius.no\/no\/levering-pa-dora\/\">Read More<\/a>\r\n\t\t\t\t\t<\/div>\r\n\t\t\t\t<\/div><div class=\"col-sm-6 col-md-4 post-30747 post type-post status-publish format-standard has-post-thumbnail hentry category-uncategorized-no\">\r\n\t\t\t\t\t<a href=\"https:\/\/denarius.no\/no\/medaillen-for-aedel-daad\/\" class=\"post-thumbnail\"><img loading=\"lazy\" decoding=\"async\" width=\"360\" height=\"198\" src=\"https:\/\/denarius.no\/wp-content\/uploads\/2019\/04\/32-cc-jpg.jpg\" class=\"attachment-sober-blog-grid size-sober-blog-grid wp-post-image\" alt=\"\" srcset=\"https:\/\/denarius.no\/wp-content\/uploads\/2019\/04\/32-cc-jpg.jpg 1409w, https:\/\/denarius.no\/wp-content\/uploads\/2019\/04\/32-cc-jpg-400x220.jpg 400w, https:\/\/denarius.no\/wp-content\/uploads\/2019\/04\/32-cc-jpg-300x165.jpg 300w, https:\/\/denarius.no\/wp-content\/uploads\/2019\/04\/32-cc-jpg-768x422.jpg 768w, https:\/\/denarius.no\/wp-content\/uploads\/2019\/04\/32-cc-jpg-1024x563.jpg 1024w\" sizes=\"auto, (max-width: 360px) 100vw, 360px\" \/><\/a>\r\n\t\t\t\t\t<div class=\"post-summary\">\r\n\t\t\t\t\t\t<div class=\"entry-meta\"><div class=\"entry-meta\"><span class=\"posted-on\"><time class=\"entry-date published updated\" datetime=\"2019-04-09T23:07:01+02:00\">09.04 2019<\/time><\/span><span class=\"cat-links\"> <a href=\"https:\/\/denarius.no\/no\/category\/uncategorized-no\/\" rel=\"category tag\">Uncategorized @no<\/a><\/span><\/div><\/div>\r\n\t\t\t\t\t\t<h3 class=\"entry-title\"><a href=\"https:\/\/denarius.no\/no\/medaillen-for-aedel-daad\/\" rel=\"bookmark\">MEDAILLEN FOR \u00c6DEL DAAD<\/a><\/h3>\r\n\t\t\t\t\t\t<div class=\"entry-summary\">Av: Kjetil Kvist, numismatiker &amp; historiker. Da kong Oscar II innstiftet Medaillen for \u00c6del Daad i 1885, s\u00e5 skjedde det etter gundige unders\u00f8kelser og n\u00f8ye overveielse. Redningsmedaljen, som den ogs\u00e5&hellip;<\/div>\r\n\t\t\t\t\t\t<a class=\"line-hover read-more active\" href=\"https:\/\/denarius.no\/no\/medaillen-for-aedel-daad\/\">Read More<\/a>\r\n\t\t\t\t\t<\/div>\r\n\t\t\t\t<\/div><div class=\"col-sm-6 col-md-4 post-30147 post type-post status-publish format-standard has-post-thumbnail hentry category-uncategorized-no\">\r\n\t\t\t\t\t<a href=\"https:\/\/denarius.no\/no\/tordenskiolds-bloff\/\" class=\"post-thumbnail\"><img loading=\"lazy\" decoding=\"async\" width=\"193\" height=\"240\" src=\"https:\/\/denarius.no\/wp-content\/uploads\/2019\/03\/tord-e.jpg\" class=\"attachment-sober-blog-grid size-sober-blog-grid wp-post-image\" alt=\"\" srcset=\"https:\/\/denarius.no\/wp-content\/uploads\/2019\/03\/tord-e.jpg 1236w, https:\/\/denarius.no\/wp-content\/uploads\/2019\/03\/tord-e-80x100.jpg 80w, https:\/\/denarius.no\/wp-content\/uploads\/2019\/03\/tord-e-400x498.jpg 400w, https:\/\/denarius.no\/wp-content\/uploads\/2019\/03\/tord-e-241x300.jpg 241w, https:\/\/denarius.no\/wp-content\/uploads\/2019\/03\/tord-e-768x957.jpg 768w, https:\/\/denarius.no\/wp-content\/uploads\/2019\/03\/tord-e-822x1024.jpg 822w\" sizes=\"auto, (max-width: 193px) 100vw, 193px\" \/><\/a>\r\n\t\t\t\t\t<div class=\"post-summary\">\r\n\t\t\t\t\t\t<div class=\"entry-meta\"><div class=\"entry-meta\"><span class=\"posted-on\"><time class=\"entry-date published updated\" datetime=\"2019-03-19T19:54:00+01:00\">19.03 2019<\/time><\/span><span class=\"cat-links\"> <a href=\"https:\/\/denarius.no\/no\/category\/uncategorized-no\/\" rel=\"category tag\">Uncategorized @no<\/a><\/span><\/div><\/div>\r\n\t\t\t\t\t\t<h3 class=\"entry-title\"><a href=\"https:\/\/denarius.no\/no\/tordenskiolds-bloff\/\" rel=\"bookmark\">TORDENSKIOLDS BL\u00d8FF<\/a><\/h3>\r\n\t\t\t\t\t\t<div class=\"entry-summary\">I den nylig utgitte medaljekatalogen til Denarius er det illustrert en spennende medalje fra kong Frederik IV. Medaljen illustrerte slaget ved Marstrand 25. Juli 1719 hvor norske Tordenskiold spilte en&hellip;<\/div>\r\n\t\t\t\t\t\t<a class=\"line-hover read-more active\" href=\"https:\/\/denarius.no\/no\/tordenskiolds-bloff\/\">Read More<\/a>\r\n\t\t\t\t\t<\/div>\r\n\t\t\t\t<\/div><div class=\"col-sm-6 col-md-4 post-29937 post type-post status-publish format-standard has-post-thumbnail hentry category-uncategorized-no\">\r\n\t\t\t\t\t<a href=\"https:\/\/denarius.no\/no\/kong-sverres-mynter-og-skatten-fra-daeli-gard\/\" class=\"post-thumbnail\"><img loading=\"lazy\" decoding=\"async\" width=\"360\" height=\"220\" src=\"https:\/\/denarius.no\/wp-content\/uploads\/2019\/03\/2.42_SVART.jpg\" class=\"attachment-sober-blog-grid size-sober-blog-grid wp-post-image\" alt=\"\" srcset=\"https:\/\/denarius.no\/wp-content\/uploads\/2019\/03\/2.42_SVART.jpg 1327w, https:\/\/denarius.no\/wp-content\/uploads\/2019\/03\/2.42_SVART-400x245.jpg 400w, https:\/\/denarius.no\/wp-content\/uploads\/2019\/03\/2.42_SVART-300x184.jpg 300w, https:\/\/denarius.no\/wp-content\/uploads\/2019\/03\/2.42_SVART-768x470.jpg 768w, https:\/\/denarius.no\/wp-content\/uploads\/2019\/03\/2.42_SVART-1024x627.jpg 1024w\" sizes=\"auto, (max-width: 360px) 100vw, 360px\" \/><\/a>\r\n\t\t\t\t\t<div class=\"post-summary\">\r\n\t\t\t\t\t\t<div class=\"entry-meta\"><div class=\"entry-meta\"><span class=\"posted-on\"><time class=\"entry-date published updated\" datetime=\"2019-03-11T20:16:11+01:00\">11.03 2019<\/time><\/span><span class=\"cat-links\"> <a href=\"https:\/\/denarius.no\/no\/category\/uncategorized-no\/\" rel=\"category tag\">Uncategorized @no<\/a><\/span><\/div><\/div>\r\n\t\t\t\t\t\t<h3 class=\"entry-title\"><a href=\"https:\/\/denarius.no\/no\/kong-sverres-mynter-og-skatten-fra-daeli-gard\/\" rel=\"bookmark\">KONG SVERRES MYNTER OG SKATTEN FRA D\u00c6LI G\u00c5RD<\/a><\/h3>\r\n\t\t\t\t\t\t<div class=\"entry-summary\">Det er gjort fire viktige myntfunn fra kong Sverres tid. I ca. \u00e5r 1700 avdekte man en myntskatt p\u00e5 om lag 60 sm\u00e5 s\u00f8lvstykker. Dette er mynter man i hovedsak&hellip;<\/div>\r\n\t\t\t\t\t\t<a class=\"line-hover read-more active\" href=\"https:\/\/denarius.no\/no\/kong-sverres-mynter-og-skatten-fra-daeli-gard\/\">Read More<\/a>\r\n\t\t\t\t\t<\/div>\r\n\t\t\t\t<\/div><div class=\"col-sm-6 col-md-4 post-27899 post type-post status-publish format-standard has-post-thumbnail hentry category-uncategorized-no\">\r\n\t\t\t\t\t<a href=\"https:\/\/denarius.no\/no\/falck-muus-bergstadsmedalje-1944\/\" class=\"post-thumbnail\"><img loading=\"lazy\" decoding=\"async\" width=\"360\" height=\"125\" src=\"https:\/\/denarius.no\/wp-content\/uploads\/2018\/09\/2282-2283-scaled.jpg\" class=\"attachment-sober-blog-grid size-sober-blog-grid wp-post-image\" alt=\"\" srcset=\"https:\/\/denarius.no\/wp-content\/uploads\/2018\/09\/2282-2283-scaled.jpg 2560w, https:\/\/denarius.no\/wp-content\/uploads\/2018\/09\/2282-2283-scaled-400x139.jpg 400w, https:\/\/denarius.no\/wp-content\/uploads\/2018\/09\/2282-2283-300x104.jpg 300w, https:\/\/denarius.no\/wp-content\/uploads\/2018\/09\/2282-2283-768x267.jpg 768w, https:\/\/denarius.no\/wp-content\/uploads\/2018\/09\/2282-2283-1024x356.jpg 1024w\" sizes=\"auto, (max-width: 360px) 100vw, 360px\" \/><\/a>\r\n\t\t\t\t\t<div class=\"post-summary\">\r\n\t\t\t\t\t\t<div class=\"entry-meta\"><div class=\"entry-meta\"><span class=\"posted-on\"><time class=\"entry-date published updated\" datetime=\"2018-09-04T23:34:17+02:00\">04.09 2018<\/time><\/span><span class=\"cat-links\"> <a href=\"https:\/\/denarius.no\/no\/category\/uncategorized-no\/\" rel=\"category tag\">Uncategorized @no<\/a><\/span><\/div><\/div>\r\n\t\t\t\t\t\t<h3 class=\"entry-title\"><a href=\"https:\/\/denarius.no\/no\/falck-muus-bergstadsmedalje-1944\/\" rel=\"bookmark\">Falck-Muus&#8217; Bergstadsmedalje 1944<\/a><\/h3>\r\n\t\t\t\t\t\t<div class=\"entry-summary\">Vi har nylig f\u00e5tt inn et par medaljer fra krigens dager. Medaljene, som ble sl\u00e5tt til Bergstadens 300-\u00e5rsjubileum, hadde noen velkjente trekk fra norsk numismatisk historie. Spennende historie har de&hellip;<\/div>\r\n\t\t\t\t\t\t<a class=\"line-hover read-more active\" href=\"https:\/\/denarius.no\/no\/falck-muus-bergstadsmedalje-1944\/\">Read More<\/a>\r\n\t\t\t\t\t<\/div>\r\n\t\t\t\t<\/div><div class=\"col-sm-6 col-md-4 post-27449 post type-post status-publish format-standard has-post-thumbnail hentry category-uncategorized-no\">\r\n\t\t\t\t\t<a href=\"https:\/\/denarius.no\/no\/gratis-handlerkatalog-2018\/\" class=\"post-thumbnail\"><img loading=\"lazy\" decoding=\"async\" width=\"336\" height=\"240\" src=\"https:\/\/denarius.no\/wp-content\/uploads\/2018\/08\/ANNONSE-BRUK-DETTE-BILDET-2_clipped_rev_2.png\" class=\"attachment-sober-blog-grid size-sober-blog-grid wp-post-image\" alt=\"\" srcset=\"https:\/\/denarius.no\/wp-content\/uploads\/2018\/08\/ANNONSE-BRUK-DETTE-BILDET-2_clipped_rev_2.png 1035w, https:\/\/denarius.no\/wp-content\/uploads\/2018\/08\/ANNONSE-BRUK-DETTE-BILDET-2_clipped_rev_2-400x286.png 400w, https:\/\/denarius.no\/wp-content\/uploads\/2018\/08\/ANNONSE-BRUK-DETTE-BILDET-2_clipped_rev_2-300x214.png 300w, https:\/\/denarius.no\/wp-content\/uploads\/2018\/08\/ANNONSE-BRUK-DETTE-BILDET-2_clipped_rev_2-768x548.png 768w, https:\/\/denarius.no\/wp-content\/uploads\/2018\/08\/ANNONSE-BRUK-DETTE-BILDET-2_clipped_rev_2-1024x731.png 1024w\" sizes=\"auto, (max-width: 336px) 100vw, 336px\" \/><\/a>\r\n\t\t\t\t\t<div class=\"post-summary\">\r\n\t\t\t\t\t\t<div class=\"entry-meta\"><div class=\"entry-meta\"><span class=\"posted-on\"><time class=\"entry-date published updated\" datetime=\"2018-08-06T23:00:24+02:00\">06.08 2018<\/time><\/span><span class=\"cat-links\"> <a href=\"https:\/\/denarius.no\/no\/category\/uncategorized-no\/\" rel=\"category tag\">Uncategorized @no<\/a><\/span><\/div><\/div>\r\n\t\t\t\t\t\t<h3 class=\"entry-title\"><a href=\"https:\/\/denarius.no\/no\/gratis-handlerkatalog-2018\/\" rel=\"bookmark\">Gratis Handlerkatalog 2018<\/a><\/h3>\r\n\t\t\t\t\t\t<div class=\"entry-summary\">F\u00e5 gratis Handlerkatalog 2018 om du handler for mer enn 500,- innen s\u00f8ndag 12. august 2018. Tilbudet gjelder kunder i Norge og s\u00e5 langt lageret rekker. Kun en katalog pr.&hellip;<\/div>\r\n\t\t\t\t\t\t<a class=\"line-hover read-more active\" href=\"https:\/\/denarius.no\/no\/gratis-handlerkatalog-2018\/\">Read More<\/a>\r\n\t\t\t\t\t<\/div>\r\n\t\t\t\t<\/div><\/div>\r\n\t\t\t<\/div>[\/vc_column][\/vc_row]<\/p>\n<\/div>","protected":false},"excerpt":{"rendered":"<p>[vc_row][vc_column][\/vc_column][\/vc_row]<\/p>\n","protected":false},"author":5,"featured_media":0,"parent":0,"menu_order":0,"comment_status":"closed","ping_status":"closed","template":"","meta":{"_acf_changed":false,"footnotes":""},"class_list":["post-4035","page","type-page","status-publish","hentry"],"acf":[],"yoast_head":"<!-- This site is optimized with the Yoast SEO plugin v27.4 - https:\/\/yoast.com\/product\/yoast-seo-wordpress\/ -->\n<title>Nyheter &amp; Historier - Coin &amp; Banknote Specialist<\/title>\n<meta name=\"robots\" content=\"index, follow, max-snippet:-1, max-image-preview:large, max-video-preview:-1\" \/>\n<link rel=\"canonical\" href=\"https:\/\/denarius.no\/no\/nyheter-historier\/\" \/>\n<meta property=\"og:locale\" content=\"nb_NO\" \/>\n<meta property=\"og:type\" content=\"article\" \/>\n<meta property=\"og:title\" content=\"Nyheter &amp; Historier - Coin &amp; Banknote Specialist\" \/>\n<meta property=\"og:description\" content=\"[vc_row][vc_column][\/vc_column][\/vc_row]\" \/>\n<meta property=\"og:url\" content=\"https:\/\/denarius.no\/no\/nyheter-historier\/\" \/>\n<meta property=\"og:site_name\" content=\"Coin &amp; Banknote Specialist\" \/>\n<meta property=\"article:modified_time\" content=\"2020-07-29T06:43:53+00:00\" \/>\n<meta name=\"twitter:card\" content=\"summary_large_image\" \/>\n<script type=\"application\/ld+json\" class=\"yoast-schema-graph\">{\"@context\":\"https:\\\/\\\/schema.org\",\"@graph\":[{\"@type\":\"WebPage\",\"@id\":\"https:\\\/\\\/denarius.no\\\/no\\\/nyheter-historier\\\/\",\"url\":\"https:\\\/\\\/denarius.no\\\/no\\\/nyheter-historier\\\/\",\"name\":\"Nyheter & Historier - Coin &amp; Banknote Specialist\",\"isPartOf\":{\"@id\":\"https:\\\/\\\/denarius.no\\\/#website\"},\"datePublished\":\"2018-02-12T09:48:58+00:00\",\"dateModified\":\"2020-07-29T06:43:53+00:00\",\"breadcrumb\":{\"@id\":\"https:\\\/\\\/denarius.no\\\/no\\\/nyheter-historier\\\/#breadcrumb\"},\"inLanguage\":\"nb-NO\",\"potentialAction\":[{\"@type\":\"ReadAction\",\"target\":[\"https:\\\/\\\/denarius.no\\\/no\\\/nyheter-historier\\\/\"]}]},{\"@type\":\"BreadcrumbList\",\"@id\":\"https:\\\/\\\/denarius.no\\\/no\\\/nyheter-historier\\\/#breadcrumb\",\"itemListElement\":[{\"@type\":\"ListItem\",\"position\":1,\"name\":\"Home\",\"item\":\"https:\\\/\\\/denarius.no\\\/no\\\/coin-banknote-dealer-specialist\\\/\"},{\"@type\":\"ListItem\",\"position\":2,\"name\":\"Nyheter &#038; Historier\"}]},{\"@type\":\"WebSite\",\"@id\":\"https:\\\/\\\/denarius.no\\\/#website\",\"url\":\"https:\\\/\\\/denarius.no\\\/\",\"name\":\"Coin &amp; Banknote Specialist\",\"description\":\"Denarius\",\"potentialAction\":[{\"@type\":\"SearchAction\",\"target\":{\"@type\":\"EntryPoint\",\"urlTemplate\":\"https:\\\/\\\/denarius.no\\\/?s={search_term_string}\"},\"query-input\":{\"@type\":\"PropertyValueSpecification\",\"valueRequired\":true,\"valueName\":\"search_term_string\"}}],\"inLanguage\":\"nb-NO\"}]}<\/script>\n<!-- \/ Yoast SEO plugin. -->","yoast_head_json":{"title":"Nyheter & Historier - Coin &amp; Banknote Specialist","robots":{"index":"index","follow":"follow","max-snippet":"max-snippet:-1","max-image-preview":"max-image-preview:large","max-video-preview":"max-video-preview:-1"},"canonical":"https:\/\/denarius.no\/no\/nyheter-historier\/","og_locale":"nb_NO","og_type":"article","og_title":"Nyheter & Historier - Coin &amp; Banknote Specialist","og_description":"[vc_row][vc_column][\/vc_column][\/vc_row]","og_url":"https:\/\/denarius.no\/no\/nyheter-historier\/","og_site_name":"Coin &amp; Banknote Specialist","article_modified_time":"2020-07-29T06:43:53+00:00","twitter_card":"summary_large_image","schema":{"@context":"https:\/\/schema.org","@graph":[{"@type":"WebPage","@id":"https:\/\/denarius.no\/no\/nyheter-historier\/","url":"https:\/\/denarius.no\/no\/nyheter-historier\/","name":"Nyheter & Historier - Coin &amp; Banknote Specialist","isPartOf":{"@id":"https:\/\/denarius.no\/#website"},"datePublished":"2018-02-12T09:48:58+00:00","dateModified":"2020-07-29T06:43:53+00:00","breadcrumb":{"@id":"https:\/\/denarius.no\/no\/nyheter-historier\/#breadcrumb"},"inLanguage":"nb-NO","potentialAction":[{"@type":"ReadAction","target":["https:\/\/denarius.no\/no\/nyheter-historier\/"]}]},{"@type":"BreadcrumbList","@id":"https:\/\/denarius.no\/no\/nyheter-historier\/#breadcrumb","itemListElement":[{"@type":"ListItem","position":1,"name":"Home","item":"https:\/\/denarius.no\/no\/coin-banknote-dealer-specialist\/"},{"@type":"ListItem","position":2,"name":"Nyheter &#038; Historier"}]},{"@type":"WebSite","@id":"https:\/\/denarius.no\/#website","url":"https:\/\/denarius.no\/","name":"Coin &amp; Banknote Specialist","description":"Denarius","potentialAction":[{"@type":"SearchAction","target":{"@type":"EntryPoint","urlTemplate":"https:\/\/denarius.no\/?s={search_term_string}"},"query-input":{"@type":"PropertyValueSpecification","valueRequired":true,"valueName":"search_term_string"}}],"inLanguage":"nb-NO"}]}},"_links":{"self":[{"href":"https:\/\/denarius.no\/no\/wp-json\/wp\/v2\/pages\/4035","targetHints":{"allow":["GET"]}}],"collection":[{"href":"https:\/\/denarius.no\/no\/wp-json\/wp\/v2\/pages"}],"about":[{"href":"https:\/\/denarius.no\/no\/wp-json\/wp\/v2\/types\/page"}],"author":[{"embeddable":true,"href":"https:\/\/denarius.no\/no\/wp-json\/wp\/v2\/users\/5"}],"replies":[{"embeddable":true,"href":"https:\/\/denarius.no\/no\/wp-json\/wp\/v2\/comments?post=4035"}],"version-history":[{"count":0,"href":"https:\/\/denarius.no\/no\/wp-json\/wp\/v2\/pages\/4035\/revisions"}],"wp:attachment":[{"href":"https:\/\/denarius.no\/no\/wp-json\/wp\/v2\/media?parent=4035"}],"curies":[{"name":"wp","href":"https:\/\/api.w.org\/{rel}","templated":true}]}}