{"id":21732,"date":"2017-05-18T21:43:56","date_gmt":"2017-05-18T21:43:56","guid":{"rendered":"https:\/\/denarius.no\/?post_type=product&#038;p=21732"},"modified":"2025-03-25T10:20:45","modified_gmt":"2025-03-25T09:20:45","slug":"varldens-storsta-mynt-svenska-plaatmynt-1644-1776-2","status":"publish","type":"product","link":"https:\/\/denarius.no\/no\/product\/varldens-storsta-mynt-svenska-plaatmynt-1644-1776-2\/","title":{"rendered":"V\u00e4rldens st\u00f6rsta mynt. Svenska pl\u00e5tmynt 1644-1776."},"content":{"rendered":"","protected":false},"excerpt":{"rendered":"<p>Lagerqvist, Lars O. et al. (2008), \u00abV\u00e4rldens st\u00f6rsta mynt. Svenska pl\u00e5tmynt 1644-1776\u00bb. Kungliga Myntkabinettet, Stockholm (48 s.)<\/p>\n","protected":false},"featured_media":21733,"comment_status":"open","ping_status":"closed","template":"","meta":{"_acf_changed":false},"product_brand":[],"product_cat":[726,730,798],"product_tag":[],"class_list":{"0":"post-21732","1":"product","2":"type-product","3":"status-publish","4":"has-post-thumbnail","6":"product_cat-diverse","7":"product_cat-litteratur","8":"product_cat-sverige","10":"first","11":"instock","12":"purchasable","13":"product-type-simple","14":"layout-style-1","15":"col-md-4 col-sm-4 col-xs-6","16":"col-lg-3","17":"product-style-default"},"acf":[],"yoast_head":"<!-- This site is optimized with the Yoast SEO plugin v27.4 - https:\/\/yoast.com\/product\/yoast-seo-wordpress\/ -->\n<title>V\u00e4rldens st\u00f6rsta mynt. Svenska pl\u00e5tmynt 1644-1776. - Coin &amp; Banknote Specialist<\/title>\n<meta name=\"robots\" content=\"index, follow, max-snippet:-1, max-image-preview:large, max-video-preview:-1\" \/>\n<link rel=\"canonical\" href=\"https:\/\/denarius.no\/no\/product\/varldens-storsta-mynt-svenska-plaatmynt-1644-1776-2\/\" \/>\n<meta property=\"og:locale\" content=\"nb_NO\" \/>\n<meta property=\"og:type\" content=\"article\" \/>\n<meta property=\"og:title\" content=\"V\u00e4rldens st\u00f6rsta mynt. Svenska pl\u00e5tmynt 1644-1776. - Coin &amp; Banknote Specialist\" \/>\n<meta property=\"og:description\" content=\"Lagerqvist, Lars O. et al. (2008), \u00abV\u00e4rldens st\u00f6rsta mynt. Svenska pl\u00e5tmynt 1644-1776\u00bb. Kungliga Myntkabinettet, Stockholm (48 s.)\" \/>\n<meta property=\"og:url\" content=\"https:\/\/denarius.no\/no\/product\/varldens-storsta-mynt-svenska-plaatmynt-1644-1776-2\/\" \/>\n<meta property=\"og:site_name\" content=\"Coin &amp; Banknote Specialist\" \/>\n<meta property=\"article:modified_time\" content=\"2025-03-25T09:20:45+00:00\" \/>\n<meta property=\"og:image\" content=\"https:\/\/denarius.no\/wp-content\/uploads\/images\/products\/products-3320.jpg\" \/>\n\t<meta property=\"og:image:width\" content=\"1679\" \/>\n\t<meta property=\"og:image:height\" content=\"1647\" \/>\n\t<meta property=\"og:image:type\" content=\"image\/jpeg\" \/>\n<meta name=\"twitter:card\" content=\"summary_large_image\" \/>\n<script type=\"application\/ld+json\" class=\"yoast-schema-graph\">{\"@context\":\"https:\\\/\\\/schema.org\",\"@graph\":[{\"@type\":\"WebPage\",\"@id\":\"https:\\\/\\\/denarius.no\\\/no\\\/product\\\/varldens-storsta-mynt-svenska-plaatmynt-1644-1776-2\\\/\",\"url\":\"https:\\\/\\\/denarius.no\\\/no\\\/product\\\/varldens-storsta-mynt-svenska-plaatmynt-1644-1776-2\\\/\",\"name\":\"V\u00e4rldens st\u00f6rsta mynt. Svenska pl\u00e5tmynt 1644-1776. - Coin &amp; Banknote Specialist\",\"isPartOf\":{\"@id\":\"https:\\\/\\\/denarius.no\\\/#website\"},\"primaryImageOfPage\":{\"@id\":\"https:\\\/\\\/denarius.no\\\/no\\\/product\\\/varldens-storsta-mynt-svenska-plaatmynt-1644-1776-2\\\/#primaryimage\"},\"image\":{\"@id\":\"https:\\\/\\\/denarius.no\\\/no\\\/product\\\/varldens-storsta-mynt-svenska-plaatmynt-1644-1776-2\\\/#primaryimage\"},\"thumbnailUrl\":\"https:\\\/\\\/denarius.no\\\/wp-content\\\/uploads\\\/images\\\/products\\\/products-3320.jpg\",\"datePublished\":\"2017-05-18T21:43:56+00:00\",\"dateModified\":\"2025-03-25T09:20:45+00:00\",\"breadcrumb\":{\"@id\":\"https:\\\/\\\/denarius.no\\\/no\\\/product\\\/varldens-storsta-mynt-svenska-plaatmynt-1644-1776-2\\\/#breadcrumb\"},\"inLanguage\":\"nb-NO\",\"potentialAction\":[{\"@type\":\"ReadAction\",\"target\":[\"https:\\\/\\\/denarius.no\\\/no\\\/product\\\/varldens-storsta-mynt-svenska-plaatmynt-1644-1776-2\\\/\"]}]},{\"@type\":\"ImageObject\",\"inLanguage\":\"nb-NO\",\"@id\":\"https:\\\/\\\/denarius.no\\\/no\\\/product\\\/varldens-storsta-mynt-svenska-plaatmynt-1644-1776-2\\\/#primaryimage\",\"url\":\"https:\\\/\\\/denarius.no\\\/wp-content\\\/uploads\\\/images\\\/products\\\/products-3320.jpg\",\"contentUrl\":\"https:\\\/\\\/denarius.no\\\/wp-content\\\/uploads\\\/images\\\/products\\\/products-3320.jpg\",\"width\":1679,\"height\":1647,\"caption\":\"V\u00e4rldens st\u00f6rsta mynt. Svenska pl\u00e5tmynt 1644-1776.\"},{\"@type\":\"BreadcrumbList\",\"@id\":\"https:\\\/\\\/denarius.no\\\/no\\\/product\\\/varldens-storsta-mynt-svenska-plaatmynt-1644-1776-2\\\/#breadcrumb\",\"itemListElement\":[{\"@type\":\"ListItem\",\"position\":1,\"name\":\"Home\",\"item\":\"https:\\\/\\\/denarius.no\\\/no\\\/coin-banknote-dealer-specialist\\\/\"},{\"@type\":\"ListItem\",\"position\":2,\"name\":\"Nettbutikk\",\"item\":\"https:\\\/\\\/denarius.no\\\/no\\\/shop\\\/\"},{\"@type\":\"ListItem\",\"position\":3,\"name\":\"V\u00e4rldens st\u00f6rsta mynt. Svenska pl\u00e5tmynt 1644-1776.\"}]},{\"@type\":\"WebSite\",\"@id\":\"https:\\\/\\\/denarius.no\\\/#website\",\"url\":\"https:\\\/\\\/denarius.no\\\/\",\"name\":\"Coin &amp; Banknote Specialist\",\"description\":\"Denarius\",\"potentialAction\":[{\"@type\":\"SearchAction\",\"target\":{\"@type\":\"EntryPoint\",\"urlTemplate\":\"https:\\\/\\\/denarius.no\\\/?s={search_term_string}\"},\"query-input\":{\"@type\":\"PropertyValueSpecification\",\"valueRequired\":true,\"valueName\":\"search_term_string\"}}],\"inLanguage\":\"nb-NO\"}]}<\/script>\n<!-- \/ Yoast SEO plugin. -->","yoast_head_json":{"title":"V\u00e4rldens st\u00f6rsta mynt. Svenska pl\u00e5tmynt 1644-1776. - Coin &amp; Banknote Specialist","robots":{"index":"index","follow":"follow","max-snippet":"max-snippet:-1","max-image-preview":"max-image-preview:large","max-video-preview":"max-video-preview:-1"},"canonical":"https:\/\/denarius.no\/no\/product\/varldens-storsta-mynt-svenska-plaatmynt-1644-1776-2\/","og_locale":"nb_NO","og_type":"article","og_title":"V\u00e4rldens st\u00f6rsta mynt. Svenska pl\u00e5tmynt 1644-1776. - Coin &amp; Banknote Specialist","og_description":"Lagerqvist, Lars O. et al. (2008), \u00abV\u00e4rldens st\u00f6rsta mynt. Svenska pl\u00e5tmynt 1644-1776\u00bb. Kungliga Myntkabinettet, Stockholm (48 s.)","og_url":"https:\/\/denarius.no\/no\/product\/varldens-storsta-mynt-svenska-plaatmynt-1644-1776-2\/","og_site_name":"Coin &amp; Banknote Specialist","article_modified_time":"2025-03-25T09:20:45+00:00","og_image":[{"width":1679,"height":1647,"url":"https:\/\/denarius.no\/wp-content\/uploads\/images\/products\/products-3320.jpg","type":"image\/jpeg"}],"twitter_card":"summary_large_image","schema":{"@context":"https:\/\/schema.org","@graph":[{"@type":"WebPage","@id":"https:\/\/denarius.no\/no\/product\/varldens-storsta-mynt-svenska-plaatmynt-1644-1776-2\/","url":"https:\/\/denarius.no\/no\/product\/varldens-storsta-mynt-svenska-plaatmynt-1644-1776-2\/","name":"V\u00e4rldens st\u00f6rsta mynt. Svenska pl\u00e5tmynt 1644-1776. - Coin &amp; Banknote Specialist","isPartOf":{"@id":"https:\/\/denarius.no\/#website"},"primaryImageOfPage":{"@id":"https:\/\/denarius.no\/no\/product\/varldens-storsta-mynt-svenska-plaatmynt-1644-1776-2\/#primaryimage"},"image":{"@id":"https:\/\/denarius.no\/no\/product\/varldens-storsta-mynt-svenska-plaatmynt-1644-1776-2\/#primaryimage"},"thumbnailUrl":"https:\/\/denarius.no\/wp-content\/uploads\/images\/products\/products-3320.jpg","datePublished":"2017-05-18T21:43:56+00:00","dateModified":"2025-03-25T09:20:45+00:00","breadcrumb":{"@id":"https:\/\/denarius.no\/no\/product\/varldens-storsta-mynt-svenska-plaatmynt-1644-1776-2\/#breadcrumb"},"inLanguage":"nb-NO","potentialAction":[{"@type":"ReadAction","target":["https:\/\/denarius.no\/no\/product\/varldens-storsta-mynt-svenska-plaatmynt-1644-1776-2\/"]}]},{"@type":"ImageObject","inLanguage":"nb-NO","@id":"https:\/\/denarius.no\/no\/product\/varldens-storsta-mynt-svenska-plaatmynt-1644-1776-2\/#primaryimage","url":"https:\/\/denarius.no\/wp-content\/uploads\/images\/products\/products-3320.jpg","contentUrl":"https:\/\/denarius.no\/wp-content\/uploads\/images\/products\/products-3320.jpg","width":1679,"height":1647,"caption":"V\u00e4rldens st\u00f6rsta mynt. Svenska pl\u00e5tmynt 1644-1776."},{"@type":"BreadcrumbList","@id":"https:\/\/denarius.no\/no\/product\/varldens-storsta-mynt-svenska-plaatmynt-1644-1776-2\/#breadcrumb","itemListElement":[{"@type":"ListItem","position":1,"name":"Home","item":"https:\/\/denarius.no\/no\/coin-banknote-dealer-specialist\/"},{"@type":"ListItem","position":2,"name":"Nettbutikk","item":"https:\/\/denarius.no\/no\/shop\/"},{"@type":"ListItem","position":3,"name":"V\u00e4rldens st\u00f6rsta mynt. Svenska pl\u00e5tmynt 1644-1776."}]},{"@type":"WebSite","@id":"https:\/\/denarius.no\/#website","url":"https:\/\/denarius.no\/","name":"Coin &amp; Banknote Specialist","description":"Denarius","potentialAction":[{"@type":"SearchAction","target":{"@type":"EntryPoint","urlTemplate":"https:\/\/denarius.no\/?s={search_term_string}"},"query-input":{"@type":"PropertyValueSpecification","valueRequired":true,"valueName":"search_term_string"}}],"inLanguage":"nb-NO"}]}},"_links":{"self":[{"href":"https:\/\/denarius.no\/no\/wp-json\/wp\/v2\/product\/21732","targetHints":{"allow":["GET"]}}],"collection":[{"href":"https:\/\/denarius.no\/no\/wp-json\/wp\/v2\/product"}],"about":[{"href":"https:\/\/denarius.no\/no\/wp-json\/wp\/v2\/types\/product"}],"replies":[{"embeddable":true,"href":"https:\/\/denarius.no\/no\/wp-json\/wp\/v2\/comments?post=21732"}],"wp:featuredmedia":[{"embeddable":true,"href":"https:\/\/denarius.no\/no\/wp-json\/wp\/v2\/media\/21733"}],"wp:attachment":[{"href":"https:\/\/denarius.no\/no\/wp-json\/wp\/v2\/media?parent=21732"}],"wp:term":[{"taxonomy":"product_brand","embeddable":true,"href":"https:\/\/denarius.no\/no\/wp-json\/wp\/v2\/product_brand?post=21732"},{"taxonomy":"product_cat","embeddable":true,"href":"https:\/\/denarius.no\/no\/wp-json\/wp\/v2\/product_cat?post=21732"},{"taxonomy":"product_tag","embeddable":true,"href":"https:\/\/denarius.no\/no\/wp-json\/wp\/v2\/product_tag?post=21732"}],"curies":[{"name":"wp","href":"https:\/\/api.w.org\/{rel}","templated":true}]}}