{"id":25818,"date":"2018-05-18T22:01:53","date_gmt":"2018-05-18T22:01:53","guid":{"rendered":"https:\/\/denarius.no\/?post_type=product&#038;p=25818"},"modified":"2025-03-25T10:22:57","modified_gmt":"2025-03-25T09:22:57","slug":"nederland-lovedaalder-1615","status":"publish","type":"product","link":"https:\/\/denarius.no\/no\/product\/nederland-lovedaalder-1615\/","title":{"rendered":"Nederland, l\u00f8vedaalder 1615"},"content":{"rendered":"<p>&nbsp;<\/p>\n<p>&nbsp;<\/p>\n","protected":false},"excerpt":{"rendered":"<p>Nederland, l\u00f8vedaalder fra 1615, sl\u00e5tt i Utrecht. Kv. 1. Referanse: KM 13. Vekt: 26,9 g.<\/p>\n<p>Protokollnr. 2143<\/p>\n","protected":false},"featured_media":25823,"comment_status":"open","ping_status":"closed","template":"","meta":{"_acf_changed":false},"product_brand":[],"product_cat":[736,744,796],"product_tag":[],"class_list":{"0":"post-25818","1":"product","2":"type-product","3":"status-publish","4":"has-post-thumbnail","6":"product_cat-hele-verden","7":"product_cat-europa-2","8":"product_cat-benelux-2","10":"first","11":"instock","12":"shipping-taxable","13":"purchasable","14":"product-type-simple","15":"layout-style-1","16":"col-md-4 col-sm-4 col-xs-6","17":"col-lg-3","18":"product-has-gallery","19":"product-style-default"},"acf":[],"yoast_head":"<!-- This site is optimized with the Yoast SEO plugin v27.3 - https:\/\/yoast.com\/product\/yoast-seo-wordpress\/ -->\n<title>Nederland, l\u00f8vedaalder 1615 - Coin &amp; Banknote Specialist<\/title>\n<meta name=\"robots\" content=\"index, follow, max-snippet:-1, max-image-preview:large, max-video-preview:-1\" \/>\n<link rel=\"canonical\" href=\"https:\/\/denarius.no\/no\/product\/nederland-lovedaalder-1615\/\" \/>\n<meta property=\"og:locale\" content=\"nb_NO\" \/>\n<meta property=\"og:type\" content=\"article\" \/>\n<meta property=\"og:title\" content=\"Nederland, l\u00f8vedaalder 1615 - Coin &amp; Banknote Specialist\" \/>\n<meta property=\"og:description\" content=\"Nederland, l\u00f8vedaalder fra 1615, sl\u00e5tt i Utrecht. Kv. 1. Referanse: KM 13. Vekt: 26,9 g.  Protokollnr. 2143\" \/>\n<meta property=\"og:url\" content=\"https:\/\/denarius.no\/no\/product\/nederland-lovedaalder-1615\/\" \/>\n<meta property=\"og:site_name\" content=\"Coin &amp; Banknote Specialist\" \/>\n<meta property=\"article:modified_time\" content=\"2025-03-25T09:22:57+00:00\" \/>\n<meta property=\"og:image\" content=\"https:\/\/denarius.no\/wp-content\/uploads\/2018\/05\/Protokollnr.-2143_clipped_rev_1.jpg\" \/>\n\t<meta property=\"og:image:width\" content=\"2046\" \/>\n\t<meta property=\"og:image:height\" content=\"2050\" \/>\n\t<meta property=\"og:image:type\" content=\"image\/jpeg\" \/>\n<meta name=\"twitter:card\" content=\"summary_large_image\" \/>\n<script type=\"application\/ld+json\" class=\"yoast-schema-graph\">{\"@context\":\"https:\\\/\\\/schema.org\",\"@graph\":[{\"@type\":\"WebPage\",\"@id\":\"https:\\\/\\\/denarius.no\\\/no\\\/product\\\/nederland-lovedaalder-1615\\\/\",\"url\":\"https:\\\/\\\/denarius.no\\\/no\\\/product\\\/nederland-lovedaalder-1615\\\/\",\"name\":\"Nederland, l\u00f8vedaalder 1615 - Coin &amp; Banknote Specialist\",\"isPartOf\":{\"@id\":\"https:\\\/\\\/denarius.no\\\/#website\"},\"primaryImageOfPage\":{\"@id\":\"https:\\\/\\\/denarius.no\\\/no\\\/product\\\/nederland-lovedaalder-1615\\\/#primaryimage\"},\"image\":{\"@id\":\"https:\\\/\\\/denarius.no\\\/no\\\/product\\\/nederland-lovedaalder-1615\\\/#primaryimage\"},\"thumbnailUrl\":\"https:\\\/\\\/denarius.no\\\/wp-content\\\/uploads\\\/2018\\\/05\\\/Protokollnr.-2143_clipped_rev_1.jpg\",\"datePublished\":\"2018-05-18T22:01:53+00:00\",\"dateModified\":\"2025-03-25T09:22:57+00:00\",\"breadcrumb\":{\"@id\":\"https:\\\/\\\/denarius.no\\\/no\\\/product\\\/nederland-lovedaalder-1615\\\/#breadcrumb\"},\"inLanguage\":\"nb-NO\",\"potentialAction\":[{\"@type\":\"ReadAction\",\"target\":[\"https:\\\/\\\/denarius.no\\\/no\\\/product\\\/nederland-lovedaalder-1615\\\/\"]}]},{\"@type\":\"ImageObject\",\"inLanguage\":\"nb-NO\",\"@id\":\"https:\\\/\\\/denarius.no\\\/no\\\/product\\\/nederland-lovedaalder-1615\\\/#primaryimage\",\"url\":\"https:\\\/\\\/denarius.no\\\/wp-content\\\/uploads\\\/2018\\\/05\\\/Protokollnr.-2143_clipped_rev_1.jpg\",\"contentUrl\":\"https:\\\/\\\/denarius.no\\\/wp-content\\\/uploads\\\/2018\\\/05\\\/Protokollnr.-2143_clipped_rev_1.jpg\",\"width\":2046,\"height\":2050},{\"@type\":\"BreadcrumbList\",\"@id\":\"https:\\\/\\\/denarius.no\\\/no\\\/product\\\/nederland-lovedaalder-1615\\\/#breadcrumb\",\"itemListElement\":[{\"@type\":\"ListItem\",\"position\":1,\"name\":\"Home\",\"item\":\"https:\\\/\\\/denarius.no\\\/no\\\/coin-banknote-dealer-specialist\\\/\"},{\"@type\":\"ListItem\",\"position\":2,\"name\":\"Nettbutikk\",\"item\":\"https:\\\/\\\/denarius.no\\\/no\\\/shop\\\/\"},{\"@type\":\"ListItem\",\"position\":3,\"name\":\"Nederland, l\u00f8vedaalder 1615\"}]},{\"@type\":\"WebSite\",\"@id\":\"https:\\\/\\\/denarius.no\\\/#website\",\"url\":\"https:\\\/\\\/denarius.no\\\/\",\"name\":\"Coin &amp; Banknote Specialist\",\"description\":\"Denarius\",\"potentialAction\":[{\"@type\":\"SearchAction\",\"target\":{\"@type\":\"EntryPoint\",\"urlTemplate\":\"https:\\\/\\\/denarius.no\\\/?s={search_term_string}\"},\"query-input\":{\"@type\":\"PropertyValueSpecification\",\"valueRequired\":true,\"valueName\":\"search_term_string\"}}],\"inLanguage\":\"nb-NO\"}]}<\/script>\n<!-- \/ Yoast SEO plugin. -->","yoast_head_json":{"title":"Nederland, l\u00f8vedaalder 1615 - Coin &amp; Banknote Specialist","robots":{"index":"index","follow":"follow","max-snippet":"max-snippet:-1","max-image-preview":"max-image-preview:large","max-video-preview":"max-video-preview:-1"},"canonical":"https:\/\/denarius.no\/no\/product\/nederland-lovedaalder-1615\/","og_locale":"nb_NO","og_type":"article","og_title":"Nederland, l\u00f8vedaalder 1615 - Coin &amp; Banknote Specialist","og_description":"Nederland, l\u00f8vedaalder fra 1615, sl\u00e5tt i Utrecht. Kv. 1. Referanse: KM 13. Vekt: 26,9 g.  Protokollnr. 2143","og_url":"https:\/\/denarius.no\/no\/product\/nederland-lovedaalder-1615\/","og_site_name":"Coin &amp; Banknote Specialist","article_modified_time":"2025-03-25T09:22:57+00:00","og_image":[{"width":2046,"height":2050,"url":"https:\/\/denarius.no\/wp-content\/uploads\/2018\/05\/Protokollnr.-2143_clipped_rev_1.jpg","type":"image\/jpeg"}],"twitter_card":"summary_large_image","schema":{"@context":"https:\/\/schema.org","@graph":[{"@type":"WebPage","@id":"https:\/\/denarius.no\/no\/product\/nederland-lovedaalder-1615\/","url":"https:\/\/denarius.no\/no\/product\/nederland-lovedaalder-1615\/","name":"Nederland, l\u00f8vedaalder 1615 - Coin &amp; Banknote Specialist","isPartOf":{"@id":"https:\/\/denarius.no\/#website"},"primaryImageOfPage":{"@id":"https:\/\/denarius.no\/no\/product\/nederland-lovedaalder-1615\/#primaryimage"},"image":{"@id":"https:\/\/denarius.no\/no\/product\/nederland-lovedaalder-1615\/#primaryimage"},"thumbnailUrl":"https:\/\/denarius.no\/wp-content\/uploads\/2018\/05\/Protokollnr.-2143_clipped_rev_1.jpg","datePublished":"2018-05-18T22:01:53+00:00","dateModified":"2025-03-25T09:22:57+00:00","breadcrumb":{"@id":"https:\/\/denarius.no\/no\/product\/nederland-lovedaalder-1615\/#breadcrumb"},"inLanguage":"nb-NO","potentialAction":[{"@type":"ReadAction","target":["https:\/\/denarius.no\/no\/product\/nederland-lovedaalder-1615\/"]}]},{"@type":"ImageObject","inLanguage":"nb-NO","@id":"https:\/\/denarius.no\/no\/product\/nederland-lovedaalder-1615\/#primaryimage","url":"https:\/\/denarius.no\/wp-content\/uploads\/2018\/05\/Protokollnr.-2143_clipped_rev_1.jpg","contentUrl":"https:\/\/denarius.no\/wp-content\/uploads\/2018\/05\/Protokollnr.-2143_clipped_rev_1.jpg","width":2046,"height":2050},{"@type":"BreadcrumbList","@id":"https:\/\/denarius.no\/no\/product\/nederland-lovedaalder-1615\/#breadcrumb","itemListElement":[{"@type":"ListItem","position":1,"name":"Home","item":"https:\/\/denarius.no\/no\/coin-banknote-dealer-specialist\/"},{"@type":"ListItem","position":2,"name":"Nettbutikk","item":"https:\/\/denarius.no\/no\/shop\/"},{"@type":"ListItem","position":3,"name":"Nederland, l\u00f8vedaalder 1615"}]},{"@type":"WebSite","@id":"https:\/\/denarius.no\/#website","url":"https:\/\/denarius.no\/","name":"Coin &amp; Banknote Specialist","description":"Denarius","potentialAction":[{"@type":"SearchAction","target":{"@type":"EntryPoint","urlTemplate":"https:\/\/denarius.no\/?s={search_term_string}"},"query-input":{"@type":"PropertyValueSpecification","valueRequired":true,"valueName":"search_term_string"}}],"inLanguage":"nb-NO"}]}},"_links":{"self":[{"href":"https:\/\/denarius.no\/no\/wp-json\/wp\/v2\/product\/25818","targetHints":{"allow":["GET"]}}],"collection":[{"href":"https:\/\/denarius.no\/no\/wp-json\/wp\/v2\/product"}],"about":[{"href":"https:\/\/denarius.no\/no\/wp-json\/wp\/v2\/types\/product"}],"replies":[{"embeddable":true,"href":"https:\/\/denarius.no\/no\/wp-json\/wp\/v2\/comments?post=25818"}],"wp:featuredmedia":[{"embeddable":true,"href":"https:\/\/denarius.no\/no\/wp-json\/wp\/v2\/media\/25823"}],"wp:attachment":[{"href":"https:\/\/denarius.no\/no\/wp-json\/wp\/v2\/media?parent=25818"}],"wp:term":[{"taxonomy":"product_brand","embeddable":true,"href":"https:\/\/denarius.no\/no\/wp-json\/wp\/v2\/product_brand?post=25818"},{"taxonomy":"product_cat","embeddable":true,"href":"https:\/\/denarius.no\/no\/wp-json\/wp\/v2\/product_cat?post=25818"},{"taxonomy":"product_tag","embeddable":true,"href":"https:\/\/denarius.no\/no\/wp-json\/wp\/v2\/product_tag?post=25818"}],"curies":[{"name":"wp","href":"https:\/\/api.w.org\/{rel}","templated":true}]}}