{"id":31913,"date":"2019-07-26T01:11:51","date_gmt":"2019-07-25T23:11:51","guid":{"rendered":"https:\/\/denarius.no\/product\/sverige-kongens-tapperhet-og\/"},"modified":"2025-03-25T10:27:33","modified_gmt":"2025-03-25T09:27:33","slug":"sverige-kongens-tapperhet-og","status":"publish","type":"product","link":"https:\/\/denarius.no\/no\/product\/sverige-kongens-tapperhet-og\/","title":{"rendered":"Sverige, kongens tapperhet og omtanke 1680"},"content":{"rendered":"","protected":false},"excerpt":{"rendered":"<p>Sverige, medalje fra 1680 (u. \u00e5r), sl\u00e5tt under kong Karl XI av medalj\u00f8r A. Karlsten. Medaljen markerte kongens tapperhet og omtanke &#8211; egenskaper som p\u00e5 sine vis hadde gjenreist Sveriges velferd og \u00e6re. Referanse: Hildebrand (1874\/5) 77. Vekt: 2,5 g.<\/p>\n<p>Protokollnr. 2835<\/p>\n","protected":false},"featured_media":31910,"comment_status":"open","ping_status":"closed","template":"","meta":{"_acf_changed":false},"product_brand":[],"product_cat":[726,728],"product_tag":[],"class_list":{"0":"post-31913","1":"product","2":"type-product","3":"status-publish","4":"has-post-thumbnail","6":"product_cat-diverse","7":"product_cat-medaljer","9":"first","10":"instock","11":"shipping-taxable","12":"purchasable","13":"product-type-simple","14":"layout-style-1","15":"col-md-4 col-sm-4 col-xs-6","16":"col-lg-3","17":"product-has-gallery","18":"product-style-default"},"acf":[],"yoast_head":"<!-- This site is optimized with the Yoast SEO plugin v27.3 - https:\/\/yoast.com\/product\/yoast-seo-wordpress\/ -->\n<title>Sverige, kongens tapperhet og omtanke 1680 - Coin &amp; Banknote Specialist<\/title>\n<meta name=\"robots\" content=\"index, follow, max-snippet:-1, max-image-preview:large, max-video-preview:-1\" \/>\n<link rel=\"canonical\" href=\"https:\/\/denarius.no\/no\/product\/sverige-kongens-tapperhet-og\/\" \/>\n<meta property=\"og:locale\" content=\"nb_NO\" \/>\n<meta property=\"og:type\" content=\"article\" \/>\n<meta property=\"og:title\" content=\"Sverige, kongens tapperhet og omtanke 1680 - Coin &amp; Banknote Specialist\" \/>\n<meta property=\"og:description\" content=\"Sverige, medalje fra 1680 (u. \u00e5r), sl\u00e5tt under kong Karl XI av medalj\u00f8r A. Karlsten. Medaljen markerte kongens tapperhet og omtanke - egenskaper som p\u00e5 sine vis hadde gjenreist Sveriges velferd og \u00e6re. Referanse: Hildebrand (1874\/5) 77. Vekt: 2,5 g.  Protokollnr. 2835\" \/>\n<meta property=\"og:url\" content=\"https:\/\/denarius.no\/no\/product\/sverige-kongens-tapperhet-og\/\" \/>\n<meta property=\"og:site_name\" content=\"Coin &amp; Banknote Specialist\" \/>\n<meta property=\"article:modified_time\" content=\"2025-03-25T09:27:33+00:00\" \/>\n<meta property=\"og:image\" content=\"https:\/\/denarius.no\/wp-content\/uploads\/2019\/07\/Protokollnr.-2835.jpg\" \/>\n\t<meta property=\"og:image:width\" content=\"1062\" \/>\n\t<meta property=\"og:image:height\" content=\"1066\" \/>\n\t<meta property=\"og:image:type\" content=\"image\/jpeg\" \/>\n<meta name=\"twitter:card\" content=\"summary_large_image\" \/>\n<script type=\"application\/ld+json\" class=\"yoast-schema-graph\">{\"@context\":\"https:\\\/\\\/schema.org\",\"@graph\":[{\"@type\":\"WebPage\",\"@id\":\"https:\\\/\\\/denarius.no\\\/no\\\/product\\\/sverige-kongens-tapperhet-og\\\/\",\"url\":\"https:\\\/\\\/denarius.no\\\/no\\\/product\\\/sverige-kongens-tapperhet-og\\\/\",\"name\":\"Sverige, kongens tapperhet og omtanke 1680 - Coin &amp; Banknote Specialist\",\"isPartOf\":{\"@id\":\"https:\\\/\\\/denarius.no\\\/#website\"},\"primaryImageOfPage\":{\"@id\":\"https:\\\/\\\/denarius.no\\\/no\\\/product\\\/sverige-kongens-tapperhet-og\\\/#primaryimage\"},\"image\":{\"@id\":\"https:\\\/\\\/denarius.no\\\/no\\\/product\\\/sverige-kongens-tapperhet-og\\\/#primaryimage\"},\"thumbnailUrl\":\"https:\\\/\\\/denarius.no\\\/wp-content\\\/uploads\\\/2019\\\/07\\\/Protokollnr.-2835.jpg\",\"datePublished\":\"2019-07-25T23:11:51+00:00\",\"dateModified\":\"2025-03-25T09:27:33+00:00\",\"breadcrumb\":{\"@id\":\"https:\\\/\\\/denarius.no\\\/no\\\/product\\\/sverige-kongens-tapperhet-og\\\/#breadcrumb\"},\"inLanguage\":\"nb-NO\",\"potentialAction\":[{\"@type\":\"ReadAction\",\"target\":[\"https:\\\/\\\/denarius.no\\\/no\\\/product\\\/sverige-kongens-tapperhet-og\\\/\"]}]},{\"@type\":\"ImageObject\",\"inLanguage\":\"nb-NO\",\"@id\":\"https:\\\/\\\/denarius.no\\\/no\\\/product\\\/sverige-kongens-tapperhet-og\\\/#primaryimage\",\"url\":\"https:\\\/\\\/denarius.no\\\/wp-content\\\/uploads\\\/2019\\\/07\\\/Protokollnr.-2835.jpg\",\"contentUrl\":\"https:\\\/\\\/denarius.no\\\/wp-content\\\/uploads\\\/2019\\\/07\\\/Protokollnr.-2835.jpg\",\"width\":1062,\"height\":1066},{\"@type\":\"BreadcrumbList\",\"@id\":\"https:\\\/\\\/denarius.no\\\/no\\\/product\\\/sverige-kongens-tapperhet-og\\\/#breadcrumb\",\"itemListElement\":[{\"@type\":\"ListItem\",\"position\":1,\"name\":\"Home\",\"item\":\"https:\\\/\\\/denarius.no\\\/no\\\/coin-banknote-dealer-specialist\\\/\"},{\"@type\":\"ListItem\",\"position\":2,\"name\":\"Nettbutikk\",\"item\":\"https:\\\/\\\/denarius.no\\\/no\\\/shop\\\/\"},{\"@type\":\"ListItem\",\"position\":3,\"name\":\"Sverige, kongens tapperhet og omtanke 1680\"}]},{\"@type\":\"WebSite\",\"@id\":\"https:\\\/\\\/denarius.no\\\/#website\",\"url\":\"https:\\\/\\\/denarius.no\\\/\",\"name\":\"Coin &amp; Banknote Specialist\",\"description\":\"Denarius\",\"potentialAction\":[{\"@type\":\"SearchAction\",\"target\":{\"@type\":\"EntryPoint\",\"urlTemplate\":\"https:\\\/\\\/denarius.no\\\/?s={search_term_string}\"},\"query-input\":{\"@type\":\"PropertyValueSpecification\",\"valueRequired\":true,\"valueName\":\"search_term_string\"}}],\"inLanguage\":\"nb-NO\"}]}<\/script>\n<!-- \/ Yoast SEO plugin. -->","yoast_head_json":{"title":"Sverige, kongens tapperhet og omtanke 1680 - Coin &amp; Banknote Specialist","robots":{"index":"index","follow":"follow","max-snippet":"max-snippet:-1","max-image-preview":"max-image-preview:large","max-video-preview":"max-video-preview:-1"},"canonical":"https:\/\/denarius.no\/no\/product\/sverige-kongens-tapperhet-og\/","og_locale":"nb_NO","og_type":"article","og_title":"Sverige, kongens tapperhet og omtanke 1680 - Coin &amp; Banknote Specialist","og_description":"Sverige, medalje fra 1680 (u. \u00e5r), sl\u00e5tt under kong Karl XI av medalj\u00f8r A. Karlsten. Medaljen markerte kongens tapperhet og omtanke - egenskaper som p\u00e5 sine vis hadde gjenreist Sveriges velferd og \u00e6re. Referanse: Hildebrand (1874\/5) 77. Vekt: 2,5 g.  Protokollnr. 2835","og_url":"https:\/\/denarius.no\/no\/product\/sverige-kongens-tapperhet-og\/","og_site_name":"Coin &amp; Banknote Specialist","article_modified_time":"2025-03-25T09:27:33+00:00","og_image":[{"width":1062,"height":1066,"url":"https:\/\/denarius.no\/wp-content\/uploads\/2019\/07\/Protokollnr.-2835.jpg","type":"image\/jpeg"}],"twitter_card":"summary_large_image","schema":{"@context":"https:\/\/schema.org","@graph":[{"@type":"WebPage","@id":"https:\/\/denarius.no\/no\/product\/sverige-kongens-tapperhet-og\/","url":"https:\/\/denarius.no\/no\/product\/sverige-kongens-tapperhet-og\/","name":"Sverige, kongens tapperhet og omtanke 1680 - Coin &amp; Banknote Specialist","isPartOf":{"@id":"https:\/\/denarius.no\/#website"},"primaryImageOfPage":{"@id":"https:\/\/denarius.no\/no\/product\/sverige-kongens-tapperhet-og\/#primaryimage"},"image":{"@id":"https:\/\/denarius.no\/no\/product\/sverige-kongens-tapperhet-og\/#primaryimage"},"thumbnailUrl":"https:\/\/denarius.no\/wp-content\/uploads\/2019\/07\/Protokollnr.-2835.jpg","datePublished":"2019-07-25T23:11:51+00:00","dateModified":"2025-03-25T09:27:33+00:00","breadcrumb":{"@id":"https:\/\/denarius.no\/no\/product\/sverige-kongens-tapperhet-og\/#breadcrumb"},"inLanguage":"nb-NO","potentialAction":[{"@type":"ReadAction","target":["https:\/\/denarius.no\/no\/product\/sverige-kongens-tapperhet-og\/"]}]},{"@type":"ImageObject","inLanguage":"nb-NO","@id":"https:\/\/denarius.no\/no\/product\/sverige-kongens-tapperhet-og\/#primaryimage","url":"https:\/\/denarius.no\/wp-content\/uploads\/2019\/07\/Protokollnr.-2835.jpg","contentUrl":"https:\/\/denarius.no\/wp-content\/uploads\/2019\/07\/Protokollnr.-2835.jpg","width":1062,"height":1066},{"@type":"BreadcrumbList","@id":"https:\/\/denarius.no\/no\/product\/sverige-kongens-tapperhet-og\/#breadcrumb","itemListElement":[{"@type":"ListItem","position":1,"name":"Home","item":"https:\/\/denarius.no\/no\/coin-banknote-dealer-specialist\/"},{"@type":"ListItem","position":2,"name":"Nettbutikk","item":"https:\/\/denarius.no\/no\/shop\/"},{"@type":"ListItem","position":3,"name":"Sverige, kongens tapperhet og omtanke 1680"}]},{"@type":"WebSite","@id":"https:\/\/denarius.no\/#website","url":"https:\/\/denarius.no\/","name":"Coin &amp; Banknote Specialist","description":"Denarius","potentialAction":[{"@type":"SearchAction","target":{"@type":"EntryPoint","urlTemplate":"https:\/\/denarius.no\/?s={search_term_string}"},"query-input":{"@type":"PropertyValueSpecification","valueRequired":true,"valueName":"search_term_string"}}],"inLanguage":"nb-NO"}]}},"_links":{"self":[{"href":"https:\/\/denarius.no\/no\/wp-json\/wp\/v2\/product\/31913","targetHints":{"allow":["GET"]}}],"collection":[{"href":"https:\/\/denarius.no\/no\/wp-json\/wp\/v2\/product"}],"about":[{"href":"https:\/\/denarius.no\/no\/wp-json\/wp\/v2\/types\/product"}],"replies":[{"embeddable":true,"href":"https:\/\/denarius.no\/no\/wp-json\/wp\/v2\/comments?post=31913"}],"wp:featuredmedia":[{"embeddable":true,"href":"https:\/\/denarius.no\/no\/wp-json\/wp\/v2\/media\/31910"}],"wp:attachment":[{"href":"https:\/\/denarius.no\/no\/wp-json\/wp\/v2\/media?parent=31913"}],"wp:term":[{"taxonomy":"product_brand","embeddable":true,"href":"https:\/\/denarius.no\/no\/wp-json\/wp\/v2\/product_brand?post=31913"},{"taxonomy":"product_cat","embeddable":true,"href":"https:\/\/denarius.no\/no\/wp-json\/wp\/v2\/product_cat?post=31913"},{"taxonomy":"product_tag","embeddable":true,"href":"https:\/\/denarius.no\/no\/wp-json\/wp\/v2\/product_tag?post=31913"}],"curies":[{"name":"wp","href":"https:\/\/api.w.org\/{rel}","templated":true}]}}