{"id":40838,"date":"2021-08-30T21:28:35","date_gmt":"2021-08-30T19:29:54","guid":{"rendered":"https:\/\/denarius.no\/?post_type=product&#038;p=40838"},"modified":"2025-03-25T10:31:24","modified_gmt":"2025-03-25T09:31:24","slug":"5-ore-1941","status":"publish","type":"product","link":"https:\/\/denarius.no\/no\/product\/5-ore-1941\/","title":{"rendered":"5 \u00f8re 1941"},"content":{"rendered":"","protected":false},"excerpt":{"rendered":"<p>5 \u00f8re fra 1941, sl\u00e5tt under tysk okkupasjon\u00a0i Norge. Kv. 0\/01 (rust!). NM 282. 6,89 g.<\/p>\n<p>Protokollnr. 1288<\/p>\n<p>&nbsp;<\/p>\n","protected":false},"featured_media":40835,"comment_status":"closed","ping_status":"closed","template":"","meta":{"_acf_changed":false},"product_brand":[],"product_cat":[748,828],"product_tag":[],"class_list":{"0":"post-40838","1":"product","2":"type-product","3":"status-publish","4":"has-post-thumbnail","6":"product_cat-norge-etter-1874","7":"product_cat-5-re-2","9":"first","10":"instock","11":"shipping-taxable","12":"purchasable","13":"product-type-simple","14":"layout-style-1","15":"col-md-4 col-sm-4 col-xs-6","16":"col-lg-3","17":"product-has-gallery","18":"product-style-default"},"acf":[],"yoast_head":"<!-- This site is optimized with the Yoast SEO plugin v27.3 - https:\/\/yoast.com\/product\/yoast-seo-wordpress\/ -->\n<title>5 \u00f8re 1941 - Coin &amp; Banknote Specialist<\/title>\n<meta name=\"robots\" content=\"index, follow, max-snippet:-1, max-image-preview:large, max-video-preview:-1\" \/>\n<link rel=\"canonical\" href=\"https:\/\/denarius.no\/no\/product\/5-ore-1941\/\" \/>\n<meta property=\"og:locale\" content=\"nb_NO\" \/>\n<meta property=\"og:type\" content=\"article\" \/>\n<meta property=\"og:title\" content=\"5 \u00f8re 1941 - Coin &amp; Banknote Specialist\" \/>\n<meta property=\"og:description\" content=\"5 \u00f8re fra 1941, sl\u00e5tt under tysk okkupasjon\u00a0i Norge. Kv. 0\/01 (rust!). NM 282. 6,89 g.  Protokollnr. 1288  &nbsp;\" \/>\n<meta property=\"og:url\" content=\"https:\/\/denarius.no\/no\/product\/5-ore-1941\/\" \/>\n<meta property=\"og:site_name\" content=\"Coin &amp; Banknote Specialist\" \/>\n<meta property=\"article:modified_time\" content=\"2025-03-25T09:31:24+00:00\" \/>\n<meta property=\"og:image\" content=\"https:\/\/denarius.no\/wp-content\/uploads\/2021\/08\/1941.jpg\" \/>\n\t<meta property=\"og:image:width\" content=\"2128\" \/>\n\t<meta property=\"og:image:height\" content=\"2108\" \/>\n\t<meta property=\"og:image:type\" content=\"image\/jpeg\" \/>\n<meta name=\"twitter:card\" content=\"summary_large_image\" \/>\n<script type=\"application\/ld+json\" class=\"yoast-schema-graph\">{\"@context\":\"https:\\\/\\\/schema.org\",\"@graph\":[{\"@type\":\"WebPage\",\"@id\":\"https:\\\/\\\/denarius.no\\\/no\\\/product\\\/5-ore-1941\\\/\",\"url\":\"https:\\\/\\\/denarius.no\\\/no\\\/product\\\/5-ore-1941\\\/\",\"name\":\"5 \u00f8re 1941 - Coin &amp; Banknote Specialist\",\"isPartOf\":{\"@id\":\"https:\\\/\\\/denarius.no\\\/#website\"},\"primaryImageOfPage\":{\"@id\":\"https:\\\/\\\/denarius.no\\\/no\\\/product\\\/5-ore-1941\\\/#primaryimage\"},\"image\":{\"@id\":\"https:\\\/\\\/denarius.no\\\/no\\\/product\\\/5-ore-1941\\\/#primaryimage\"},\"thumbnailUrl\":\"https:\\\/\\\/denarius.no\\\/wp-content\\\/uploads\\\/2021\\\/08\\\/1941.jpg\",\"datePublished\":\"2021-08-30T19:29:54+00:00\",\"dateModified\":\"2025-03-25T09:31:24+00:00\",\"breadcrumb\":{\"@id\":\"https:\\\/\\\/denarius.no\\\/no\\\/product\\\/5-ore-1941\\\/#breadcrumb\"},\"inLanguage\":\"nb-NO\",\"potentialAction\":[{\"@type\":\"ReadAction\",\"target\":[\"https:\\\/\\\/denarius.no\\\/no\\\/product\\\/5-ore-1941\\\/\"]}]},{\"@type\":\"ImageObject\",\"inLanguage\":\"nb-NO\",\"@id\":\"https:\\\/\\\/denarius.no\\\/no\\\/product\\\/5-ore-1941\\\/#primaryimage\",\"url\":\"https:\\\/\\\/denarius.no\\\/wp-content\\\/uploads\\\/2021\\\/08\\\/1941.jpg\",\"contentUrl\":\"https:\\\/\\\/denarius.no\\\/wp-content\\\/uploads\\\/2021\\\/08\\\/1941.jpg\",\"width\":2128,\"height\":2108},{\"@type\":\"BreadcrumbList\",\"@id\":\"https:\\\/\\\/denarius.no\\\/no\\\/product\\\/5-ore-1941\\\/#breadcrumb\",\"itemListElement\":[{\"@type\":\"ListItem\",\"position\":1,\"name\":\"Home\",\"item\":\"https:\\\/\\\/denarius.no\\\/no\\\/coin-banknote-dealer-specialist\\\/\"},{\"@type\":\"ListItem\",\"position\":2,\"name\":\"Nettbutikk\",\"item\":\"https:\\\/\\\/denarius.no\\\/no\\\/shop\\\/\"},{\"@type\":\"ListItem\",\"position\":3,\"name\":\"5 \u00f8re 1941\"}]},{\"@type\":\"WebSite\",\"@id\":\"https:\\\/\\\/denarius.no\\\/#website\",\"url\":\"https:\\\/\\\/denarius.no\\\/\",\"name\":\"Coin &amp; Banknote Specialist\",\"description\":\"Denarius\",\"potentialAction\":[{\"@type\":\"SearchAction\",\"target\":{\"@type\":\"EntryPoint\",\"urlTemplate\":\"https:\\\/\\\/denarius.no\\\/?s={search_term_string}\"},\"query-input\":{\"@type\":\"PropertyValueSpecification\",\"valueRequired\":true,\"valueName\":\"search_term_string\"}}],\"inLanguage\":\"nb-NO\"}]}<\/script>\n<!-- \/ Yoast SEO plugin. -->","yoast_head_json":{"title":"5 \u00f8re 1941 - Coin &amp; Banknote Specialist","robots":{"index":"index","follow":"follow","max-snippet":"max-snippet:-1","max-image-preview":"max-image-preview:large","max-video-preview":"max-video-preview:-1"},"canonical":"https:\/\/denarius.no\/no\/product\/5-ore-1941\/","og_locale":"nb_NO","og_type":"article","og_title":"5 \u00f8re 1941 - Coin &amp; Banknote Specialist","og_description":"5 \u00f8re fra 1941, sl\u00e5tt under tysk okkupasjon\u00a0i Norge. Kv. 0\/01 (rust!). NM 282. 6,89 g.  Protokollnr. 1288  &nbsp;","og_url":"https:\/\/denarius.no\/no\/product\/5-ore-1941\/","og_site_name":"Coin &amp; Banknote Specialist","article_modified_time":"2025-03-25T09:31:24+00:00","og_image":[{"width":2128,"height":2108,"url":"https:\/\/denarius.no\/wp-content\/uploads\/2021\/08\/1941.jpg","type":"image\/jpeg"}],"twitter_card":"summary_large_image","schema":{"@context":"https:\/\/schema.org","@graph":[{"@type":"WebPage","@id":"https:\/\/denarius.no\/no\/product\/5-ore-1941\/","url":"https:\/\/denarius.no\/no\/product\/5-ore-1941\/","name":"5 \u00f8re 1941 - Coin &amp; Banknote Specialist","isPartOf":{"@id":"https:\/\/denarius.no\/#website"},"primaryImageOfPage":{"@id":"https:\/\/denarius.no\/no\/product\/5-ore-1941\/#primaryimage"},"image":{"@id":"https:\/\/denarius.no\/no\/product\/5-ore-1941\/#primaryimage"},"thumbnailUrl":"https:\/\/denarius.no\/wp-content\/uploads\/2021\/08\/1941.jpg","datePublished":"2021-08-30T19:29:54+00:00","dateModified":"2025-03-25T09:31:24+00:00","breadcrumb":{"@id":"https:\/\/denarius.no\/no\/product\/5-ore-1941\/#breadcrumb"},"inLanguage":"nb-NO","potentialAction":[{"@type":"ReadAction","target":["https:\/\/denarius.no\/no\/product\/5-ore-1941\/"]}]},{"@type":"ImageObject","inLanguage":"nb-NO","@id":"https:\/\/denarius.no\/no\/product\/5-ore-1941\/#primaryimage","url":"https:\/\/denarius.no\/wp-content\/uploads\/2021\/08\/1941.jpg","contentUrl":"https:\/\/denarius.no\/wp-content\/uploads\/2021\/08\/1941.jpg","width":2128,"height":2108},{"@type":"BreadcrumbList","@id":"https:\/\/denarius.no\/no\/product\/5-ore-1941\/#breadcrumb","itemListElement":[{"@type":"ListItem","position":1,"name":"Home","item":"https:\/\/denarius.no\/no\/coin-banknote-dealer-specialist\/"},{"@type":"ListItem","position":2,"name":"Nettbutikk","item":"https:\/\/denarius.no\/no\/shop\/"},{"@type":"ListItem","position":3,"name":"5 \u00f8re 1941"}]},{"@type":"WebSite","@id":"https:\/\/denarius.no\/#website","url":"https:\/\/denarius.no\/","name":"Coin &amp; Banknote Specialist","description":"Denarius","potentialAction":[{"@type":"SearchAction","target":{"@type":"EntryPoint","urlTemplate":"https:\/\/denarius.no\/?s={search_term_string}"},"query-input":{"@type":"PropertyValueSpecification","valueRequired":true,"valueName":"search_term_string"}}],"inLanguage":"nb-NO"}]}},"_links":{"self":[{"href":"https:\/\/denarius.no\/no\/wp-json\/wp\/v2\/product\/40838","targetHints":{"allow":["GET"]}}],"collection":[{"href":"https:\/\/denarius.no\/no\/wp-json\/wp\/v2\/product"}],"about":[{"href":"https:\/\/denarius.no\/no\/wp-json\/wp\/v2\/types\/product"}],"replies":[{"embeddable":true,"href":"https:\/\/denarius.no\/no\/wp-json\/wp\/v2\/comments?post=40838"}],"wp:featuredmedia":[{"embeddable":true,"href":"https:\/\/denarius.no\/no\/wp-json\/wp\/v2\/media\/40835"}],"wp:attachment":[{"href":"https:\/\/denarius.no\/no\/wp-json\/wp\/v2\/media?parent=40838"}],"wp:term":[{"taxonomy":"product_brand","embeddable":true,"href":"https:\/\/denarius.no\/no\/wp-json\/wp\/v2\/product_brand?post=40838"},{"taxonomy":"product_cat","embeddable":true,"href":"https:\/\/denarius.no\/no\/wp-json\/wp\/v2\/product_cat?post=40838"},{"taxonomy":"product_tag","embeddable":true,"href":"https:\/\/denarius.no\/no\/wp-json\/wp\/v2\/product_tag?post=40838"}],"curies":[{"name":"wp","href":"https:\/\/api.w.org\/{rel}","templated":true}]}}