{"id":42538,"date":"2022-02-22T21:55:14","date_gmt":"2022-02-22T20:57:26","guid":{"rendered":"https:\/\/denarius.no\/?post_type=product&#038;p=42538"},"modified":"2025-03-25T10:34:34","modified_gmt":"2025-03-25T09:34:34","slug":"faeroyene-5-kroner-1929-1933","status":"publish","type":"product","link":"https:\/\/denarius.no\/no\/product\/faeroyene-5-kroner-1929-1933\/","title":{"rendered":"F\u00e6r\u00f8yene, 5 kroner 1929-1933"},"content":{"rendered":"","protected":false},"excerpt":{"rendered":"<p>F\u00e6r\u00f8yene, 5 kroner fra 1929-1933 (u. \u00e5r), sl\u00e5tt for S.P. Petersen Eftf, Fuglefjord. Kv. 1+ (fl.). S. 24. 7,2 g.<\/p>\n<p>Protokollnr. 3693<\/p>\n","protected":false},"featured_media":42537,"comment_status":"closed","ping_status":"closed","template":"","meta":{"_acf_changed":false},"product_brand":[],"product_cat":[736,744,804],"product_tag":[],"class_list":{"0":"post-42538","1":"product","2":"type-product","3":"status-publish","4":"has-post-thumbnail","6":"product_cat-hele-verden","7":"product_cat-europa-2","8":"product_cat-diverse-2","10":"first","11":"instock","12":"shipping-taxable","13":"purchasable","14":"product-type-simple","15":"layout-style-1","16":"col-md-4 col-sm-4 col-xs-6","17":"col-lg-3","18":"product-has-gallery","19":"product-style-default"},"acf":[],"yoast_head":"<!-- This site is optimized with the Yoast SEO plugin v27.3 - https:\/\/yoast.com\/product\/yoast-seo-wordpress\/ -->\n<title>F\u00e6r\u00f8yene, 5 kroner 1929-1933 - Coin &amp; Banknote Specialist<\/title>\n<meta name=\"robots\" content=\"index, follow, max-snippet:-1, max-image-preview:large, max-video-preview:-1\" \/>\n<link rel=\"canonical\" href=\"https:\/\/denarius.no\/no\/product\/faeroyene-5-kroner-1929-1933\/\" \/>\n<meta property=\"og:locale\" content=\"nb_NO\" \/>\n<meta property=\"og:type\" content=\"article\" \/>\n<meta property=\"og:title\" content=\"F\u00e6r\u00f8yene, 5 kroner 1929-1933 - Coin &amp; Banknote Specialist\" \/>\n<meta property=\"og:description\" content=\"F\u00e6r\u00f8yene, 5 kroner fra 1929-1933 (u. \u00e5r), sl\u00e5tt for S.P. Petersen Eftf, Fuglefjord. Kv. 1+ (fl.). S. 24. 7,2 g.  Protokollnr. 3693\" \/>\n<meta property=\"og:url\" content=\"https:\/\/denarius.no\/no\/product\/faeroyene-5-kroner-1929-1933\/\" \/>\n<meta property=\"og:site_name\" content=\"Coin &amp; Banknote Specialist\" \/>\n<meta property=\"article:modified_time\" content=\"2025-03-25T09:34:34+00:00\" \/>\n<meta property=\"og:image\" content=\"https:\/\/denarius.no\/wp-content\/uploads\/2022\/02\/Protokollnr.-3693.jpg\" \/>\n\t<meta property=\"og:image:width\" content=\"2109\" \/>\n\t<meta property=\"og:image:height\" content=\"2078\" \/>\n\t<meta property=\"og:image:type\" content=\"image\/jpeg\" \/>\n<meta name=\"twitter:card\" content=\"summary_large_image\" \/>\n<script type=\"application\/ld+json\" class=\"yoast-schema-graph\">{\"@context\":\"https:\\\/\\\/schema.org\",\"@graph\":[{\"@type\":\"WebPage\",\"@id\":\"https:\\\/\\\/denarius.no\\\/no\\\/product\\\/faeroyene-5-kroner-1929-1933\\\/\",\"url\":\"https:\\\/\\\/denarius.no\\\/no\\\/product\\\/faeroyene-5-kroner-1929-1933\\\/\",\"name\":\"F\u00e6r\u00f8yene, 5 kroner 1929-1933 - Coin &amp; Banknote Specialist\",\"isPartOf\":{\"@id\":\"https:\\\/\\\/denarius.no\\\/#website\"},\"primaryImageOfPage\":{\"@id\":\"https:\\\/\\\/denarius.no\\\/no\\\/product\\\/faeroyene-5-kroner-1929-1933\\\/#primaryimage\"},\"image\":{\"@id\":\"https:\\\/\\\/denarius.no\\\/no\\\/product\\\/faeroyene-5-kroner-1929-1933\\\/#primaryimage\"},\"thumbnailUrl\":\"https:\\\/\\\/denarius.no\\\/wp-content\\\/uploads\\\/2022\\\/02\\\/Protokollnr.-3693.jpg\",\"datePublished\":\"2022-02-22T20:57:26+00:00\",\"dateModified\":\"2025-03-25T09:34:34+00:00\",\"breadcrumb\":{\"@id\":\"https:\\\/\\\/denarius.no\\\/no\\\/product\\\/faeroyene-5-kroner-1929-1933\\\/#breadcrumb\"},\"inLanguage\":\"nb-NO\",\"potentialAction\":[{\"@type\":\"ReadAction\",\"target\":[\"https:\\\/\\\/denarius.no\\\/no\\\/product\\\/faeroyene-5-kroner-1929-1933\\\/\"]}]},{\"@type\":\"ImageObject\",\"inLanguage\":\"nb-NO\",\"@id\":\"https:\\\/\\\/denarius.no\\\/no\\\/product\\\/faeroyene-5-kroner-1929-1933\\\/#primaryimage\",\"url\":\"https:\\\/\\\/denarius.no\\\/wp-content\\\/uploads\\\/2022\\\/02\\\/Protokollnr.-3693.jpg\",\"contentUrl\":\"https:\\\/\\\/denarius.no\\\/wp-content\\\/uploads\\\/2022\\\/02\\\/Protokollnr.-3693.jpg\",\"width\":2109,\"height\":2078},{\"@type\":\"BreadcrumbList\",\"@id\":\"https:\\\/\\\/denarius.no\\\/no\\\/product\\\/faeroyene-5-kroner-1929-1933\\\/#breadcrumb\",\"itemListElement\":[{\"@type\":\"ListItem\",\"position\":1,\"name\":\"Home\",\"item\":\"https:\\\/\\\/denarius.no\\\/no\\\/coin-banknote-dealer-specialist\\\/\"},{\"@type\":\"ListItem\",\"position\":2,\"name\":\"Nettbutikk\",\"item\":\"https:\\\/\\\/denarius.no\\\/no\\\/shop\\\/\"},{\"@type\":\"ListItem\",\"position\":3,\"name\":\"F\u00e6r\u00f8yene, 5 kroner 1929-1933\"}]},{\"@type\":\"WebSite\",\"@id\":\"https:\\\/\\\/denarius.no\\\/#website\",\"url\":\"https:\\\/\\\/denarius.no\\\/\",\"name\":\"Coin &amp; Banknote Specialist\",\"description\":\"Denarius\",\"potentialAction\":[{\"@type\":\"SearchAction\",\"target\":{\"@type\":\"EntryPoint\",\"urlTemplate\":\"https:\\\/\\\/denarius.no\\\/?s={search_term_string}\"},\"query-input\":{\"@type\":\"PropertyValueSpecification\",\"valueRequired\":true,\"valueName\":\"search_term_string\"}}],\"inLanguage\":\"nb-NO\"}]}<\/script>\n<!-- \/ Yoast SEO plugin. -->","yoast_head_json":{"title":"F\u00e6r\u00f8yene, 5 kroner 1929-1933 - Coin &amp; Banknote Specialist","robots":{"index":"index","follow":"follow","max-snippet":"max-snippet:-1","max-image-preview":"max-image-preview:large","max-video-preview":"max-video-preview:-1"},"canonical":"https:\/\/denarius.no\/no\/product\/faeroyene-5-kroner-1929-1933\/","og_locale":"nb_NO","og_type":"article","og_title":"F\u00e6r\u00f8yene, 5 kroner 1929-1933 - Coin &amp; Banknote Specialist","og_description":"F\u00e6r\u00f8yene, 5 kroner fra 1929-1933 (u. \u00e5r), sl\u00e5tt for S.P. Petersen Eftf, Fuglefjord. Kv. 1+ (fl.). S. 24. 7,2 g.  Protokollnr. 3693","og_url":"https:\/\/denarius.no\/no\/product\/faeroyene-5-kroner-1929-1933\/","og_site_name":"Coin &amp; Banknote Specialist","article_modified_time":"2025-03-25T09:34:34+00:00","og_image":[{"width":2109,"height":2078,"url":"https:\/\/denarius.no\/wp-content\/uploads\/2022\/02\/Protokollnr.-3693.jpg","type":"image\/jpeg"}],"twitter_card":"summary_large_image","schema":{"@context":"https:\/\/schema.org","@graph":[{"@type":"WebPage","@id":"https:\/\/denarius.no\/no\/product\/faeroyene-5-kroner-1929-1933\/","url":"https:\/\/denarius.no\/no\/product\/faeroyene-5-kroner-1929-1933\/","name":"F\u00e6r\u00f8yene, 5 kroner 1929-1933 - Coin &amp; Banknote Specialist","isPartOf":{"@id":"https:\/\/denarius.no\/#website"},"primaryImageOfPage":{"@id":"https:\/\/denarius.no\/no\/product\/faeroyene-5-kroner-1929-1933\/#primaryimage"},"image":{"@id":"https:\/\/denarius.no\/no\/product\/faeroyene-5-kroner-1929-1933\/#primaryimage"},"thumbnailUrl":"https:\/\/denarius.no\/wp-content\/uploads\/2022\/02\/Protokollnr.-3693.jpg","datePublished":"2022-02-22T20:57:26+00:00","dateModified":"2025-03-25T09:34:34+00:00","breadcrumb":{"@id":"https:\/\/denarius.no\/no\/product\/faeroyene-5-kroner-1929-1933\/#breadcrumb"},"inLanguage":"nb-NO","potentialAction":[{"@type":"ReadAction","target":["https:\/\/denarius.no\/no\/product\/faeroyene-5-kroner-1929-1933\/"]}]},{"@type":"ImageObject","inLanguage":"nb-NO","@id":"https:\/\/denarius.no\/no\/product\/faeroyene-5-kroner-1929-1933\/#primaryimage","url":"https:\/\/denarius.no\/wp-content\/uploads\/2022\/02\/Protokollnr.-3693.jpg","contentUrl":"https:\/\/denarius.no\/wp-content\/uploads\/2022\/02\/Protokollnr.-3693.jpg","width":2109,"height":2078},{"@type":"BreadcrumbList","@id":"https:\/\/denarius.no\/no\/product\/faeroyene-5-kroner-1929-1933\/#breadcrumb","itemListElement":[{"@type":"ListItem","position":1,"name":"Home","item":"https:\/\/denarius.no\/no\/coin-banknote-dealer-specialist\/"},{"@type":"ListItem","position":2,"name":"Nettbutikk","item":"https:\/\/denarius.no\/no\/shop\/"},{"@type":"ListItem","position":3,"name":"F\u00e6r\u00f8yene, 5 kroner 1929-1933"}]},{"@type":"WebSite","@id":"https:\/\/denarius.no\/#website","url":"https:\/\/denarius.no\/","name":"Coin &amp; Banknote Specialist","description":"Denarius","potentialAction":[{"@type":"SearchAction","target":{"@type":"EntryPoint","urlTemplate":"https:\/\/denarius.no\/?s={search_term_string}"},"query-input":{"@type":"PropertyValueSpecification","valueRequired":true,"valueName":"search_term_string"}}],"inLanguage":"nb-NO"}]}},"_links":{"self":[{"href":"https:\/\/denarius.no\/no\/wp-json\/wp\/v2\/product\/42538","targetHints":{"allow":["GET"]}}],"collection":[{"href":"https:\/\/denarius.no\/no\/wp-json\/wp\/v2\/product"}],"about":[{"href":"https:\/\/denarius.no\/no\/wp-json\/wp\/v2\/types\/product"}],"replies":[{"embeddable":true,"href":"https:\/\/denarius.no\/no\/wp-json\/wp\/v2\/comments?post=42538"}],"wp:featuredmedia":[{"embeddable":true,"href":"https:\/\/denarius.no\/no\/wp-json\/wp\/v2\/media\/42537"}],"wp:attachment":[{"href":"https:\/\/denarius.no\/no\/wp-json\/wp\/v2\/media?parent=42538"}],"wp:term":[{"taxonomy":"product_brand","embeddable":true,"href":"https:\/\/denarius.no\/no\/wp-json\/wp\/v2\/product_brand?post=42538"},{"taxonomy":"product_cat","embeddable":true,"href":"https:\/\/denarius.no\/no\/wp-json\/wp\/v2\/product_cat?post=42538"},{"taxonomy":"product_tag","embeddable":true,"href":"https:\/\/denarius.no\/no\/wp-json\/wp\/v2\/product_tag?post=42538"}],"curies":[{"name":"wp","href":"https:\/\/api.w.org\/{rel}","templated":true}]}}