{"id":42680,"date":"2022-03-07T22:51:01","date_gmt":"2022-03-07T21:52:56","guid":{"rendered":"https:\/\/denarius.no\/?post_type=product&#038;p=42680"},"modified":"2025-03-25T10:34:24","modified_gmt":"2025-03-25T09:34:24","slug":"tyskland-brakteat-1160-1177-2","status":"publish","type":"product","link":"https:\/\/denarius.no\/no\/product\/tyskland-brakteat-1160-1177-2\/","title":{"rendered":"Tyskland, brakteat 1160-1177"},"content":{"rendered":"","protected":false},"excerpt":{"rendered":"<p>Tyskland, brakteat fra 1160-1177, sl\u00e5tt under biskop Gero von Schermbke i Halberstadt. Kv. god 01. Nydelig patina. Adv: St. Stephan med l\u00f8ftede hender. Biskop Gero von Schermbke med bispestav under. Berger 1288; Bonhoff 465. Eks. Auktion Hauck &amp; Aufh\u00e4user 17:1474 (M\u00fcnchen 2003). 0,85 g.<\/p>\n<p>Protocol no. 4599<\/p>\n","protected":false},"featured_media":42677,"comment_status":"closed","ping_status":"closed","template":"","meta":{"_acf_changed":false},"product_brand":[],"product_cat":[736,744,802],"product_tag":[],"class_list":{"0":"post-42680","1":"product","2":"type-product","3":"status-publish","4":"has-post-thumbnail","6":"product_cat-hele-verden","7":"product_cat-europa-2","8":"product_cat-preussen-tyskland-sterrike","10":"first","11":"instock","12":"shipping-taxable","13":"purchasable","14":"product-type-simple","15":"layout-style-1","16":"col-md-4 col-sm-4 col-xs-6","17":"col-lg-3","18":"product-has-gallery","19":"product-style-default"},"acf":[],"yoast_head":"<!-- This site is optimized with the Yoast SEO plugin v27.4 - https:\/\/yoast.com\/product\/yoast-seo-wordpress\/ -->\n<title>Tyskland, brakteat 1160-1177 - Coin &amp; Banknote Specialist<\/title>\n<meta name=\"robots\" content=\"index, follow, max-snippet:-1, max-image-preview:large, max-video-preview:-1\" \/>\n<link rel=\"canonical\" href=\"https:\/\/denarius.no\/no\/product\/tyskland-brakteat-1160-1177-2\/\" \/>\n<meta property=\"og:locale\" content=\"nb_NO\" \/>\n<meta property=\"og:type\" content=\"article\" \/>\n<meta property=\"og:title\" content=\"Tyskland, brakteat 1160-1177 - Coin &amp; Banknote Specialist\" \/>\n<meta property=\"og:description\" content=\"Tyskland, brakteat fra 1160-1177, sl\u00e5tt under biskop Gero von Schermbke i Halberstadt. Kv. god 01. Nydelig patina. Adv: St. Stephan med l\u00f8ftede hender. Biskop Gero von Schermbke med bispestav under. Berger 1288; Bonhoff 465. Eks. Auktion Hauck &amp; Aufh\u00e4user 17:1474 (M\u00fcnchen 2003). 0,85 g.  Protocol no. 4599\" \/>\n<meta property=\"og:url\" content=\"https:\/\/denarius.no\/no\/product\/tyskland-brakteat-1160-1177-2\/\" \/>\n<meta property=\"og:site_name\" content=\"Coin &amp; Banknote Specialist\" \/>\n<meta property=\"article:modified_time\" content=\"2025-03-25T09:34:24+00:00\" \/>\n<meta property=\"og:image\" content=\"https:\/\/denarius.no\/wp-content\/uploads\/2022\/03\/Protokollnr.-4599.jpg\" \/>\n\t<meta property=\"og:image:width\" content=\"2069\" \/>\n\t<meta property=\"og:image:height\" content=\"2027\" \/>\n\t<meta property=\"og:image:type\" content=\"image\/jpeg\" \/>\n<meta name=\"twitter:card\" content=\"summary_large_image\" \/>\n<script type=\"application\/ld+json\" class=\"yoast-schema-graph\">{\"@context\":\"https:\\\/\\\/schema.org\",\"@graph\":[{\"@type\":\"WebPage\",\"@id\":\"https:\\\/\\\/denarius.no\\\/no\\\/product\\\/tyskland-brakteat-1160-1177-2\\\/\",\"url\":\"https:\\\/\\\/denarius.no\\\/no\\\/product\\\/tyskland-brakteat-1160-1177-2\\\/\",\"name\":\"Tyskland, brakteat 1160-1177 - Coin &amp; Banknote Specialist\",\"isPartOf\":{\"@id\":\"https:\\\/\\\/denarius.no\\\/#website\"},\"primaryImageOfPage\":{\"@id\":\"https:\\\/\\\/denarius.no\\\/no\\\/product\\\/tyskland-brakteat-1160-1177-2\\\/#primaryimage\"},\"image\":{\"@id\":\"https:\\\/\\\/denarius.no\\\/no\\\/product\\\/tyskland-brakteat-1160-1177-2\\\/#primaryimage\"},\"thumbnailUrl\":\"https:\\\/\\\/denarius.no\\\/wp-content\\\/uploads\\\/2022\\\/03\\\/Protokollnr.-4599.jpg\",\"datePublished\":\"2022-03-07T21:52:56+00:00\",\"dateModified\":\"2025-03-25T09:34:24+00:00\",\"breadcrumb\":{\"@id\":\"https:\\\/\\\/denarius.no\\\/no\\\/product\\\/tyskland-brakteat-1160-1177-2\\\/#breadcrumb\"},\"inLanguage\":\"nb-NO\",\"potentialAction\":[{\"@type\":\"ReadAction\",\"target\":[\"https:\\\/\\\/denarius.no\\\/no\\\/product\\\/tyskland-brakteat-1160-1177-2\\\/\"]}]},{\"@type\":\"ImageObject\",\"inLanguage\":\"nb-NO\",\"@id\":\"https:\\\/\\\/denarius.no\\\/no\\\/product\\\/tyskland-brakteat-1160-1177-2\\\/#primaryimage\",\"url\":\"https:\\\/\\\/denarius.no\\\/wp-content\\\/uploads\\\/2022\\\/03\\\/Protokollnr.-4599.jpg\",\"contentUrl\":\"https:\\\/\\\/denarius.no\\\/wp-content\\\/uploads\\\/2022\\\/03\\\/Protokollnr.-4599.jpg\",\"width\":2069,\"height\":2027},{\"@type\":\"BreadcrumbList\",\"@id\":\"https:\\\/\\\/denarius.no\\\/no\\\/product\\\/tyskland-brakteat-1160-1177-2\\\/#breadcrumb\",\"itemListElement\":[{\"@type\":\"ListItem\",\"position\":1,\"name\":\"Home\",\"item\":\"https:\\\/\\\/denarius.no\\\/no\\\/coin-banknote-dealer-specialist\\\/\"},{\"@type\":\"ListItem\",\"position\":2,\"name\":\"Nettbutikk\",\"item\":\"https:\\\/\\\/denarius.no\\\/no\\\/shop\\\/\"},{\"@type\":\"ListItem\",\"position\":3,\"name\":\"Tyskland, brakteat 1160-1177\"}]},{\"@type\":\"WebSite\",\"@id\":\"https:\\\/\\\/denarius.no\\\/#website\",\"url\":\"https:\\\/\\\/denarius.no\\\/\",\"name\":\"Coin &amp; Banknote Specialist\",\"description\":\"Denarius\",\"potentialAction\":[{\"@type\":\"SearchAction\",\"target\":{\"@type\":\"EntryPoint\",\"urlTemplate\":\"https:\\\/\\\/denarius.no\\\/?s={search_term_string}\"},\"query-input\":{\"@type\":\"PropertyValueSpecification\",\"valueRequired\":true,\"valueName\":\"search_term_string\"}}],\"inLanguage\":\"nb-NO\"}]}<\/script>\n<!-- \/ Yoast SEO plugin. -->","yoast_head_json":{"title":"Tyskland, brakteat 1160-1177 - Coin &amp; Banknote Specialist","robots":{"index":"index","follow":"follow","max-snippet":"max-snippet:-1","max-image-preview":"max-image-preview:large","max-video-preview":"max-video-preview:-1"},"canonical":"https:\/\/denarius.no\/no\/product\/tyskland-brakteat-1160-1177-2\/","og_locale":"nb_NO","og_type":"article","og_title":"Tyskland, brakteat 1160-1177 - Coin &amp; Banknote Specialist","og_description":"Tyskland, brakteat fra 1160-1177, sl\u00e5tt under biskop Gero von Schermbke i Halberstadt. Kv. god 01. Nydelig patina. Adv: St. Stephan med l\u00f8ftede hender. Biskop Gero von Schermbke med bispestav under. Berger 1288; Bonhoff 465. Eks. Auktion Hauck &amp; Aufh\u00e4user 17:1474 (M\u00fcnchen 2003). 0,85 g.  Protocol no. 4599","og_url":"https:\/\/denarius.no\/no\/product\/tyskland-brakteat-1160-1177-2\/","og_site_name":"Coin &amp; Banknote Specialist","article_modified_time":"2025-03-25T09:34:24+00:00","og_image":[{"width":2069,"height":2027,"url":"https:\/\/denarius.no\/wp-content\/uploads\/2022\/03\/Protokollnr.-4599.jpg","type":"image\/jpeg"}],"twitter_card":"summary_large_image","schema":{"@context":"https:\/\/schema.org","@graph":[{"@type":"WebPage","@id":"https:\/\/denarius.no\/no\/product\/tyskland-brakteat-1160-1177-2\/","url":"https:\/\/denarius.no\/no\/product\/tyskland-brakteat-1160-1177-2\/","name":"Tyskland, brakteat 1160-1177 - Coin &amp; Banknote Specialist","isPartOf":{"@id":"https:\/\/denarius.no\/#website"},"primaryImageOfPage":{"@id":"https:\/\/denarius.no\/no\/product\/tyskland-brakteat-1160-1177-2\/#primaryimage"},"image":{"@id":"https:\/\/denarius.no\/no\/product\/tyskland-brakteat-1160-1177-2\/#primaryimage"},"thumbnailUrl":"https:\/\/denarius.no\/wp-content\/uploads\/2022\/03\/Protokollnr.-4599.jpg","datePublished":"2022-03-07T21:52:56+00:00","dateModified":"2025-03-25T09:34:24+00:00","breadcrumb":{"@id":"https:\/\/denarius.no\/no\/product\/tyskland-brakteat-1160-1177-2\/#breadcrumb"},"inLanguage":"nb-NO","potentialAction":[{"@type":"ReadAction","target":["https:\/\/denarius.no\/no\/product\/tyskland-brakteat-1160-1177-2\/"]}]},{"@type":"ImageObject","inLanguage":"nb-NO","@id":"https:\/\/denarius.no\/no\/product\/tyskland-brakteat-1160-1177-2\/#primaryimage","url":"https:\/\/denarius.no\/wp-content\/uploads\/2022\/03\/Protokollnr.-4599.jpg","contentUrl":"https:\/\/denarius.no\/wp-content\/uploads\/2022\/03\/Protokollnr.-4599.jpg","width":2069,"height":2027},{"@type":"BreadcrumbList","@id":"https:\/\/denarius.no\/no\/product\/tyskland-brakteat-1160-1177-2\/#breadcrumb","itemListElement":[{"@type":"ListItem","position":1,"name":"Home","item":"https:\/\/denarius.no\/no\/coin-banknote-dealer-specialist\/"},{"@type":"ListItem","position":2,"name":"Nettbutikk","item":"https:\/\/denarius.no\/no\/shop\/"},{"@type":"ListItem","position":3,"name":"Tyskland, brakteat 1160-1177"}]},{"@type":"WebSite","@id":"https:\/\/denarius.no\/#website","url":"https:\/\/denarius.no\/","name":"Coin &amp; Banknote Specialist","description":"Denarius","potentialAction":[{"@type":"SearchAction","target":{"@type":"EntryPoint","urlTemplate":"https:\/\/denarius.no\/?s={search_term_string}"},"query-input":{"@type":"PropertyValueSpecification","valueRequired":true,"valueName":"search_term_string"}}],"inLanguage":"nb-NO"}]}},"_links":{"self":[{"href":"https:\/\/denarius.no\/no\/wp-json\/wp\/v2\/product\/42680","targetHints":{"allow":["GET"]}}],"collection":[{"href":"https:\/\/denarius.no\/no\/wp-json\/wp\/v2\/product"}],"about":[{"href":"https:\/\/denarius.no\/no\/wp-json\/wp\/v2\/types\/product"}],"replies":[{"embeddable":true,"href":"https:\/\/denarius.no\/no\/wp-json\/wp\/v2\/comments?post=42680"}],"wp:featuredmedia":[{"embeddable":true,"href":"https:\/\/denarius.no\/no\/wp-json\/wp\/v2\/media\/42677"}],"wp:attachment":[{"href":"https:\/\/denarius.no\/no\/wp-json\/wp\/v2\/media?parent=42680"}],"wp:term":[{"taxonomy":"product_brand","embeddable":true,"href":"https:\/\/denarius.no\/no\/wp-json\/wp\/v2\/product_brand?post=42680"},{"taxonomy":"product_cat","embeddable":true,"href":"https:\/\/denarius.no\/no\/wp-json\/wp\/v2\/product_cat?post=42680"},{"taxonomy":"product_tag","embeddable":true,"href":"https:\/\/denarius.no\/no\/wp-json\/wp\/v2\/product_tag?post=42680"}],"curies":[{"name":"wp","href":"https:\/\/api.w.org\/{rel}","templated":true}]}}