{"id":48047,"date":"2024-01-06T23:16:22","date_gmt":"2024-01-06T22:17:39","guid":{"rendered":"https:\/\/denarius.no\/?post_type=product&#038;p=48047"},"modified":"2025-03-25T10:44:21","modified_gmt":"2025-03-25T09:44:21","slug":"sverige-for-hastafvelns-framjande-1907-1950","status":"publish","type":"product","link":"https:\/\/denarius.no\/no\/product\/sverige-for-hastafvelns-framjande-1907-1950\/","title":{"rendered":"Sverige, f\u00f6r h\u00e4stafvelns fr\u00e4mjande 1907-1950"},"content":{"rendered":"","protected":false},"excerpt":{"rendered":"<p>Sverige, f\u00f6r h\u00e4stafvelns fr\u00e4mjande 1907-1950, sl\u00e5tt under kong Oscar II. A. Lindberg. Kv. 0\/01. Sink. 43 mm; 27,91 g.<\/p>\n<p>Protokollnr. 4777<\/p>\n","protected":false},"featured_media":48046,"comment_status":"closed","ping_status":"closed","template":"","meta":{"_acf_changed":false},"product_brand":[],"product_cat":[726,728],"product_tag":[],"class_list":{"0":"post-48047","1":"product","2":"type-product","3":"status-publish","4":"has-post-thumbnail","6":"product_cat-diverse","7":"product_cat-medaljer","9":"first","10":"instock","11":"shipping-taxable","12":"purchasable","13":"product-type-simple","14":"layout-style-1","15":"col-md-4 col-sm-4 col-xs-6","16":"col-lg-3","17":"product-style-default"},"acf":[],"yoast_head":"<!-- This site is optimized with the Yoast SEO plugin v27.4 - https:\/\/yoast.com\/product\/yoast-seo-wordpress\/ -->\n<title>Sverige, f\u00f6r h\u00e4stafvelns fr\u00e4mjande 1907-1950 - Coin &amp; Banknote Specialist<\/title>\n<meta name=\"robots\" content=\"index, follow, max-snippet:-1, max-image-preview:large, max-video-preview:-1\" \/>\n<link rel=\"canonical\" href=\"https:\/\/denarius.no\/no\/product\/sverige-for-hastafvelns-framjande-1907-1950\/\" \/>\n<meta property=\"og:locale\" content=\"nb_NO\" \/>\n<meta property=\"og:type\" content=\"article\" \/>\n<meta property=\"og:title\" content=\"Sverige, f\u00f6r h\u00e4stafvelns fr\u00e4mjande 1907-1950 - Coin &amp; Banknote Specialist\" \/>\n<meta property=\"og:description\" content=\"Sverige, f\u00f6r h\u00e4stafvelns fr\u00e4mjande 1907-1950, sl\u00e5tt under kong Oscar II. A. Lindberg. Kv. 0\/01. Sink. 43 mm; 27,91 g.  Protokollnr. 4777\" \/>\n<meta property=\"og:url\" content=\"https:\/\/denarius.no\/no\/product\/sverige-for-hastafvelns-framjande-1907-1950\/\" \/>\n<meta property=\"og:site_name\" content=\"Coin &amp; Banknote Specialist\" \/>\n<meta property=\"article:modified_time\" content=\"2025-03-25T09:44:21+00:00\" \/>\n<meta property=\"og:image\" content=\"https:\/\/denarius.no\/wp-content\/uploads\/2024\/01\/Protokollnr.-4777-1024x513.png\" \/>\n\t<meta property=\"og:image:width\" content=\"1024\" \/>\n\t<meta property=\"og:image:height\" content=\"513\" \/>\n\t<meta property=\"og:image:type\" content=\"image\/png\" \/>\n<meta name=\"twitter:card\" content=\"summary_large_image\" \/>\n<meta name=\"twitter:label1\" content=\"Ansl. lesetid\" \/>\n\t<meta name=\"twitter:data1\" content=\"1 minutt\" \/>\n<script type=\"application\/ld+json\" class=\"yoast-schema-graph\">{\"@context\":\"https:\\\/\\\/schema.org\",\"@graph\":[{\"@type\":\"WebPage\",\"@id\":\"https:\\\/\\\/denarius.no\\\/no\\\/product\\\/sverige-for-hastafvelns-framjande-1907-1950\\\/\",\"url\":\"https:\\\/\\\/denarius.no\\\/no\\\/product\\\/sverige-for-hastafvelns-framjande-1907-1950\\\/\",\"name\":\"Sverige, f\u00f6r h\u00e4stafvelns fr\u00e4mjande 1907-1950 - Coin &amp; Banknote Specialist\",\"isPartOf\":{\"@id\":\"https:\\\/\\\/denarius.no\\\/#website\"},\"primaryImageOfPage\":{\"@id\":\"https:\\\/\\\/denarius.no\\\/no\\\/product\\\/sverige-for-hastafvelns-framjande-1907-1950\\\/#primaryimage\"},\"image\":{\"@id\":\"https:\\\/\\\/denarius.no\\\/no\\\/product\\\/sverige-for-hastafvelns-framjande-1907-1950\\\/#primaryimage\"},\"thumbnailUrl\":\"https:\\\/\\\/denarius.no\\\/wp-content\\\/uploads\\\/2024\\\/01\\\/Protokollnr.-4777.png\",\"datePublished\":\"2024-01-06T22:17:39+00:00\",\"dateModified\":\"2025-03-25T09:44:21+00:00\",\"breadcrumb\":{\"@id\":\"https:\\\/\\\/denarius.no\\\/no\\\/product\\\/sverige-for-hastafvelns-framjande-1907-1950\\\/#breadcrumb\"},\"inLanguage\":\"nb-NO\",\"potentialAction\":[{\"@type\":\"ReadAction\",\"target\":[\"https:\\\/\\\/denarius.no\\\/no\\\/product\\\/sverige-for-hastafvelns-framjande-1907-1950\\\/\"]}]},{\"@type\":\"ImageObject\",\"inLanguage\":\"nb-NO\",\"@id\":\"https:\\\/\\\/denarius.no\\\/no\\\/product\\\/sverige-for-hastafvelns-framjande-1907-1950\\\/#primaryimage\",\"url\":\"https:\\\/\\\/denarius.no\\\/wp-content\\\/uploads\\\/2024\\\/01\\\/Protokollnr.-4777.png\",\"contentUrl\":\"https:\\\/\\\/denarius.no\\\/wp-content\\\/uploads\\\/2024\\\/01\\\/Protokollnr.-4777.png\",\"width\":2893,\"height\":1448},{\"@type\":\"BreadcrumbList\",\"@id\":\"https:\\\/\\\/denarius.no\\\/no\\\/product\\\/sverige-for-hastafvelns-framjande-1907-1950\\\/#breadcrumb\",\"itemListElement\":[{\"@type\":\"ListItem\",\"position\":1,\"name\":\"Home\",\"item\":\"https:\\\/\\\/denarius.no\\\/no\\\/coin-banknote-dealer-specialist\\\/\"},{\"@type\":\"ListItem\",\"position\":2,\"name\":\"Nettbutikk\",\"item\":\"https:\\\/\\\/denarius.no\\\/no\\\/shop\\\/\"},{\"@type\":\"ListItem\",\"position\":3,\"name\":\"Sverige, f\u00f6r h\u00e4stafvelns fr\u00e4mjande 1907-1950\"}]},{\"@type\":\"WebSite\",\"@id\":\"https:\\\/\\\/denarius.no\\\/#website\",\"url\":\"https:\\\/\\\/denarius.no\\\/\",\"name\":\"Coin &amp; Banknote Specialist\",\"description\":\"Denarius\",\"potentialAction\":[{\"@type\":\"SearchAction\",\"target\":{\"@type\":\"EntryPoint\",\"urlTemplate\":\"https:\\\/\\\/denarius.no\\\/?s={search_term_string}\"},\"query-input\":{\"@type\":\"PropertyValueSpecification\",\"valueRequired\":true,\"valueName\":\"search_term_string\"}}],\"inLanguage\":\"nb-NO\"}]}<\/script>\n<!-- \/ Yoast SEO plugin. -->","yoast_head_json":{"title":"Sverige, f\u00f6r h\u00e4stafvelns fr\u00e4mjande 1907-1950 - Coin &amp; Banknote Specialist","robots":{"index":"index","follow":"follow","max-snippet":"max-snippet:-1","max-image-preview":"max-image-preview:large","max-video-preview":"max-video-preview:-1"},"canonical":"https:\/\/denarius.no\/no\/product\/sverige-for-hastafvelns-framjande-1907-1950\/","og_locale":"nb_NO","og_type":"article","og_title":"Sverige, f\u00f6r h\u00e4stafvelns fr\u00e4mjande 1907-1950 - Coin &amp; Banknote Specialist","og_description":"Sverige, f\u00f6r h\u00e4stafvelns fr\u00e4mjande 1907-1950, sl\u00e5tt under kong Oscar II. A. Lindberg. Kv. 0\/01. Sink. 43 mm; 27,91 g.  Protokollnr. 4777","og_url":"https:\/\/denarius.no\/no\/product\/sverige-for-hastafvelns-framjande-1907-1950\/","og_site_name":"Coin &amp; Banknote Specialist","article_modified_time":"2025-03-25T09:44:21+00:00","og_image":[{"width":1024,"height":513,"url":"https:\/\/denarius.no\/wp-content\/uploads\/2024\/01\/Protokollnr.-4777-1024x513.png","type":"image\/png"}],"twitter_card":"summary_large_image","twitter_misc":{"Ansl. lesetid":"1 minutt"},"schema":{"@context":"https:\/\/schema.org","@graph":[{"@type":"WebPage","@id":"https:\/\/denarius.no\/no\/product\/sverige-for-hastafvelns-framjande-1907-1950\/","url":"https:\/\/denarius.no\/no\/product\/sverige-for-hastafvelns-framjande-1907-1950\/","name":"Sverige, f\u00f6r h\u00e4stafvelns fr\u00e4mjande 1907-1950 - Coin &amp; Banknote Specialist","isPartOf":{"@id":"https:\/\/denarius.no\/#website"},"primaryImageOfPage":{"@id":"https:\/\/denarius.no\/no\/product\/sverige-for-hastafvelns-framjande-1907-1950\/#primaryimage"},"image":{"@id":"https:\/\/denarius.no\/no\/product\/sverige-for-hastafvelns-framjande-1907-1950\/#primaryimage"},"thumbnailUrl":"https:\/\/denarius.no\/wp-content\/uploads\/2024\/01\/Protokollnr.-4777.png","datePublished":"2024-01-06T22:17:39+00:00","dateModified":"2025-03-25T09:44:21+00:00","breadcrumb":{"@id":"https:\/\/denarius.no\/no\/product\/sverige-for-hastafvelns-framjande-1907-1950\/#breadcrumb"},"inLanguage":"nb-NO","potentialAction":[{"@type":"ReadAction","target":["https:\/\/denarius.no\/no\/product\/sverige-for-hastafvelns-framjande-1907-1950\/"]}]},{"@type":"ImageObject","inLanguage":"nb-NO","@id":"https:\/\/denarius.no\/no\/product\/sverige-for-hastafvelns-framjande-1907-1950\/#primaryimage","url":"https:\/\/denarius.no\/wp-content\/uploads\/2024\/01\/Protokollnr.-4777.png","contentUrl":"https:\/\/denarius.no\/wp-content\/uploads\/2024\/01\/Protokollnr.-4777.png","width":2893,"height":1448},{"@type":"BreadcrumbList","@id":"https:\/\/denarius.no\/no\/product\/sverige-for-hastafvelns-framjande-1907-1950\/#breadcrumb","itemListElement":[{"@type":"ListItem","position":1,"name":"Home","item":"https:\/\/denarius.no\/no\/coin-banknote-dealer-specialist\/"},{"@type":"ListItem","position":2,"name":"Nettbutikk","item":"https:\/\/denarius.no\/no\/shop\/"},{"@type":"ListItem","position":3,"name":"Sverige, f\u00f6r h\u00e4stafvelns fr\u00e4mjande 1907-1950"}]},{"@type":"WebSite","@id":"https:\/\/denarius.no\/#website","url":"https:\/\/denarius.no\/","name":"Coin &amp; Banknote Specialist","description":"Denarius","potentialAction":[{"@type":"SearchAction","target":{"@type":"EntryPoint","urlTemplate":"https:\/\/denarius.no\/?s={search_term_string}"},"query-input":{"@type":"PropertyValueSpecification","valueRequired":true,"valueName":"search_term_string"}}],"inLanguage":"nb-NO"}]}},"_links":{"self":[{"href":"https:\/\/denarius.no\/no\/wp-json\/wp\/v2\/product\/48047","targetHints":{"allow":["GET"]}}],"collection":[{"href":"https:\/\/denarius.no\/no\/wp-json\/wp\/v2\/product"}],"about":[{"href":"https:\/\/denarius.no\/no\/wp-json\/wp\/v2\/types\/product"}],"replies":[{"embeddable":true,"href":"https:\/\/denarius.no\/no\/wp-json\/wp\/v2\/comments?post=48047"}],"wp:featuredmedia":[{"embeddable":true,"href":"https:\/\/denarius.no\/no\/wp-json\/wp\/v2\/media\/48046"}],"wp:attachment":[{"href":"https:\/\/denarius.no\/no\/wp-json\/wp\/v2\/media?parent=48047"}],"wp:term":[{"taxonomy":"product_brand","embeddable":true,"href":"https:\/\/denarius.no\/no\/wp-json\/wp\/v2\/product_brand?post=48047"},{"taxonomy":"product_cat","embeddable":true,"href":"https:\/\/denarius.no\/no\/wp-json\/wp\/v2\/product_cat?post=48047"},{"taxonomy":"product_tag","embeddable":true,"href":"https:\/\/denarius.no\/no\/wp-json\/wp\/v2\/product_tag?post=48047"}],"curies":[{"name":"wp","href":"https:\/\/api.w.org\/{rel}","templated":true}]}}