{"id":48134,"date":"2024-01-23T22:46:46","date_gmt":"2024-01-23T21:50:36","guid":{"rendered":"https:\/\/denarius.no\/?post_type=product&#038;p=48134"},"modified":"2025-03-25T10:44:18","modified_gmt":"2025-03-25T09:44:18","slug":"skilling-1524-1533-3","status":"publish","type":"product","link":"https:\/\/denarius.no\/no\/product\/skilling-1524-1533-3\/","title":{"rendered":"Skilling 1524-1533 &#8211; Ex. lensgreve Lerche 1992"},"content":{"rendered":"","protected":false},"excerpt":{"rendered":"<p>Skilling fra 1524-1533 (u\/\u00e5r), sl\u00e5tt under kong Frederik I. Bergen myntsted. Kv. 1. I 1526 mottok slottsherre Vincent Lunge av Bergenhus et brev fra kong Frederik I. Brevet ba Lunge om \u00e5 initiere myntproduksjon i Bergen. Lunge ba derfor myntmester Hans, i et brev av 3. april 1527, om \u00e5 sl\u00e5 mynter i to nominaler: hvid og skilling. Fra og med 1530 ble skillinger i Bergen datert, og derfor kan man konkludere med at denne mynten vi har for salg, ble sl\u00e5tt en gang mellom 1527 og 1529. Schive XVI:17; NMD 7.<\/p>\n<p>Ex. lensgreve Christian Lerche, solgt gjennom Bruun Rasmussen Kunstauktioner (K\u00f8benhavn) 24.-26. mars 1992, lot nr. 1276; B. Ahlstr\u00f6m Mynthandel AB auksjon 46 (Stockholm) 14.-15. november 1992, lot nr. 1717; Christian J. Simensen, solgt gjennom Oslo Myntgalleri AS (auksjon 36 lot 435). 1,27 g.<\/p>\n<p>Protokollnr. 5326<\/p>\n<p>Eksportrestriksjoner p\u00e5 norske mynter f\u00f8r 1537 kan forekomme. Vennligst ikke betal for denne mynten f\u00f8r eventuell utf\u00f8rselstillatelse er gitt, om din adresse utenfor Norge.<\/p>\n","protected":false},"featured_media":48133,"comment_status":"closed","ping_status":"closed","template":"","meta":{"_acf_changed":false},"product_brand":[],"product_cat":[682,883],"product_tag":[],"class_list":{"0":"post-48134","1":"product","2":"type-product","3":"status-publish","4":"has-post-thumbnail","6":"product_cat-norge-for-1814","7":"product_cat-gaute-ivarsson-no","9":"first","10":"instock","11":"shipping-taxable","12":"purchasable","13":"product-type-simple","14":"layout-style-1","15":"col-md-4 col-sm-4 col-xs-6","16":"col-lg-3","17":"product-style-default"},"acf":[],"yoast_head":"<!-- This site is optimized with the Yoast SEO plugin v27.4 - https:\/\/yoast.com\/product\/yoast-seo-wordpress\/ -->\n<title>Skilling 1524-1533 - Ex. lensgreve Lerche 1992 - Coin &amp; Banknote Specialist<\/title>\n<meta name=\"robots\" content=\"index, follow, max-snippet:-1, max-image-preview:large, max-video-preview:-1\" \/>\n<link rel=\"canonical\" href=\"https:\/\/denarius.no\/no\/product\/skilling-1524-1533-3\/\" \/>\n<meta property=\"og:locale\" content=\"nb_NO\" \/>\n<meta property=\"og:type\" content=\"article\" \/>\n<meta property=\"og:title\" content=\"Skilling 1524-1533 - Ex. lensgreve Lerche 1992 - Coin &amp; Banknote Specialist\" \/>\n<meta property=\"og:description\" content=\"Skilling fra 1524-1533 (u\/\u00e5r), sl\u00e5tt under kong Frederik I. Bergen myntsted. Kv. 1. I 1526 mottok slottsherre Vincent Lunge av Bergenhus et brev fra kong Frederik I. Brevet ba Lunge om \u00e5 initiere myntproduksjon i Bergen. Lunge ba derfor myntmester Hans, i et brev av 3. april 1527, om \u00e5 sl\u00e5 mynter i to nominaler: hvid og skilling. Fra og med 1530 ble skillinger i Bergen datert, og derfor kan man konkludere med at denne mynten vi har for salg, ble sl\u00e5tt en gang mellom 1527 og 1529. Schive XVI:17; NMD 7.  Ex. lensgreve Christian Lerche, solgt gjennom Bruun Rasmussen Kunstauktioner (K\u00f8benhavn) 24.-26. mars 1992, lot nr. 1276; B. Ahlstr\u00f6m Mynthandel AB auksjon 46 (Stockholm) 14.-15. november 1992, lot nr. 1717; Christian J. Simensen, solgt gjennom Oslo Myntgalleri AS (auksjon 36 lot 435). 1,27 g.  Protokollnr. 5326  Eksportrestriksjoner p\u00e5 norske mynter f\u00f8r 1537 kan forekomme. Vennligst ikke betal for denne mynten f\u00f8r eventuell utf\u00f8rselstillatelse er gitt, om din adresse utenfor Norge.\" \/>\n<meta property=\"og:url\" content=\"https:\/\/denarius.no\/no\/product\/skilling-1524-1533-3\/\" \/>\n<meta property=\"og:site_name\" content=\"Coin &amp; Banknote Specialist\" \/>\n<meta property=\"article:modified_time\" content=\"2025-03-25T09:44:18+00:00\" \/>\n<meta property=\"og:image\" content=\"https:\/\/denarius.no\/wp-content\/uploads\/2024\/01\/Protokollnr.-5326-scaled.jpg\" \/>\n\t<meta property=\"og:image:width\" content=\"2560\" \/>\n\t<meta property=\"og:image:height\" content=\"1303\" \/>\n\t<meta property=\"og:image:type\" content=\"image\/jpeg\" \/>\n<meta name=\"twitter:card\" content=\"summary_large_image\" \/>\n<meta name=\"twitter:label1\" content=\"Ansl. lesetid\" \/>\n\t<meta name=\"twitter:data1\" content=\"1 minutt\" \/>\n<script type=\"application\/ld+json\" class=\"yoast-schema-graph\">{\"@context\":\"https:\\\/\\\/schema.org\",\"@graph\":[{\"@type\":\"WebPage\",\"@id\":\"https:\\\/\\\/denarius.no\\\/no\\\/product\\\/skilling-1524-1533-3\\\/\",\"url\":\"https:\\\/\\\/denarius.no\\\/no\\\/product\\\/skilling-1524-1533-3\\\/\",\"name\":\"Skilling 1524-1533 - Ex. lensgreve Lerche 1992 - Coin &amp; Banknote Specialist\",\"isPartOf\":{\"@id\":\"https:\\\/\\\/denarius.no\\\/#website\"},\"primaryImageOfPage\":{\"@id\":\"https:\\\/\\\/denarius.no\\\/no\\\/product\\\/skilling-1524-1533-3\\\/#primaryimage\"},\"image\":{\"@id\":\"https:\\\/\\\/denarius.no\\\/no\\\/product\\\/skilling-1524-1533-3\\\/#primaryimage\"},\"thumbnailUrl\":\"https:\\\/\\\/denarius.no\\\/wp-content\\\/uploads\\\/2024\\\/01\\\/Protokollnr.-5326-scaled.jpg\",\"datePublished\":\"2024-01-23T21:50:36+00:00\",\"dateModified\":\"2025-03-25T09:44:18+00:00\",\"breadcrumb\":{\"@id\":\"https:\\\/\\\/denarius.no\\\/no\\\/product\\\/skilling-1524-1533-3\\\/#breadcrumb\"},\"inLanguage\":\"nb-NO\",\"potentialAction\":[{\"@type\":\"ReadAction\",\"target\":[\"https:\\\/\\\/denarius.no\\\/no\\\/product\\\/skilling-1524-1533-3\\\/\"]}]},{\"@type\":\"ImageObject\",\"inLanguage\":\"nb-NO\",\"@id\":\"https:\\\/\\\/denarius.no\\\/no\\\/product\\\/skilling-1524-1533-3\\\/#primaryimage\",\"url\":\"https:\\\/\\\/denarius.no\\\/wp-content\\\/uploads\\\/2024\\\/01\\\/Protokollnr.-5326-scaled.jpg\",\"contentUrl\":\"https:\\\/\\\/denarius.no\\\/wp-content\\\/uploads\\\/2024\\\/01\\\/Protokollnr.-5326-scaled.jpg\",\"width\":2560,\"height\":1303},{\"@type\":\"BreadcrumbList\",\"@id\":\"https:\\\/\\\/denarius.no\\\/no\\\/product\\\/skilling-1524-1533-3\\\/#breadcrumb\",\"itemListElement\":[{\"@type\":\"ListItem\",\"position\":1,\"name\":\"Home\",\"item\":\"https:\\\/\\\/denarius.no\\\/no\\\/coin-banknote-dealer-specialist\\\/\"},{\"@type\":\"ListItem\",\"position\":2,\"name\":\"Nettbutikk\",\"item\":\"https:\\\/\\\/denarius.no\\\/no\\\/shop\\\/\"},{\"@type\":\"ListItem\",\"position\":3,\"name\":\"Skilling 1524-1533 &#8211; Ex. lensgreve Lerche 1992\"}]},{\"@type\":\"WebSite\",\"@id\":\"https:\\\/\\\/denarius.no\\\/#website\",\"url\":\"https:\\\/\\\/denarius.no\\\/\",\"name\":\"Coin &amp; Banknote Specialist\",\"description\":\"Denarius\",\"potentialAction\":[{\"@type\":\"SearchAction\",\"target\":{\"@type\":\"EntryPoint\",\"urlTemplate\":\"https:\\\/\\\/denarius.no\\\/?s={search_term_string}\"},\"query-input\":{\"@type\":\"PropertyValueSpecification\",\"valueRequired\":true,\"valueName\":\"search_term_string\"}}],\"inLanguage\":\"nb-NO\"}]}<\/script>\n<!-- \/ Yoast SEO plugin. -->","yoast_head_json":{"title":"Skilling 1524-1533 - Ex. lensgreve Lerche 1992 - Coin &amp; Banknote Specialist","robots":{"index":"index","follow":"follow","max-snippet":"max-snippet:-1","max-image-preview":"max-image-preview:large","max-video-preview":"max-video-preview:-1"},"canonical":"https:\/\/denarius.no\/no\/product\/skilling-1524-1533-3\/","og_locale":"nb_NO","og_type":"article","og_title":"Skilling 1524-1533 - Ex. lensgreve Lerche 1992 - Coin &amp; Banknote Specialist","og_description":"Skilling fra 1524-1533 (u\/\u00e5r), sl\u00e5tt under kong Frederik I. Bergen myntsted. Kv. 1. I 1526 mottok slottsherre Vincent Lunge av Bergenhus et brev fra kong Frederik I. Brevet ba Lunge om \u00e5 initiere myntproduksjon i Bergen. Lunge ba derfor myntmester Hans, i et brev av 3. april 1527, om \u00e5 sl\u00e5 mynter i to nominaler: hvid og skilling. Fra og med 1530 ble skillinger i Bergen datert, og derfor kan man konkludere med at denne mynten vi har for salg, ble sl\u00e5tt en gang mellom 1527 og 1529. Schive XVI:17; NMD 7.  Ex. lensgreve Christian Lerche, solgt gjennom Bruun Rasmussen Kunstauktioner (K\u00f8benhavn) 24.-26. mars 1992, lot nr. 1276; B. Ahlstr\u00f6m Mynthandel AB auksjon 46 (Stockholm) 14.-15. november 1992, lot nr. 1717; Christian J. Simensen, solgt gjennom Oslo Myntgalleri AS (auksjon 36 lot 435). 1,27 g.  Protokollnr. 5326  Eksportrestriksjoner p\u00e5 norske mynter f\u00f8r 1537 kan forekomme. Vennligst ikke betal for denne mynten f\u00f8r eventuell utf\u00f8rselstillatelse er gitt, om din adresse utenfor Norge.","og_url":"https:\/\/denarius.no\/no\/product\/skilling-1524-1533-3\/","og_site_name":"Coin &amp; Banknote Specialist","article_modified_time":"2025-03-25T09:44:18+00:00","og_image":[{"width":2560,"height":1303,"url":"https:\/\/denarius.no\/wp-content\/uploads\/2024\/01\/Protokollnr.-5326-scaled.jpg","type":"image\/jpeg"}],"twitter_card":"summary_large_image","twitter_misc":{"Ansl. lesetid":"1 minutt"},"schema":{"@context":"https:\/\/schema.org","@graph":[{"@type":"WebPage","@id":"https:\/\/denarius.no\/no\/product\/skilling-1524-1533-3\/","url":"https:\/\/denarius.no\/no\/product\/skilling-1524-1533-3\/","name":"Skilling 1524-1533 - Ex. lensgreve Lerche 1992 - Coin &amp; Banknote Specialist","isPartOf":{"@id":"https:\/\/denarius.no\/#website"},"primaryImageOfPage":{"@id":"https:\/\/denarius.no\/no\/product\/skilling-1524-1533-3\/#primaryimage"},"image":{"@id":"https:\/\/denarius.no\/no\/product\/skilling-1524-1533-3\/#primaryimage"},"thumbnailUrl":"https:\/\/denarius.no\/wp-content\/uploads\/2024\/01\/Protokollnr.-5326-scaled.jpg","datePublished":"2024-01-23T21:50:36+00:00","dateModified":"2025-03-25T09:44:18+00:00","breadcrumb":{"@id":"https:\/\/denarius.no\/no\/product\/skilling-1524-1533-3\/#breadcrumb"},"inLanguage":"nb-NO","potentialAction":[{"@type":"ReadAction","target":["https:\/\/denarius.no\/no\/product\/skilling-1524-1533-3\/"]}]},{"@type":"ImageObject","inLanguage":"nb-NO","@id":"https:\/\/denarius.no\/no\/product\/skilling-1524-1533-3\/#primaryimage","url":"https:\/\/denarius.no\/wp-content\/uploads\/2024\/01\/Protokollnr.-5326-scaled.jpg","contentUrl":"https:\/\/denarius.no\/wp-content\/uploads\/2024\/01\/Protokollnr.-5326-scaled.jpg","width":2560,"height":1303},{"@type":"BreadcrumbList","@id":"https:\/\/denarius.no\/no\/product\/skilling-1524-1533-3\/#breadcrumb","itemListElement":[{"@type":"ListItem","position":1,"name":"Home","item":"https:\/\/denarius.no\/no\/coin-banknote-dealer-specialist\/"},{"@type":"ListItem","position":2,"name":"Nettbutikk","item":"https:\/\/denarius.no\/no\/shop\/"},{"@type":"ListItem","position":3,"name":"Skilling 1524-1533 &#8211; Ex. lensgreve Lerche 1992"}]},{"@type":"WebSite","@id":"https:\/\/denarius.no\/#website","url":"https:\/\/denarius.no\/","name":"Coin &amp; Banknote Specialist","description":"Denarius","potentialAction":[{"@type":"SearchAction","target":{"@type":"EntryPoint","urlTemplate":"https:\/\/denarius.no\/?s={search_term_string}"},"query-input":{"@type":"PropertyValueSpecification","valueRequired":true,"valueName":"search_term_string"}}],"inLanguage":"nb-NO"}]}},"_links":{"self":[{"href":"https:\/\/denarius.no\/no\/wp-json\/wp\/v2\/product\/48134","targetHints":{"allow":["GET"]}}],"collection":[{"href":"https:\/\/denarius.no\/no\/wp-json\/wp\/v2\/product"}],"about":[{"href":"https:\/\/denarius.no\/no\/wp-json\/wp\/v2\/types\/product"}],"replies":[{"embeddable":true,"href":"https:\/\/denarius.no\/no\/wp-json\/wp\/v2\/comments?post=48134"}],"wp:featuredmedia":[{"embeddable":true,"href":"https:\/\/denarius.no\/no\/wp-json\/wp\/v2\/media\/48133"}],"wp:attachment":[{"href":"https:\/\/denarius.no\/no\/wp-json\/wp\/v2\/media?parent=48134"}],"wp:term":[{"taxonomy":"product_brand","embeddable":true,"href":"https:\/\/denarius.no\/no\/wp-json\/wp\/v2\/product_brand?post=48134"},{"taxonomy":"product_cat","embeddable":true,"href":"https:\/\/denarius.no\/no\/wp-json\/wp\/v2\/product_cat?post=48134"},{"taxonomy":"product_tag","embeddable":true,"href":"https:\/\/denarius.no\/no\/wp-json\/wp\/v2\/product_tag?post=48134"}],"curies":[{"name":"wp","href":"https:\/\/api.w.org\/{rel}","templated":true}]}}