{"id":48729,"date":"2024-05-24T23:06:15","date_gmt":"2024-05-24T21:13:38","guid":{"rendered":"https:\/\/denarius.no\/?post_type=product&#038;p=48729"},"modified":"2025-03-25T10:46:07","modified_gmt":"2025-03-25T09:46:07","slug":"norway-brakteat-1177-1202","status":"publish","type":"product","link":"https:\/\/denarius.no\/no\/product\/norway-brakteat-1177-1202\/","title":{"rendered":"Norway, brakteat 1177-1202 &#8211; Ex. OMH 1999"},"content":{"rendered":"","protected":false},"excerpt":{"rendered":"<p>Brakteat med bokstaven \u201cH\u201d fra 1177-1202, sl\u00e5tt under kong Sverre Sigurdsson. Kv. 1+. De fleste Sverre Sigurdsson-brakteatene stammer fra Anders Andersens funn i D\u00e6li i 1840. Schive VII:10; NM 13. Ex. Oslo Mynthandel AS 13. desember 1999. original myntlapp medf\u00f8lger. 0,04 g.<\/p>\n<p>Protokollnr. 5480<\/p>\n<p>Eksportrestriksjoner p\u00e5 norske mynter f\u00f8r 1537 kan forekomme. Brakteater fra Sverre Sigurdsson har blitt eksportert med tillatelse mange ganger f\u00f8r.<\/p>\n","protected":false},"featured_media":48728,"comment_status":"closed","ping_status":"closed","template":"","meta":{"_acf_changed":false},"product_brand":[],"product_cat":[682,784],"product_tag":[],"class_list":{"0":"post-48729","1":"product","2":"type-product","3":"status-publish","4":"has-post-thumbnail","6":"product_cat-norge-for-1814","7":"product_cat-sverre-sigurdsson-4","9":"first","10":"instock","11":"shipping-taxable","12":"purchasable","13":"product-type-simple","14":"layout-style-1","15":"col-md-4 col-sm-4 col-xs-6","16":"col-lg-3","17":"product-style-default"},"acf":[],"yoast_head":"<!-- This site is optimized with the Yoast SEO plugin v27.4 - https:\/\/yoast.com\/product\/yoast-seo-wordpress\/ -->\n<title>Norway, brakteat 1177-1202 - Ex. OMH 1999 - Coin &amp; Banknote Specialist<\/title>\n<meta name=\"robots\" content=\"index, follow, max-snippet:-1, max-image-preview:large, max-video-preview:-1\" \/>\n<link rel=\"canonical\" href=\"https:\/\/denarius.no\/no\/product\/norway-brakteat-1177-1202\/\" \/>\n<meta property=\"og:locale\" content=\"nb_NO\" \/>\n<meta property=\"og:type\" content=\"article\" \/>\n<meta property=\"og:title\" content=\"Norway, brakteat 1177-1202 - Ex. OMH 1999 - Coin &amp; Banknote Specialist\" \/>\n<meta property=\"og:description\" content=\"Brakteat med bokstaven \u201cH\u201d fra 1177-1202, sl\u00e5tt under kong Sverre Sigurdsson. Kv. 1+. De fleste Sverre Sigurdsson-brakteatene stammer fra Anders Andersens funn i D\u00e6li i 1840. Schive VII:10; NM 13. Ex. Oslo Mynthandel AS 13. desember 1999. original myntlapp medf\u00f8lger. 0,04 g.  Protokollnr. 5480  Eksportrestriksjoner p\u00e5 norske mynter f\u00f8r 1537 kan forekomme. Brakteater fra Sverre Sigurdsson har blitt eksportert med tillatelse mange ganger f\u00f8r.\" \/>\n<meta property=\"og:url\" content=\"https:\/\/denarius.no\/no\/product\/norway-brakteat-1177-1202\/\" \/>\n<meta property=\"og:site_name\" content=\"Coin &amp; Banknote Specialist\" \/>\n<meta property=\"article:modified_time\" content=\"2025-03-25T09:46:07+00:00\" \/>\n<meta property=\"og:image\" content=\"https:\/\/denarius.no\/wp-content\/uploads\/2024\/05\/Protokollnr.-5480-scaled.jpg\" \/>\n\t<meta property=\"og:image:width\" content=\"2560\" \/>\n\t<meta property=\"og:image:height\" content=\"1280\" \/>\n\t<meta property=\"og:image:type\" content=\"image\/jpeg\" \/>\n<meta name=\"twitter:card\" content=\"summary_large_image\" \/>\n<meta name=\"twitter:label1\" content=\"Ansl. lesetid\" \/>\n\t<meta name=\"twitter:data1\" content=\"1 minutt\" \/>\n<script type=\"application\/ld+json\" class=\"yoast-schema-graph\">{\"@context\":\"https:\\\/\\\/schema.org\",\"@graph\":[{\"@type\":\"WebPage\",\"@id\":\"https:\\\/\\\/denarius.no\\\/no\\\/product\\\/norway-brakteat-1177-1202\\\/\",\"url\":\"https:\\\/\\\/denarius.no\\\/no\\\/product\\\/norway-brakteat-1177-1202\\\/\",\"name\":\"Norway, brakteat 1177-1202 - Ex. OMH 1999 - Coin &amp; Banknote Specialist\",\"isPartOf\":{\"@id\":\"https:\\\/\\\/denarius.no\\\/#website\"},\"primaryImageOfPage\":{\"@id\":\"https:\\\/\\\/denarius.no\\\/no\\\/product\\\/norway-brakteat-1177-1202\\\/#primaryimage\"},\"image\":{\"@id\":\"https:\\\/\\\/denarius.no\\\/no\\\/product\\\/norway-brakteat-1177-1202\\\/#primaryimage\"},\"thumbnailUrl\":\"https:\\\/\\\/denarius.no\\\/wp-content\\\/uploads\\\/2024\\\/05\\\/Protokollnr.-5480-scaled.jpg\",\"datePublished\":\"2024-05-24T21:13:38+00:00\",\"dateModified\":\"2025-03-25T09:46:07+00:00\",\"breadcrumb\":{\"@id\":\"https:\\\/\\\/denarius.no\\\/no\\\/product\\\/norway-brakteat-1177-1202\\\/#breadcrumb\"},\"inLanguage\":\"nb-NO\",\"potentialAction\":[{\"@type\":\"ReadAction\",\"target\":[\"https:\\\/\\\/denarius.no\\\/no\\\/product\\\/norway-brakteat-1177-1202\\\/\"]}]},{\"@type\":\"ImageObject\",\"inLanguage\":\"nb-NO\",\"@id\":\"https:\\\/\\\/denarius.no\\\/no\\\/product\\\/norway-brakteat-1177-1202\\\/#primaryimage\",\"url\":\"https:\\\/\\\/denarius.no\\\/wp-content\\\/uploads\\\/2024\\\/05\\\/Protokollnr.-5480-scaled.jpg\",\"contentUrl\":\"https:\\\/\\\/denarius.no\\\/wp-content\\\/uploads\\\/2024\\\/05\\\/Protokollnr.-5480-scaled.jpg\",\"width\":2560,\"height\":1280},{\"@type\":\"BreadcrumbList\",\"@id\":\"https:\\\/\\\/denarius.no\\\/no\\\/product\\\/norway-brakteat-1177-1202\\\/#breadcrumb\",\"itemListElement\":[{\"@type\":\"ListItem\",\"position\":1,\"name\":\"Home\",\"item\":\"https:\\\/\\\/denarius.no\\\/no\\\/coin-banknote-dealer-specialist\\\/\"},{\"@type\":\"ListItem\",\"position\":2,\"name\":\"Nettbutikk\",\"item\":\"https:\\\/\\\/denarius.no\\\/no\\\/shop\\\/\"},{\"@type\":\"ListItem\",\"position\":3,\"name\":\"Norway, brakteat 1177-1202 &#8211; Ex. OMH 1999\"}]},{\"@type\":\"WebSite\",\"@id\":\"https:\\\/\\\/denarius.no\\\/#website\",\"url\":\"https:\\\/\\\/denarius.no\\\/\",\"name\":\"Coin &amp; Banknote Specialist\",\"description\":\"Denarius\",\"potentialAction\":[{\"@type\":\"SearchAction\",\"target\":{\"@type\":\"EntryPoint\",\"urlTemplate\":\"https:\\\/\\\/denarius.no\\\/?s={search_term_string}\"},\"query-input\":{\"@type\":\"PropertyValueSpecification\",\"valueRequired\":true,\"valueName\":\"search_term_string\"}}],\"inLanguage\":\"nb-NO\"}]}<\/script>\n<!-- \/ Yoast SEO plugin. -->","yoast_head_json":{"title":"Norway, brakteat 1177-1202 - Ex. OMH 1999 - Coin &amp; Banknote Specialist","robots":{"index":"index","follow":"follow","max-snippet":"max-snippet:-1","max-image-preview":"max-image-preview:large","max-video-preview":"max-video-preview:-1"},"canonical":"https:\/\/denarius.no\/no\/product\/norway-brakteat-1177-1202\/","og_locale":"nb_NO","og_type":"article","og_title":"Norway, brakteat 1177-1202 - Ex. OMH 1999 - Coin &amp; Banknote Specialist","og_description":"Brakteat med bokstaven \u201cH\u201d fra 1177-1202, sl\u00e5tt under kong Sverre Sigurdsson. Kv. 1+. De fleste Sverre Sigurdsson-brakteatene stammer fra Anders Andersens funn i D\u00e6li i 1840. Schive VII:10; NM 13. Ex. Oslo Mynthandel AS 13. desember 1999. original myntlapp medf\u00f8lger. 0,04 g.  Protokollnr. 5480  Eksportrestriksjoner p\u00e5 norske mynter f\u00f8r 1537 kan forekomme. Brakteater fra Sverre Sigurdsson har blitt eksportert med tillatelse mange ganger f\u00f8r.","og_url":"https:\/\/denarius.no\/no\/product\/norway-brakteat-1177-1202\/","og_site_name":"Coin &amp; Banknote Specialist","article_modified_time":"2025-03-25T09:46:07+00:00","og_image":[{"width":2560,"height":1280,"url":"https:\/\/denarius.no\/wp-content\/uploads\/2024\/05\/Protokollnr.-5480-scaled.jpg","type":"image\/jpeg"}],"twitter_card":"summary_large_image","twitter_misc":{"Ansl. lesetid":"1 minutt"},"schema":{"@context":"https:\/\/schema.org","@graph":[{"@type":"WebPage","@id":"https:\/\/denarius.no\/no\/product\/norway-brakteat-1177-1202\/","url":"https:\/\/denarius.no\/no\/product\/norway-brakteat-1177-1202\/","name":"Norway, brakteat 1177-1202 - Ex. OMH 1999 - Coin &amp; Banknote Specialist","isPartOf":{"@id":"https:\/\/denarius.no\/#website"},"primaryImageOfPage":{"@id":"https:\/\/denarius.no\/no\/product\/norway-brakteat-1177-1202\/#primaryimage"},"image":{"@id":"https:\/\/denarius.no\/no\/product\/norway-brakteat-1177-1202\/#primaryimage"},"thumbnailUrl":"https:\/\/denarius.no\/wp-content\/uploads\/2024\/05\/Protokollnr.-5480-scaled.jpg","datePublished":"2024-05-24T21:13:38+00:00","dateModified":"2025-03-25T09:46:07+00:00","breadcrumb":{"@id":"https:\/\/denarius.no\/no\/product\/norway-brakteat-1177-1202\/#breadcrumb"},"inLanguage":"nb-NO","potentialAction":[{"@type":"ReadAction","target":["https:\/\/denarius.no\/no\/product\/norway-brakteat-1177-1202\/"]}]},{"@type":"ImageObject","inLanguage":"nb-NO","@id":"https:\/\/denarius.no\/no\/product\/norway-brakteat-1177-1202\/#primaryimage","url":"https:\/\/denarius.no\/wp-content\/uploads\/2024\/05\/Protokollnr.-5480-scaled.jpg","contentUrl":"https:\/\/denarius.no\/wp-content\/uploads\/2024\/05\/Protokollnr.-5480-scaled.jpg","width":2560,"height":1280},{"@type":"BreadcrumbList","@id":"https:\/\/denarius.no\/no\/product\/norway-brakteat-1177-1202\/#breadcrumb","itemListElement":[{"@type":"ListItem","position":1,"name":"Home","item":"https:\/\/denarius.no\/no\/coin-banknote-dealer-specialist\/"},{"@type":"ListItem","position":2,"name":"Nettbutikk","item":"https:\/\/denarius.no\/no\/shop\/"},{"@type":"ListItem","position":3,"name":"Norway, brakteat 1177-1202 &#8211; Ex. OMH 1999"}]},{"@type":"WebSite","@id":"https:\/\/denarius.no\/#website","url":"https:\/\/denarius.no\/","name":"Coin &amp; Banknote Specialist","description":"Denarius","potentialAction":[{"@type":"SearchAction","target":{"@type":"EntryPoint","urlTemplate":"https:\/\/denarius.no\/?s={search_term_string}"},"query-input":{"@type":"PropertyValueSpecification","valueRequired":true,"valueName":"search_term_string"}}],"inLanguage":"nb-NO"}]}},"_links":{"self":[{"href":"https:\/\/denarius.no\/no\/wp-json\/wp\/v2\/product\/48729","targetHints":{"allow":["GET"]}}],"collection":[{"href":"https:\/\/denarius.no\/no\/wp-json\/wp\/v2\/product"}],"about":[{"href":"https:\/\/denarius.no\/no\/wp-json\/wp\/v2\/types\/product"}],"replies":[{"embeddable":true,"href":"https:\/\/denarius.no\/no\/wp-json\/wp\/v2\/comments?post=48729"}],"wp:featuredmedia":[{"embeddable":true,"href":"https:\/\/denarius.no\/no\/wp-json\/wp\/v2\/media\/48728"}],"wp:attachment":[{"href":"https:\/\/denarius.no\/no\/wp-json\/wp\/v2\/media?parent=48729"}],"wp:term":[{"taxonomy":"product_brand","embeddable":true,"href":"https:\/\/denarius.no\/no\/wp-json\/wp\/v2\/product_brand?post=48729"},{"taxonomy":"product_cat","embeddable":true,"href":"https:\/\/denarius.no\/no\/wp-json\/wp\/v2\/product_cat?post=48729"},{"taxonomy":"product_tag","embeddable":true,"href":"https:\/\/denarius.no\/no\/wp-json\/wp\/v2\/product_tag?post=48729"}],"curies":[{"name":"wp","href":"https:\/\/api.w.org\/{rel}","templated":true}]}}