{"id":49314,"date":"2024-09-24T23:09:42","date_gmt":"2024-09-24T21:10:49","guid":{"rendered":"https:\/\/denarius.no\/?post_type=product&#038;p=49314"},"modified":"2025-03-25T10:46:30","modified_gmt":"2025-03-25T09:46:30","slug":"tyskland-brakteat-1197-1221-4","status":"publish","type":"product","link":"https:\/\/denarius.no\/no\/product\/tyskland-brakteat-1197-1221-4\/","title":{"rendered":"Tyskland, brakteat 1197-1221"},"content":{"rendered":"","protected":false},"excerpt":{"rendered":"<p>Tyskland, brakteat fra 1197-1221, sl\u00e5tt under markgreve Dietrich der Bedr\u00e4ngte av Meissen. Kv. 1+. Sittende markgreve p\u00e5 advers. Kantskade. Schwinkowski 170; Krug 162. 0,82 g.<\/p>\n<p>Protokollnr. 5550<\/p>\n","protected":false},"featured_media":49313,"comment_status":"closed","ping_status":"closed","template":"","meta":{"_acf_changed":false},"product_brand":[],"product_cat":[736,744,802],"product_tag":[],"class_list":{"0":"post-49314","1":"product","2":"type-product","3":"status-publish","4":"has-post-thumbnail","6":"product_cat-hele-verden","7":"product_cat-europa-2","8":"product_cat-preussen-tyskland-sterrike","10":"first","11":"instock","12":"shipping-taxable","13":"purchasable","14":"product-type-simple","15":"layout-style-1","16":"col-md-4 col-sm-4 col-xs-6","17":"col-lg-3","18":"product-style-default"},"acf":[],"yoast_head":"<!-- This site is optimized with the Yoast SEO plugin v27.3 - https:\/\/yoast.com\/product\/yoast-seo-wordpress\/ -->\n<title>Tyskland, brakteat 1197-1221 - Coin &amp; Banknote Specialist<\/title>\n<meta name=\"robots\" content=\"index, follow, max-snippet:-1, max-image-preview:large, max-video-preview:-1\" \/>\n<link rel=\"canonical\" href=\"https:\/\/denarius.no\/no\/product\/tyskland-brakteat-1197-1221-4\/\" \/>\n<meta property=\"og:locale\" content=\"nb_NO\" \/>\n<meta property=\"og:type\" content=\"article\" \/>\n<meta property=\"og:title\" content=\"Tyskland, brakteat 1197-1221 - Coin &amp; Banknote Specialist\" \/>\n<meta property=\"og:description\" content=\"Tyskland, brakteat fra 1197-1221, sl\u00e5tt under markgreve Dietrich der Bedr\u00e4ngte av Meissen. Kv. 1+. Sittende markgreve p\u00e5 advers. Kantskade. Schwinkowski 170; Krug 162. 0,82 g.  Protokollnr. 5550\" \/>\n<meta property=\"og:url\" content=\"https:\/\/denarius.no\/no\/product\/tyskland-brakteat-1197-1221-4\/\" \/>\n<meta property=\"og:site_name\" content=\"Coin &amp; Banknote Specialist\" \/>\n<meta property=\"article:modified_time\" content=\"2025-03-25T09:46:30+00:00\" \/>\n<meta property=\"og:image\" content=\"https:\/\/denarius.no\/wp-content\/uploads\/2024\/09\/Protokollnr.-5550-scaled.jpg\" \/>\n\t<meta property=\"og:image:width\" content=\"2560\" \/>\n\t<meta property=\"og:image:height\" content=\"1201\" \/>\n\t<meta property=\"og:image:type\" content=\"image\/jpeg\" \/>\n<meta name=\"twitter:card\" content=\"summary_large_image\" \/>\n<meta name=\"twitter:label1\" content=\"Ansl. lesetid\" \/>\n\t<meta name=\"twitter:data1\" content=\"1 minutt\" \/>\n<script type=\"application\/ld+json\" class=\"yoast-schema-graph\">{\"@context\":\"https:\\\/\\\/schema.org\",\"@graph\":[{\"@type\":\"WebPage\",\"@id\":\"https:\\\/\\\/denarius.no\\\/no\\\/product\\\/tyskland-brakteat-1197-1221-4\\\/\",\"url\":\"https:\\\/\\\/denarius.no\\\/no\\\/product\\\/tyskland-brakteat-1197-1221-4\\\/\",\"name\":\"Tyskland, brakteat 1197-1221 - Coin &amp; Banknote Specialist\",\"isPartOf\":{\"@id\":\"https:\\\/\\\/denarius.no\\\/#website\"},\"primaryImageOfPage\":{\"@id\":\"https:\\\/\\\/denarius.no\\\/no\\\/product\\\/tyskland-brakteat-1197-1221-4\\\/#primaryimage\"},\"image\":{\"@id\":\"https:\\\/\\\/denarius.no\\\/no\\\/product\\\/tyskland-brakteat-1197-1221-4\\\/#primaryimage\"},\"thumbnailUrl\":\"https:\\\/\\\/denarius.no\\\/wp-content\\\/uploads\\\/2024\\\/09\\\/Protokollnr.-5550-scaled.jpg\",\"datePublished\":\"2024-09-24T21:10:49+00:00\",\"dateModified\":\"2025-03-25T09:46:30+00:00\",\"breadcrumb\":{\"@id\":\"https:\\\/\\\/denarius.no\\\/no\\\/product\\\/tyskland-brakteat-1197-1221-4\\\/#breadcrumb\"},\"inLanguage\":\"nb-NO\",\"potentialAction\":[{\"@type\":\"ReadAction\",\"target\":[\"https:\\\/\\\/denarius.no\\\/no\\\/product\\\/tyskland-brakteat-1197-1221-4\\\/\"]}]},{\"@type\":\"ImageObject\",\"inLanguage\":\"nb-NO\",\"@id\":\"https:\\\/\\\/denarius.no\\\/no\\\/product\\\/tyskland-brakteat-1197-1221-4\\\/#primaryimage\",\"url\":\"https:\\\/\\\/denarius.no\\\/wp-content\\\/uploads\\\/2024\\\/09\\\/Protokollnr.-5550-scaled.jpg\",\"contentUrl\":\"https:\\\/\\\/denarius.no\\\/wp-content\\\/uploads\\\/2024\\\/09\\\/Protokollnr.-5550-scaled.jpg\",\"width\":2560,\"height\":1201},{\"@type\":\"BreadcrumbList\",\"@id\":\"https:\\\/\\\/denarius.no\\\/no\\\/product\\\/tyskland-brakteat-1197-1221-4\\\/#breadcrumb\",\"itemListElement\":[{\"@type\":\"ListItem\",\"position\":1,\"name\":\"Home\",\"item\":\"https:\\\/\\\/denarius.no\\\/no\\\/coin-banknote-dealer-specialist\\\/\"},{\"@type\":\"ListItem\",\"position\":2,\"name\":\"Nettbutikk\",\"item\":\"https:\\\/\\\/denarius.no\\\/no\\\/shop\\\/\"},{\"@type\":\"ListItem\",\"position\":3,\"name\":\"Tyskland, brakteat 1197-1221\"}]},{\"@type\":\"WebSite\",\"@id\":\"https:\\\/\\\/denarius.no\\\/#website\",\"url\":\"https:\\\/\\\/denarius.no\\\/\",\"name\":\"Coin &amp; Banknote Specialist\",\"description\":\"Denarius\",\"potentialAction\":[{\"@type\":\"SearchAction\",\"target\":{\"@type\":\"EntryPoint\",\"urlTemplate\":\"https:\\\/\\\/denarius.no\\\/?s={search_term_string}\"},\"query-input\":{\"@type\":\"PropertyValueSpecification\",\"valueRequired\":true,\"valueName\":\"search_term_string\"}}],\"inLanguage\":\"nb-NO\"}]}<\/script>\n<!-- \/ Yoast SEO plugin. -->","yoast_head_json":{"title":"Tyskland, brakteat 1197-1221 - Coin &amp; Banknote Specialist","robots":{"index":"index","follow":"follow","max-snippet":"max-snippet:-1","max-image-preview":"max-image-preview:large","max-video-preview":"max-video-preview:-1"},"canonical":"https:\/\/denarius.no\/no\/product\/tyskland-brakteat-1197-1221-4\/","og_locale":"nb_NO","og_type":"article","og_title":"Tyskland, brakteat 1197-1221 - Coin &amp; Banknote Specialist","og_description":"Tyskland, brakteat fra 1197-1221, sl\u00e5tt under markgreve Dietrich der Bedr\u00e4ngte av Meissen. Kv. 1+. Sittende markgreve p\u00e5 advers. Kantskade. Schwinkowski 170; Krug 162. 0,82 g.  Protokollnr. 5550","og_url":"https:\/\/denarius.no\/no\/product\/tyskland-brakteat-1197-1221-4\/","og_site_name":"Coin &amp; Banknote Specialist","article_modified_time":"2025-03-25T09:46:30+00:00","og_image":[{"width":2560,"height":1201,"url":"https:\/\/denarius.no\/wp-content\/uploads\/2024\/09\/Protokollnr.-5550-scaled.jpg","type":"image\/jpeg"}],"twitter_card":"summary_large_image","twitter_misc":{"Ansl. lesetid":"1 minutt"},"schema":{"@context":"https:\/\/schema.org","@graph":[{"@type":"WebPage","@id":"https:\/\/denarius.no\/no\/product\/tyskland-brakteat-1197-1221-4\/","url":"https:\/\/denarius.no\/no\/product\/tyskland-brakteat-1197-1221-4\/","name":"Tyskland, brakteat 1197-1221 - Coin &amp; Banknote Specialist","isPartOf":{"@id":"https:\/\/denarius.no\/#website"},"primaryImageOfPage":{"@id":"https:\/\/denarius.no\/no\/product\/tyskland-brakteat-1197-1221-4\/#primaryimage"},"image":{"@id":"https:\/\/denarius.no\/no\/product\/tyskland-brakteat-1197-1221-4\/#primaryimage"},"thumbnailUrl":"https:\/\/denarius.no\/wp-content\/uploads\/2024\/09\/Protokollnr.-5550-scaled.jpg","datePublished":"2024-09-24T21:10:49+00:00","dateModified":"2025-03-25T09:46:30+00:00","breadcrumb":{"@id":"https:\/\/denarius.no\/no\/product\/tyskland-brakteat-1197-1221-4\/#breadcrumb"},"inLanguage":"nb-NO","potentialAction":[{"@type":"ReadAction","target":["https:\/\/denarius.no\/no\/product\/tyskland-brakteat-1197-1221-4\/"]}]},{"@type":"ImageObject","inLanguage":"nb-NO","@id":"https:\/\/denarius.no\/no\/product\/tyskland-brakteat-1197-1221-4\/#primaryimage","url":"https:\/\/denarius.no\/wp-content\/uploads\/2024\/09\/Protokollnr.-5550-scaled.jpg","contentUrl":"https:\/\/denarius.no\/wp-content\/uploads\/2024\/09\/Protokollnr.-5550-scaled.jpg","width":2560,"height":1201},{"@type":"BreadcrumbList","@id":"https:\/\/denarius.no\/no\/product\/tyskland-brakteat-1197-1221-4\/#breadcrumb","itemListElement":[{"@type":"ListItem","position":1,"name":"Home","item":"https:\/\/denarius.no\/no\/coin-banknote-dealer-specialist\/"},{"@type":"ListItem","position":2,"name":"Nettbutikk","item":"https:\/\/denarius.no\/no\/shop\/"},{"@type":"ListItem","position":3,"name":"Tyskland, brakteat 1197-1221"}]},{"@type":"WebSite","@id":"https:\/\/denarius.no\/#website","url":"https:\/\/denarius.no\/","name":"Coin &amp; Banknote Specialist","description":"Denarius","potentialAction":[{"@type":"SearchAction","target":{"@type":"EntryPoint","urlTemplate":"https:\/\/denarius.no\/?s={search_term_string}"},"query-input":{"@type":"PropertyValueSpecification","valueRequired":true,"valueName":"search_term_string"}}],"inLanguage":"nb-NO"}]}},"_links":{"self":[{"href":"https:\/\/denarius.no\/no\/wp-json\/wp\/v2\/product\/49314","targetHints":{"allow":["GET"]}}],"collection":[{"href":"https:\/\/denarius.no\/no\/wp-json\/wp\/v2\/product"}],"about":[{"href":"https:\/\/denarius.no\/no\/wp-json\/wp\/v2\/types\/product"}],"replies":[{"embeddable":true,"href":"https:\/\/denarius.no\/no\/wp-json\/wp\/v2\/comments?post=49314"}],"wp:featuredmedia":[{"embeddable":true,"href":"https:\/\/denarius.no\/no\/wp-json\/wp\/v2\/media\/49313"}],"wp:attachment":[{"href":"https:\/\/denarius.no\/no\/wp-json\/wp\/v2\/media?parent=49314"}],"wp:term":[{"taxonomy":"product_brand","embeddable":true,"href":"https:\/\/denarius.no\/no\/wp-json\/wp\/v2\/product_brand?post=49314"},{"taxonomy":"product_cat","embeddable":true,"href":"https:\/\/denarius.no\/no\/wp-json\/wp\/v2\/product_cat?post=49314"},{"taxonomy":"product_tag","embeddable":true,"href":"https:\/\/denarius.no\/no\/wp-json\/wp\/v2\/product_tag?post=49314"}],"curies":[{"name":"wp","href":"https:\/\/api.w.org\/{rel}","templated":true}]}}