{"id":49360,"date":"2024-10-10T21:51:13","date_gmt":"2024-10-10T19:52:44","guid":{"rendered":"https:\/\/denarius.no\/?post_type=product&#038;p=49360"},"modified":"2025-03-25T10:47:48","modified_gmt":"2025-03-25T09:47:48","slug":"graensevagten-1905","status":"publish","type":"product","link":"https:\/\/denarius.no\/no\/product\/graensevagten-1905\/","title":{"rendered":"Gr\u00e6nsevagten 1905"},"content":{"rendered":"","protected":false},"excerpt":{"rendered":"<p>\u201cGr\u00e6nsevagten 1905\u201d, s\u00f8lvmedalje datert 1905, tildelt et utvalg soldater som patruljerte grensen mellom Norge og Sverige f\u00f8r oppl\u00f8sningen av personalunionen mellom konged\u00f8mmene Norge og Sverige. Kv. 01. Gravert av Ivar Thronsen. St\u00f8ren &amp; Holst 282. 27 mm x 30 mm.<\/p>\n<p>Protokollnr. 5557<\/p>\n","protected":false},"featured_media":49359,"comment_status":"closed","ping_status":"closed","template":"","meta":{"_acf_changed":false},"product_brand":[],"product_cat":[726,728],"product_tag":[],"class_list":{"0":"post-49360","1":"product","2":"type-product","3":"status-publish","4":"has-post-thumbnail","6":"product_cat-diverse","7":"product_cat-medaljer","9":"first","10":"instock","11":"shipping-taxable","12":"purchasable","13":"product-type-simple","14":"layout-style-1","15":"col-md-4 col-sm-4 col-xs-6","16":"col-lg-3","17":"product-style-default"},"acf":[],"yoast_head":"<!-- This site is optimized with the Yoast SEO plugin v27.3 - https:\/\/yoast.com\/product\/yoast-seo-wordpress\/ -->\n<title>Gr\u00e6nsevagten 1905 - Coin &amp; Banknote Specialist<\/title>\n<meta name=\"robots\" content=\"index, follow, max-snippet:-1, max-image-preview:large, max-video-preview:-1\" \/>\n<link rel=\"canonical\" href=\"https:\/\/denarius.no\/no\/product\/graensevagten-1905\/\" \/>\n<meta property=\"og:locale\" content=\"nb_NO\" \/>\n<meta property=\"og:type\" content=\"article\" \/>\n<meta property=\"og:title\" content=\"Gr\u00e6nsevagten 1905 - Coin &amp; Banknote Specialist\" \/>\n<meta property=\"og:description\" content=\"\u201cGr\u00e6nsevagten 1905\u201d, s\u00f8lvmedalje datert 1905, tildelt et utvalg soldater som patruljerte grensen mellom Norge og Sverige f\u00f8r oppl\u00f8sningen av personalunionen mellom konged\u00f8mmene Norge og Sverige. Kv. 01. Gravert av Ivar Thronsen. St\u00f8ren &amp; Holst 282. 27 mm x 30 mm.  Protokollnr. 5557\" \/>\n<meta property=\"og:url\" content=\"https:\/\/denarius.no\/no\/product\/graensevagten-1905\/\" \/>\n<meta property=\"og:site_name\" content=\"Coin &amp; Banknote Specialist\" \/>\n<meta property=\"article:modified_time\" content=\"2025-03-25T09:47:48+00:00\" \/>\n<meta property=\"og:image\" content=\"https:\/\/denarius.no\/wp-content\/uploads\/2024\/10\/Protokollnr.-5557.jpg\" \/>\n\t<meta property=\"og:image:width\" content=\"2141\" \/>\n\t<meta property=\"og:image:height\" content=\"1959\" \/>\n\t<meta property=\"og:image:type\" content=\"image\/jpeg\" \/>\n<meta name=\"twitter:card\" content=\"summary_large_image\" \/>\n<meta name=\"twitter:label1\" content=\"Ansl. lesetid\" \/>\n\t<meta name=\"twitter:data1\" content=\"1 minutt\" \/>\n<script type=\"application\/ld+json\" class=\"yoast-schema-graph\">{\"@context\":\"https:\\\/\\\/schema.org\",\"@graph\":[{\"@type\":\"WebPage\",\"@id\":\"https:\\\/\\\/denarius.no\\\/no\\\/product\\\/graensevagten-1905\\\/\",\"url\":\"https:\\\/\\\/denarius.no\\\/no\\\/product\\\/graensevagten-1905\\\/\",\"name\":\"Gr\u00e6nsevagten 1905 - Coin &amp; Banknote Specialist\",\"isPartOf\":{\"@id\":\"https:\\\/\\\/denarius.no\\\/#website\"},\"primaryImageOfPage\":{\"@id\":\"https:\\\/\\\/denarius.no\\\/no\\\/product\\\/graensevagten-1905\\\/#primaryimage\"},\"image\":{\"@id\":\"https:\\\/\\\/denarius.no\\\/no\\\/product\\\/graensevagten-1905\\\/#primaryimage\"},\"thumbnailUrl\":\"https:\\\/\\\/denarius.no\\\/wp-content\\\/uploads\\\/2024\\\/10\\\/Protokollnr.-5557.jpg\",\"datePublished\":\"2024-10-10T19:52:44+00:00\",\"dateModified\":\"2025-03-25T09:47:48+00:00\",\"breadcrumb\":{\"@id\":\"https:\\\/\\\/denarius.no\\\/no\\\/product\\\/graensevagten-1905\\\/#breadcrumb\"},\"inLanguage\":\"nb-NO\",\"potentialAction\":[{\"@type\":\"ReadAction\",\"target\":[\"https:\\\/\\\/denarius.no\\\/no\\\/product\\\/graensevagten-1905\\\/\"]}]},{\"@type\":\"ImageObject\",\"inLanguage\":\"nb-NO\",\"@id\":\"https:\\\/\\\/denarius.no\\\/no\\\/product\\\/graensevagten-1905\\\/#primaryimage\",\"url\":\"https:\\\/\\\/denarius.no\\\/wp-content\\\/uploads\\\/2024\\\/10\\\/Protokollnr.-5557.jpg\",\"contentUrl\":\"https:\\\/\\\/denarius.no\\\/wp-content\\\/uploads\\\/2024\\\/10\\\/Protokollnr.-5557.jpg\",\"width\":2141,\"height\":1959},{\"@type\":\"BreadcrumbList\",\"@id\":\"https:\\\/\\\/denarius.no\\\/no\\\/product\\\/graensevagten-1905\\\/#breadcrumb\",\"itemListElement\":[{\"@type\":\"ListItem\",\"position\":1,\"name\":\"Home\",\"item\":\"https:\\\/\\\/denarius.no\\\/no\\\/coin-banknote-dealer-specialist\\\/\"},{\"@type\":\"ListItem\",\"position\":2,\"name\":\"Nettbutikk\",\"item\":\"https:\\\/\\\/denarius.no\\\/no\\\/shop\\\/\"},{\"@type\":\"ListItem\",\"position\":3,\"name\":\"Gr\u00e6nsevagten 1905\"}]},{\"@type\":\"WebSite\",\"@id\":\"https:\\\/\\\/denarius.no\\\/#website\",\"url\":\"https:\\\/\\\/denarius.no\\\/\",\"name\":\"Coin &amp; Banknote Specialist\",\"description\":\"Denarius\",\"potentialAction\":[{\"@type\":\"SearchAction\",\"target\":{\"@type\":\"EntryPoint\",\"urlTemplate\":\"https:\\\/\\\/denarius.no\\\/?s={search_term_string}\"},\"query-input\":{\"@type\":\"PropertyValueSpecification\",\"valueRequired\":true,\"valueName\":\"search_term_string\"}}],\"inLanguage\":\"nb-NO\"}]}<\/script>\n<!-- \/ Yoast SEO plugin. -->","yoast_head_json":{"title":"Gr\u00e6nsevagten 1905 - Coin &amp; Banknote Specialist","robots":{"index":"index","follow":"follow","max-snippet":"max-snippet:-1","max-image-preview":"max-image-preview:large","max-video-preview":"max-video-preview:-1"},"canonical":"https:\/\/denarius.no\/no\/product\/graensevagten-1905\/","og_locale":"nb_NO","og_type":"article","og_title":"Gr\u00e6nsevagten 1905 - Coin &amp; Banknote Specialist","og_description":"\u201cGr\u00e6nsevagten 1905\u201d, s\u00f8lvmedalje datert 1905, tildelt et utvalg soldater som patruljerte grensen mellom Norge og Sverige f\u00f8r oppl\u00f8sningen av personalunionen mellom konged\u00f8mmene Norge og Sverige. Kv. 01. Gravert av Ivar Thronsen. St\u00f8ren &amp; Holst 282. 27 mm x 30 mm.  Protokollnr. 5557","og_url":"https:\/\/denarius.no\/no\/product\/graensevagten-1905\/","og_site_name":"Coin &amp; Banknote Specialist","article_modified_time":"2025-03-25T09:47:48+00:00","og_image":[{"width":2141,"height":1959,"url":"https:\/\/denarius.no\/wp-content\/uploads\/2024\/10\/Protokollnr.-5557.jpg","type":"image\/jpeg"}],"twitter_card":"summary_large_image","twitter_misc":{"Ansl. lesetid":"1 minutt"},"schema":{"@context":"https:\/\/schema.org","@graph":[{"@type":"WebPage","@id":"https:\/\/denarius.no\/no\/product\/graensevagten-1905\/","url":"https:\/\/denarius.no\/no\/product\/graensevagten-1905\/","name":"Gr\u00e6nsevagten 1905 - Coin &amp; Banknote Specialist","isPartOf":{"@id":"https:\/\/denarius.no\/#website"},"primaryImageOfPage":{"@id":"https:\/\/denarius.no\/no\/product\/graensevagten-1905\/#primaryimage"},"image":{"@id":"https:\/\/denarius.no\/no\/product\/graensevagten-1905\/#primaryimage"},"thumbnailUrl":"https:\/\/denarius.no\/wp-content\/uploads\/2024\/10\/Protokollnr.-5557.jpg","datePublished":"2024-10-10T19:52:44+00:00","dateModified":"2025-03-25T09:47:48+00:00","breadcrumb":{"@id":"https:\/\/denarius.no\/no\/product\/graensevagten-1905\/#breadcrumb"},"inLanguage":"nb-NO","potentialAction":[{"@type":"ReadAction","target":["https:\/\/denarius.no\/no\/product\/graensevagten-1905\/"]}]},{"@type":"ImageObject","inLanguage":"nb-NO","@id":"https:\/\/denarius.no\/no\/product\/graensevagten-1905\/#primaryimage","url":"https:\/\/denarius.no\/wp-content\/uploads\/2024\/10\/Protokollnr.-5557.jpg","contentUrl":"https:\/\/denarius.no\/wp-content\/uploads\/2024\/10\/Protokollnr.-5557.jpg","width":2141,"height":1959},{"@type":"BreadcrumbList","@id":"https:\/\/denarius.no\/no\/product\/graensevagten-1905\/#breadcrumb","itemListElement":[{"@type":"ListItem","position":1,"name":"Home","item":"https:\/\/denarius.no\/no\/coin-banknote-dealer-specialist\/"},{"@type":"ListItem","position":2,"name":"Nettbutikk","item":"https:\/\/denarius.no\/no\/shop\/"},{"@type":"ListItem","position":3,"name":"Gr\u00e6nsevagten 1905"}]},{"@type":"WebSite","@id":"https:\/\/denarius.no\/#website","url":"https:\/\/denarius.no\/","name":"Coin &amp; Banknote Specialist","description":"Denarius","potentialAction":[{"@type":"SearchAction","target":{"@type":"EntryPoint","urlTemplate":"https:\/\/denarius.no\/?s={search_term_string}"},"query-input":{"@type":"PropertyValueSpecification","valueRequired":true,"valueName":"search_term_string"}}],"inLanguage":"nb-NO"}]}},"_links":{"self":[{"href":"https:\/\/denarius.no\/no\/wp-json\/wp\/v2\/product\/49360","targetHints":{"allow":["GET"]}}],"collection":[{"href":"https:\/\/denarius.no\/no\/wp-json\/wp\/v2\/product"}],"about":[{"href":"https:\/\/denarius.no\/no\/wp-json\/wp\/v2\/types\/product"}],"replies":[{"embeddable":true,"href":"https:\/\/denarius.no\/no\/wp-json\/wp\/v2\/comments?post=49360"}],"wp:featuredmedia":[{"embeddable":true,"href":"https:\/\/denarius.no\/no\/wp-json\/wp\/v2\/media\/49359"}],"wp:attachment":[{"href":"https:\/\/denarius.no\/no\/wp-json\/wp\/v2\/media?parent=49360"}],"wp:term":[{"taxonomy":"product_brand","embeddable":true,"href":"https:\/\/denarius.no\/no\/wp-json\/wp\/v2\/product_brand?post=49360"},{"taxonomy":"product_cat","embeddable":true,"href":"https:\/\/denarius.no\/no\/wp-json\/wp\/v2\/product_cat?post=49360"},{"taxonomy":"product_tag","embeddable":true,"href":"https:\/\/denarius.no\/no\/wp-json\/wp\/v2\/product_tag?post=49360"}],"curies":[{"name":"wp","href":"https:\/\/api.w.org\/{rel}","templated":true}]}}