{"id":49568,"date":"2024-11-16T00:26:59","date_gmt":"2024-11-16T22:30:57","guid":{"rendered":"https:\/\/denarius.no\/?post_type=product&#038;p=49568"},"modified":"2025-03-25T10:47:33","modified_gmt":"2025-03-25T09:47:33","slug":"russland-ridderkors-gull-fra-st-annas-orden","status":"publish","type":"product","link":"https:\/\/denarius.no\/no\/product\/russland-ridderkors-gull-fra-st-annas-orden\/","title":{"rendered":"Russland, Ridderkors (gull!) fra St. Annas orden"},"content":{"rendered":"","protected":false},"excerpt":{"rendered":"<p>Russland, Ridderkors (gull!) fra St. Annas orden (ca. 1900). Tredje klasse. Sv\u00e6rt god stand p\u00e5 b\u00e5de gull og emalje. Ridderkorset er merket 56 zolotniki (14 karat gull), og ble produsert av Keibel i St. Petersburg. Barac 741; Durov 5; Romanov 32. 38 x 33,5 mm.<\/p>\n<p>Protokollnr. 5615<\/p>\n","protected":false},"featured_media":49565,"comment_status":"closed","ping_status":"closed","template":"","meta":{"_acf_changed":false},"product_brand":[],"product_cat":[726,728],"product_tag":[],"class_list":{"0":"post-49568","1":"product","2":"type-product","3":"status-publish","4":"has-post-thumbnail","6":"product_cat-diverse","7":"product_cat-medaljer","9":"first","10":"instock","11":"shipping-taxable","12":"purchasable","13":"product-type-simple","14":"layout-style-1","15":"col-md-4 col-sm-4 col-xs-6","16":"col-lg-3","17":"product-has-gallery","18":"product-style-default"},"acf":[],"yoast_head":"<!-- This site is optimized with the Yoast SEO plugin v27.4 - https:\/\/yoast.com\/product\/yoast-seo-wordpress\/ -->\n<title>Russland, Ridderkors (gull!) fra St. Annas orden - Coin &amp; Banknote Specialist<\/title>\n<meta name=\"robots\" content=\"index, follow, max-snippet:-1, max-image-preview:large, max-video-preview:-1\" \/>\n<link rel=\"canonical\" href=\"https:\/\/denarius.no\/no\/product\/russland-ridderkors-gull-fra-st-annas-orden\/\" \/>\n<meta property=\"og:locale\" content=\"nb_NO\" \/>\n<meta property=\"og:type\" content=\"article\" \/>\n<meta property=\"og:title\" content=\"Russland, Ridderkors (gull!) fra St. Annas orden - Coin &amp; Banknote Specialist\" \/>\n<meta property=\"og:description\" content=\"Russland, Ridderkors (gull!) fra St. Annas orden (ca. 1900). Tredje klasse. Sv\u00e6rt god stand p\u00e5 b\u00e5de gull og emalje. Ridderkorset er merket 56 zolotniki (14 karat gull), og ble produsert av Keibel i St. Petersburg. Barac 741; Durov 5; Romanov 32. 38 x 33,5 mm.  Protokollnr. 5615\" \/>\n<meta property=\"og:url\" content=\"https:\/\/denarius.no\/no\/product\/russland-ridderkors-gull-fra-st-annas-orden\/\" \/>\n<meta property=\"og:site_name\" content=\"Coin &amp; Banknote Specialist\" \/>\n<meta property=\"article:modified_time\" content=\"2025-03-25T09:47:33+00:00\" \/>\n<meta property=\"og:image\" content=\"https:\/\/denarius.no\/wp-content\/uploads\/2024\/11\/Protokollnr.-5615.jpg\" \/>\n\t<meta property=\"og:image:width\" content=\"2156\" \/>\n\t<meta property=\"og:image:height\" content=\"1945\" \/>\n\t<meta property=\"og:image:type\" content=\"image\/jpeg\" \/>\n<meta name=\"twitter:card\" content=\"summary_large_image\" \/>\n<meta name=\"twitter:label1\" content=\"Ansl. lesetid\" \/>\n\t<meta name=\"twitter:data1\" content=\"1 minutt\" \/>\n<script type=\"application\/ld+json\" class=\"yoast-schema-graph\">{\"@context\":\"https:\\\/\\\/schema.org\",\"@graph\":[{\"@type\":\"WebPage\",\"@id\":\"https:\\\/\\\/denarius.no\\\/no\\\/product\\\/russland-ridderkors-gull-fra-st-annas-orden\\\/\",\"url\":\"https:\\\/\\\/denarius.no\\\/no\\\/product\\\/russland-ridderkors-gull-fra-st-annas-orden\\\/\",\"name\":\"Russland, Ridderkors (gull!) fra St. Annas orden - Coin &amp; Banknote Specialist\",\"isPartOf\":{\"@id\":\"https:\\\/\\\/denarius.no\\\/#website\"},\"primaryImageOfPage\":{\"@id\":\"https:\\\/\\\/denarius.no\\\/no\\\/product\\\/russland-ridderkors-gull-fra-st-annas-orden\\\/#primaryimage\"},\"image\":{\"@id\":\"https:\\\/\\\/denarius.no\\\/no\\\/product\\\/russland-ridderkors-gull-fra-st-annas-orden\\\/#primaryimage\"},\"thumbnailUrl\":\"https:\\\/\\\/denarius.no\\\/wp-content\\\/uploads\\\/2024\\\/11\\\/Protokollnr.-5615.jpg\",\"datePublished\":\"2024-11-16T22:30:57+00:00\",\"dateModified\":\"2025-03-25T09:47:33+00:00\",\"breadcrumb\":{\"@id\":\"https:\\\/\\\/denarius.no\\\/no\\\/product\\\/russland-ridderkors-gull-fra-st-annas-orden\\\/#breadcrumb\"},\"inLanguage\":\"nb-NO\",\"potentialAction\":[{\"@type\":\"ReadAction\",\"target\":[\"https:\\\/\\\/denarius.no\\\/no\\\/product\\\/russland-ridderkors-gull-fra-st-annas-orden\\\/\"]}]},{\"@type\":\"ImageObject\",\"inLanguage\":\"nb-NO\",\"@id\":\"https:\\\/\\\/denarius.no\\\/no\\\/product\\\/russland-ridderkors-gull-fra-st-annas-orden\\\/#primaryimage\",\"url\":\"https:\\\/\\\/denarius.no\\\/wp-content\\\/uploads\\\/2024\\\/11\\\/Protokollnr.-5615.jpg\",\"contentUrl\":\"https:\\\/\\\/denarius.no\\\/wp-content\\\/uploads\\\/2024\\\/11\\\/Protokollnr.-5615.jpg\",\"width\":2156,\"height\":1945},{\"@type\":\"BreadcrumbList\",\"@id\":\"https:\\\/\\\/denarius.no\\\/no\\\/product\\\/russland-ridderkors-gull-fra-st-annas-orden\\\/#breadcrumb\",\"itemListElement\":[{\"@type\":\"ListItem\",\"position\":1,\"name\":\"Home\",\"item\":\"https:\\\/\\\/denarius.no\\\/no\\\/coin-banknote-dealer-specialist\\\/\"},{\"@type\":\"ListItem\",\"position\":2,\"name\":\"Nettbutikk\",\"item\":\"https:\\\/\\\/denarius.no\\\/no\\\/shop\\\/\"},{\"@type\":\"ListItem\",\"position\":3,\"name\":\"Russland, Ridderkors (gull!) fra St. Annas orden\"}]},{\"@type\":\"WebSite\",\"@id\":\"https:\\\/\\\/denarius.no\\\/#website\",\"url\":\"https:\\\/\\\/denarius.no\\\/\",\"name\":\"Coin &amp; Banknote Specialist\",\"description\":\"Denarius\",\"potentialAction\":[{\"@type\":\"SearchAction\",\"target\":{\"@type\":\"EntryPoint\",\"urlTemplate\":\"https:\\\/\\\/denarius.no\\\/?s={search_term_string}\"},\"query-input\":{\"@type\":\"PropertyValueSpecification\",\"valueRequired\":true,\"valueName\":\"search_term_string\"}}],\"inLanguage\":\"nb-NO\"}]}<\/script>\n<!-- \/ Yoast SEO plugin. -->","yoast_head_json":{"title":"Russland, Ridderkors (gull!) fra St. Annas orden - Coin &amp; Banknote Specialist","robots":{"index":"index","follow":"follow","max-snippet":"max-snippet:-1","max-image-preview":"max-image-preview:large","max-video-preview":"max-video-preview:-1"},"canonical":"https:\/\/denarius.no\/no\/product\/russland-ridderkors-gull-fra-st-annas-orden\/","og_locale":"nb_NO","og_type":"article","og_title":"Russland, Ridderkors (gull!) fra St. Annas orden - Coin &amp; Banknote Specialist","og_description":"Russland, Ridderkors (gull!) fra St. Annas orden (ca. 1900). Tredje klasse. Sv\u00e6rt god stand p\u00e5 b\u00e5de gull og emalje. Ridderkorset er merket 56 zolotniki (14 karat gull), og ble produsert av Keibel i St. Petersburg. Barac 741; Durov 5; Romanov 32. 38 x 33,5 mm.  Protokollnr. 5615","og_url":"https:\/\/denarius.no\/no\/product\/russland-ridderkors-gull-fra-st-annas-orden\/","og_site_name":"Coin &amp; Banknote Specialist","article_modified_time":"2025-03-25T09:47:33+00:00","og_image":[{"width":2156,"height":1945,"url":"https:\/\/denarius.no\/wp-content\/uploads\/2024\/11\/Protokollnr.-5615.jpg","type":"image\/jpeg"}],"twitter_card":"summary_large_image","twitter_misc":{"Ansl. lesetid":"1 minutt"},"schema":{"@context":"https:\/\/schema.org","@graph":[{"@type":"WebPage","@id":"https:\/\/denarius.no\/no\/product\/russland-ridderkors-gull-fra-st-annas-orden\/","url":"https:\/\/denarius.no\/no\/product\/russland-ridderkors-gull-fra-st-annas-orden\/","name":"Russland, Ridderkors (gull!) fra St. Annas orden - Coin &amp; Banknote Specialist","isPartOf":{"@id":"https:\/\/denarius.no\/#website"},"primaryImageOfPage":{"@id":"https:\/\/denarius.no\/no\/product\/russland-ridderkors-gull-fra-st-annas-orden\/#primaryimage"},"image":{"@id":"https:\/\/denarius.no\/no\/product\/russland-ridderkors-gull-fra-st-annas-orden\/#primaryimage"},"thumbnailUrl":"https:\/\/denarius.no\/wp-content\/uploads\/2024\/11\/Protokollnr.-5615.jpg","datePublished":"2024-11-16T22:30:57+00:00","dateModified":"2025-03-25T09:47:33+00:00","breadcrumb":{"@id":"https:\/\/denarius.no\/no\/product\/russland-ridderkors-gull-fra-st-annas-orden\/#breadcrumb"},"inLanguage":"nb-NO","potentialAction":[{"@type":"ReadAction","target":["https:\/\/denarius.no\/no\/product\/russland-ridderkors-gull-fra-st-annas-orden\/"]}]},{"@type":"ImageObject","inLanguage":"nb-NO","@id":"https:\/\/denarius.no\/no\/product\/russland-ridderkors-gull-fra-st-annas-orden\/#primaryimage","url":"https:\/\/denarius.no\/wp-content\/uploads\/2024\/11\/Protokollnr.-5615.jpg","contentUrl":"https:\/\/denarius.no\/wp-content\/uploads\/2024\/11\/Protokollnr.-5615.jpg","width":2156,"height":1945},{"@type":"BreadcrumbList","@id":"https:\/\/denarius.no\/no\/product\/russland-ridderkors-gull-fra-st-annas-orden\/#breadcrumb","itemListElement":[{"@type":"ListItem","position":1,"name":"Home","item":"https:\/\/denarius.no\/no\/coin-banknote-dealer-specialist\/"},{"@type":"ListItem","position":2,"name":"Nettbutikk","item":"https:\/\/denarius.no\/no\/shop\/"},{"@type":"ListItem","position":3,"name":"Russland, Ridderkors (gull!) fra St. Annas orden"}]},{"@type":"WebSite","@id":"https:\/\/denarius.no\/#website","url":"https:\/\/denarius.no\/","name":"Coin &amp; Banknote Specialist","description":"Denarius","potentialAction":[{"@type":"SearchAction","target":{"@type":"EntryPoint","urlTemplate":"https:\/\/denarius.no\/?s={search_term_string}"},"query-input":{"@type":"PropertyValueSpecification","valueRequired":true,"valueName":"search_term_string"}}],"inLanguage":"nb-NO"}]}},"_links":{"self":[{"href":"https:\/\/denarius.no\/no\/wp-json\/wp\/v2\/product\/49568","targetHints":{"allow":["GET"]}}],"collection":[{"href":"https:\/\/denarius.no\/no\/wp-json\/wp\/v2\/product"}],"about":[{"href":"https:\/\/denarius.no\/no\/wp-json\/wp\/v2\/types\/product"}],"replies":[{"embeddable":true,"href":"https:\/\/denarius.no\/no\/wp-json\/wp\/v2\/comments?post=49568"}],"wp:featuredmedia":[{"embeddable":true,"href":"https:\/\/denarius.no\/no\/wp-json\/wp\/v2\/media\/49565"}],"wp:attachment":[{"href":"https:\/\/denarius.no\/no\/wp-json\/wp\/v2\/media?parent=49568"}],"wp:term":[{"taxonomy":"product_brand","embeddable":true,"href":"https:\/\/denarius.no\/no\/wp-json\/wp\/v2\/product_brand?post=49568"},{"taxonomy":"product_cat","embeddable":true,"href":"https:\/\/denarius.no\/no\/wp-json\/wp\/v2\/product_cat?post=49568"},{"taxonomy":"product_tag","embeddable":true,"href":"https:\/\/denarius.no\/no\/wp-json\/wp\/v2\/product_tag?post=49568"}],"curies":[{"name":"wp","href":"https:\/\/api.w.org\/{rel}","templated":true}]}}