{"id":49879,"date":"2025-01-05T01:59:27","date_gmt":"2025-01-05T01:01:03","guid":{"rendered":"https:\/\/denarius.no\/?post_type=product&#038;p=49879"},"modified":"2025-03-25T10:49:04","modified_gmt":"2025-03-25T09:49:04","slug":"brakteat-1177-1202-3","status":"publish","type":"product","link":"https:\/\/denarius.no\/no\/product\/brakteat-1177-1202-3\/","title":{"rendered":"Brakteat 1177-1202 &#8211; Ex. Myntgalleriet 1995"},"content":{"rendered":"","protected":false},"excerpt":{"rendered":"<p>Brakteat fra 1177-1202, sl\u00e5tt under kong Sverre Sigurdsson. Kv. 1+\/01. Vakker mynt! Schive VIII:16-22. Ex. Myntgalleriet (Oslo, 22. oktober 1995); Numisma Mynthandel AS (Oslo, 7. november 2020). 0,08 g.<\/p>\n<p>Protocol no. 5618<\/p>\n<p>Eksportrestriksjoner p\u00e5 norske mynter f\u00f8r 1537 kan forekomme. Brakteater fra Sverre Sigurdsson har blitt eksportert med tillatelse mange ganger f\u00f8r.<\/p>\n","protected":false},"featured_media":49878,"comment_status":"closed","ping_status":"closed","template":"","meta":{"_acf_changed":false},"product_brand":[],"product_cat":[682,784],"product_tag":[],"class_list":{"0":"post-49879","1":"product","2":"type-product","3":"status-publish","4":"has-post-thumbnail","6":"product_cat-norge-for-1814","7":"product_cat-sverre-sigurdsson-4","9":"first","10":"instock","11":"shipping-taxable","12":"purchasable","13":"product-type-simple","14":"layout-style-1","15":"col-md-4 col-sm-4 col-xs-6","16":"col-lg-3","17":"product-style-default"},"acf":[],"yoast_head":"<!-- This site is optimized with the Yoast SEO plugin v27.3 - https:\/\/yoast.com\/product\/yoast-seo-wordpress\/ -->\n<title>Brakteat 1177-1202 - Ex. Myntgalleriet 1995 - Coin &amp; Banknote Specialist<\/title>\n<meta name=\"robots\" content=\"index, follow, max-snippet:-1, max-image-preview:large, max-video-preview:-1\" \/>\n<link rel=\"canonical\" href=\"https:\/\/denarius.no\/no\/product\/brakteat-1177-1202-3\/\" \/>\n<meta property=\"og:locale\" content=\"nb_NO\" \/>\n<meta property=\"og:type\" content=\"article\" \/>\n<meta property=\"og:title\" content=\"Brakteat 1177-1202 - Ex. Myntgalleriet 1995 - Coin &amp; Banknote Specialist\" \/>\n<meta property=\"og:description\" content=\"Brakteat fra 1177-1202, sl\u00e5tt under kong Sverre Sigurdsson. Kv. 1+\/01. Vakker mynt! Schive VIII:16-22. Ex. Myntgalleriet (Oslo, 22. oktober 1995); Numisma Mynthandel AS (Oslo, 7. november 2020). 0,08 g.  Protocol no. 5618  Eksportrestriksjoner p\u00e5 norske mynter f\u00f8r 1537 kan forekomme. Brakteater fra Sverre Sigurdsson har blitt eksportert med tillatelse mange ganger f\u00f8r.\" \/>\n<meta property=\"og:url\" content=\"https:\/\/denarius.no\/no\/product\/brakteat-1177-1202-3\/\" \/>\n<meta property=\"og:site_name\" content=\"Coin &amp; Banknote Specialist\" \/>\n<meta property=\"article:modified_time\" content=\"2025-03-25T09:49:04+00:00\" \/>\n<meta property=\"og:image\" content=\"https:\/\/denarius.no\/wp-content\/uploads\/2025\/01\/Protokollnr.-5618-scaled.jpg\" \/>\n\t<meta property=\"og:image:width\" content=\"2560\" \/>\n\t<meta property=\"og:image:height\" content=\"1229\" \/>\n\t<meta property=\"og:image:type\" content=\"image\/jpeg\" \/>\n<meta name=\"twitter:card\" content=\"summary_large_image\" \/>\n<meta name=\"twitter:label1\" content=\"Ansl. lesetid\" \/>\n\t<meta name=\"twitter:data1\" content=\"1 minutt\" \/>\n<script type=\"application\/ld+json\" class=\"yoast-schema-graph\">{\"@context\":\"https:\\\/\\\/schema.org\",\"@graph\":[{\"@type\":\"WebPage\",\"@id\":\"https:\\\/\\\/denarius.no\\\/no\\\/product\\\/brakteat-1177-1202-3\\\/\",\"url\":\"https:\\\/\\\/denarius.no\\\/no\\\/product\\\/brakteat-1177-1202-3\\\/\",\"name\":\"Brakteat 1177-1202 - Ex. Myntgalleriet 1995 - Coin &amp; Banknote Specialist\",\"isPartOf\":{\"@id\":\"https:\\\/\\\/denarius.no\\\/#website\"},\"primaryImageOfPage\":{\"@id\":\"https:\\\/\\\/denarius.no\\\/no\\\/product\\\/brakteat-1177-1202-3\\\/#primaryimage\"},\"image\":{\"@id\":\"https:\\\/\\\/denarius.no\\\/no\\\/product\\\/brakteat-1177-1202-3\\\/#primaryimage\"},\"thumbnailUrl\":\"https:\\\/\\\/denarius.no\\\/wp-content\\\/uploads\\\/2025\\\/01\\\/Protokollnr.-5618-scaled.jpg\",\"datePublished\":\"2025-01-05T01:01:03+00:00\",\"dateModified\":\"2025-03-25T09:49:04+00:00\",\"breadcrumb\":{\"@id\":\"https:\\\/\\\/denarius.no\\\/no\\\/product\\\/brakteat-1177-1202-3\\\/#breadcrumb\"},\"inLanguage\":\"nb-NO\",\"potentialAction\":[{\"@type\":\"ReadAction\",\"target\":[\"https:\\\/\\\/denarius.no\\\/no\\\/product\\\/brakteat-1177-1202-3\\\/\"]}]},{\"@type\":\"ImageObject\",\"inLanguage\":\"nb-NO\",\"@id\":\"https:\\\/\\\/denarius.no\\\/no\\\/product\\\/brakteat-1177-1202-3\\\/#primaryimage\",\"url\":\"https:\\\/\\\/denarius.no\\\/wp-content\\\/uploads\\\/2025\\\/01\\\/Protokollnr.-5618-scaled.jpg\",\"contentUrl\":\"https:\\\/\\\/denarius.no\\\/wp-content\\\/uploads\\\/2025\\\/01\\\/Protokollnr.-5618-scaled.jpg\",\"width\":2560,\"height\":1229},{\"@type\":\"BreadcrumbList\",\"@id\":\"https:\\\/\\\/denarius.no\\\/no\\\/product\\\/brakteat-1177-1202-3\\\/#breadcrumb\",\"itemListElement\":[{\"@type\":\"ListItem\",\"position\":1,\"name\":\"Home\",\"item\":\"https:\\\/\\\/denarius.no\\\/no\\\/coin-banknote-dealer-specialist\\\/\"},{\"@type\":\"ListItem\",\"position\":2,\"name\":\"Nettbutikk\",\"item\":\"https:\\\/\\\/denarius.no\\\/no\\\/shop\\\/\"},{\"@type\":\"ListItem\",\"position\":3,\"name\":\"Brakteat 1177-1202 &#8211; Ex. Myntgalleriet 1995\"}]},{\"@type\":\"WebSite\",\"@id\":\"https:\\\/\\\/denarius.no\\\/#website\",\"url\":\"https:\\\/\\\/denarius.no\\\/\",\"name\":\"Coin &amp; Banknote Specialist\",\"description\":\"Denarius\",\"potentialAction\":[{\"@type\":\"SearchAction\",\"target\":{\"@type\":\"EntryPoint\",\"urlTemplate\":\"https:\\\/\\\/denarius.no\\\/?s={search_term_string}\"},\"query-input\":{\"@type\":\"PropertyValueSpecification\",\"valueRequired\":true,\"valueName\":\"search_term_string\"}}],\"inLanguage\":\"nb-NO\"}]}<\/script>\n<!-- \/ Yoast SEO plugin. -->","yoast_head_json":{"title":"Brakteat 1177-1202 - Ex. Myntgalleriet 1995 - Coin &amp; Banknote Specialist","robots":{"index":"index","follow":"follow","max-snippet":"max-snippet:-1","max-image-preview":"max-image-preview:large","max-video-preview":"max-video-preview:-1"},"canonical":"https:\/\/denarius.no\/no\/product\/brakteat-1177-1202-3\/","og_locale":"nb_NO","og_type":"article","og_title":"Brakteat 1177-1202 - Ex. Myntgalleriet 1995 - Coin &amp; Banknote Specialist","og_description":"Brakteat fra 1177-1202, sl\u00e5tt under kong Sverre Sigurdsson. Kv. 1+\/01. Vakker mynt! Schive VIII:16-22. Ex. Myntgalleriet (Oslo, 22. oktober 1995); Numisma Mynthandel AS (Oslo, 7. november 2020). 0,08 g.  Protocol no. 5618  Eksportrestriksjoner p\u00e5 norske mynter f\u00f8r 1537 kan forekomme. Brakteater fra Sverre Sigurdsson har blitt eksportert med tillatelse mange ganger f\u00f8r.","og_url":"https:\/\/denarius.no\/no\/product\/brakteat-1177-1202-3\/","og_site_name":"Coin &amp; Banknote Specialist","article_modified_time":"2025-03-25T09:49:04+00:00","og_image":[{"width":2560,"height":1229,"url":"https:\/\/denarius.no\/wp-content\/uploads\/2025\/01\/Protokollnr.-5618-scaled.jpg","type":"image\/jpeg"}],"twitter_card":"summary_large_image","twitter_misc":{"Ansl. lesetid":"1 minutt"},"schema":{"@context":"https:\/\/schema.org","@graph":[{"@type":"WebPage","@id":"https:\/\/denarius.no\/no\/product\/brakteat-1177-1202-3\/","url":"https:\/\/denarius.no\/no\/product\/brakteat-1177-1202-3\/","name":"Brakteat 1177-1202 - Ex. Myntgalleriet 1995 - Coin &amp; Banknote Specialist","isPartOf":{"@id":"https:\/\/denarius.no\/#website"},"primaryImageOfPage":{"@id":"https:\/\/denarius.no\/no\/product\/brakteat-1177-1202-3\/#primaryimage"},"image":{"@id":"https:\/\/denarius.no\/no\/product\/brakteat-1177-1202-3\/#primaryimage"},"thumbnailUrl":"https:\/\/denarius.no\/wp-content\/uploads\/2025\/01\/Protokollnr.-5618-scaled.jpg","datePublished":"2025-01-05T01:01:03+00:00","dateModified":"2025-03-25T09:49:04+00:00","breadcrumb":{"@id":"https:\/\/denarius.no\/no\/product\/brakteat-1177-1202-3\/#breadcrumb"},"inLanguage":"nb-NO","potentialAction":[{"@type":"ReadAction","target":["https:\/\/denarius.no\/no\/product\/brakteat-1177-1202-3\/"]}]},{"@type":"ImageObject","inLanguage":"nb-NO","@id":"https:\/\/denarius.no\/no\/product\/brakteat-1177-1202-3\/#primaryimage","url":"https:\/\/denarius.no\/wp-content\/uploads\/2025\/01\/Protokollnr.-5618-scaled.jpg","contentUrl":"https:\/\/denarius.no\/wp-content\/uploads\/2025\/01\/Protokollnr.-5618-scaled.jpg","width":2560,"height":1229},{"@type":"BreadcrumbList","@id":"https:\/\/denarius.no\/no\/product\/brakteat-1177-1202-3\/#breadcrumb","itemListElement":[{"@type":"ListItem","position":1,"name":"Home","item":"https:\/\/denarius.no\/no\/coin-banknote-dealer-specialist\/"},{"@type":"ListItem","position":2,"name":"Nettbutikk","item":"https:\/\/denarius.no\/no\/shop\/"},{"@type":"ListItem","position":3,"name":"Brakteat 1177-1202 &#8211; Ex. Myntgalleriet 1995"}]},{"@type":"WebSite","@id":"https:\/\/denarius.no\/#website","url":"https:\/\/denarius.no\/","name":"Coin &amp; Banknote Specialist","description":"Denarius","potentialAction":[{"@type":"SearchAction","target":{"@type":"EntryPoint","urlTemplate":"https:\/\/denarius.no\/?s={search_term_string}"},"query-input":{"@type":"PropertyValueSpecification","valueRequired":true,"valueName":"search_term_string"}}],"inLanguage":"nb-NO"}]}},"_links":{"self":[{"href":"https:\/\/denarius.no\/no\/wp-json\/wp\/v2\/product\/49879","targetHints":{"allow":["GET"]}}],"collection":[{"href":"https:\/\/denarius.no\/no\/wp-json\/wp\/v2\/product"}],"about":[{"href":"https:\/\/denarius.no\/no\/wp-json\/wp\/v2\/types\/product"}],"replies":[{"embeddable":true,"href":"https:\/\/denarius.no\/no\/wp-json\/wp\/v2\/comments?post=49879"}],"wp:featuredmedia":[{"embeddable":true,"href":"https:\/\/denarius.no\/no\/wp-json\/wp\/v2\/media\/49878"}],"wp:attachment":[{"href":"https:\/\/denarius.no\/no\/wp-json\/wp\/v2\/media?parent=49879"}],"wp:term":[{"taxonomy":"product_brand","embeddable":true,"href":"https:\/\/denarius.no\/no\/wp-json\/wp\/v2\/product_brand?post=49879"},{"taxonomy":"product_cat","embeddable":true,"href":"https:\/\/denarius.no\/no\/wp-json\/wp\/v2\/product_cat?post=49879"},{"taxonomy":"product_tag","embeddable":true,"href":"https:\/\/denarius.no\/no\/wp-json\/wp\/v2\/product_tag?post=49879"}],"curies":[{"name":"wp","href":"https:\/\/api.w.org\/{rel}","templated":true}]}}