{"id":49929,"date":"2025-01-15T21:53:41","date_gmt":"2025-01-15T20:53:41","guid":{"rendered":"https:\/\/denarius.no\/?post_type=product&#038;p=49929"},"modified":"2025-03-25T10:49:03","modified_gmt":"2025-03-25T09:49:03","slug":"skilling-1524-1533","status":"publish","type":"product","link":"https:\/\/denarius.no\/no\/product\/skilling-1524-1533\/","title":{"rendered":"Skilling 1524-1533"},"content":{"rendered":"","protected":false},"excerpt":{"rendered":"<p>Skilling fra 1524-1533 (u\/\u00e5r), sl\u00e5tt under kong Frederik I. Bergen myntsted. Kv. 1. I 1526 mottok slottsherre Vincent Lunge av Bergenhus et brev fra kong Frederik I. Brevet ba Lunge om \u00e5 initiere myntproduksjon i Bergen. Lunge ba derfor myntmester Hans, i et brev av 3. april 1527, om \u00e5 sl\u00e5 mynter i to nominaler: hvid og skilling. Fra og med 1530 ble skillinger i Bergen datert, og derfor kan man konkludere med at denne mynten vi har for salg, ble sl\u00e5tt en gang mellom 1527 og 1529. Schive XVI:14\/16; S. 22; Skaare 314; NMD 7. Ex. Oslo Myntgalleri AS, Norway. 1,63 g.<\/p>\n<p>Protokollnr. 5324<\/p>\n<p>Eksportrestriksjoner p\u00e5 norske mynter f\u00f8r 1537 kan forekomme.<\/p>\n","protected":false},"featured_media":49928,"comment_status":"closed","ping_status":"closed","template":"","meta":{"_acf_changed":false},"product_brand":[],"product_cat":[682,883],"product_tag":[],"class_list":{"0":"post-49929","1":"product","2":"type-product","3":"status-publish","4":"has-post-thumbnail","6":"product_cat-norge-for-1814","7":"product_cat-gaute-ivarsson-no","9":"first","10":"instock","11":"shipping-taxable","12":"purchasable","13":"product-type-simple","14":"layout-style-1","15":"col-md-4 col-sm-4 col-xs-6","16":"col-lg-3","17":"product-style-default"},"acf":[],"yoast_head":"<!-- This site is optimized with the Yoast SEO plugin v27.3 - https:\/\/yoast.com\/product\/yoast-seo-wordpress\/ -->\n<title>Skilling 1524-1533 - Coin &amp; Banknote Specialist<\/title>\n<meta name=\"robots\" content=\"index, follow, max-snippet:-1, max-image-preview:large, max-video-preview:-1\" \/>\n<link rel=\"canonical\" href=\"https:\/\/denarius.no\/no\/product\/skilling-1524-1533\/\" \/>\n<meta property=\"og:locale\" content=\"nb_NO\" \/>\n<meta property=\"og:type\" content=\"article\" \/>\n<meta property=\"og:title\" content=\"Skilling 1524-1533 - Coin &amp; Banknote Specialist\" \/>\n<meta property=\"og:description\" content=\"Skilling fra 1524-1533 (u\/\u00e5r), sl\u00e5tt under kong Frederik I. Bergen myntsted. Kv. 1. I 1526 mottok slottsherre Vincent Lunge av Bergenhus et brev fra kong Frederik I. Brevet ba Lunge om \u00e5 initiere myntproduksjon i Bergen. Lunge ba derfor myntmester Hans, i et brev av 3. april 1527, om \u00e5 sl\u00e5 mynter i to nominaler: hvid og skilling. Fra og med 1530 ble skillinger i Bergen datert, og derfor kan man konkludere med at denne mynten vi har for salg, ble sl\u00e5tt en gang mellom 1527 og 1529. Schive XVI:14\/16; S. 22; Skaare 314; NMD 7. Ex. Oslo Myntgalleri AS, Norway. 1,63 g.  Protokollnr. 5324  Eksportrestriksjoner p\u00e5 norske mynter f\u00f8r 1537 kan forekomme.\" \/>\n<meta property=\"og:url\" content=\"https:\/\/denarius.no\/no\/product\/skilling-1524-1533\/\" \/>\n<meta property=\"og:site_name\" content=\"Coin &amp; Banknote Specialist\" \/>\n<meta property=\"article:modified_time\" content=\"2025-03-25T09:49:03+00:00\" \/>\n<meta property=\"og:image\" content=\"https:\/\/denarius.no\/wp-content\/uploads\/2025\/01\/Protokollnr.-5649-scaled.jpg\" \/>\n\t<meta property=\"og:image:width\" content=\"2560\" \/>\n\t<meta property=\"og:image:height\" content=\"1255\" \/>\n\t<meta property=\"og:image:type\" content=\"image\/jpeg\" \/>\n<meta name=\"twitter:card\" content=\"summary_large_image\" \/>\n<meta name=\"twitter:label1\" content=\"Ansl. lesetid\" \/>\n\t<meta name=\"twitter:data1\" content=\"1 minutt\" \/>\n<script type=\"application\/ld+json\" class=\"yoast-schema-graph\">{\"@context\":\"https:\\\/\\\/schema.org\",\"@graph\":[{\"@type\":\"WebPage\",\"@id\":\"https:\\\/\\\/denarius.no\\\/no\\\/product\\\/skilling-1524-1533\\\/\",\"url\":\"https:\\\/\\\/denarius.no\\\/no\\\/product\\\/skilling-1524-1533\\\/\",\"name\":\"Skilling 1524-1533 - Coin &amp; Banknote Specialist\",\"isPartOf\":{\"@id\":\"https:\\\/\\\/denarius.no\\\/#website\"},\"primaryImageOfPage\":{\"@id\":\"https:\\\/\\\/denarius.no\\\/no\\\/product\\\/skilling-1524-1533\\\/#primaryimage\"},\"image\":{\"@id\":\"https:\\\/\\\/denarius.no\\\/no\\\/product\\\/skilling-1524-1533\\\/#primaryimage\"},\"thumbnailUrl\":\"https:\\\/\\\/denarius.no\\\/wp-content\\\/uploads\\\/2025\\\/01\\\/Protokollnr.-5649-scaled.jpg\",\"datePublished\":\"2025-01-15T20:53:41+00:00\",\"dateModified\":\"2025-03-25T09:49:03+00:00\",\"breadcrumb\":{\"@id\":\"https:\\\/\\\/denarius.no\\\/no\\\/product\\\/skilling-1524-1533\\\/#breadcrumb\"},\"inLanguage\":\"nb-NO\",\"potentialAction\":[{\"@type\":\"ReadAction\",\"target\":[\"https:\\\/\\\/denarius.no\\\/no\\\/product\\\/skilling-1524-1533\\\/\"]}]},{\"@type\":\"ImageObject\",\"inLanguage\":\"nb-NO\",\"@id\":\"https:\\\/\\\/denarius.no\\\/no\\\/product\\\/skilling-1524-1533\\\/#primaryimage\",\"url\":\"https:\\\/\\\/denarius.no\\\/wp-content\\\/uploads\\\/2025\\\/01\\\/Protokollnr.-5649-scaled.jpg\",\"contentUrl\":\"https:\\\/\\\/denarius.no\\\/wp-content\\\/uploads\\\/2025\\\/01\\\/Protokollnr.-5649-scaled.jpg\",\"width\":2560,\"height\":1255},{\"@type\":\"BreadcrumbList\",\"@id\":\"https:\\\/\\\/denarius.no\\\/no\\\/product\\\/skilling-1524-1533\\\/#breadcrumb\",\"itemListElement\":[{\"@type\":\"ListItem\",\"position\":1,\"name\":\"Home\",\"item\":\"https:\\\/\\\/denarius.no\\\/no\\\/coin-banknote-dealer-specialist\\\/\"},{\"@type\":\"ListItem\",\"position\":2,\"name\":\"Nettbutikk\",\"item\":\"https:\\\/\\\/denarius.no\\\/no\\\/shop\\\/\"},{\"@type\":\"ListItem\",\"position\":3,\"name\":\"Skilling 1524-1533\"}]},{\"@type\":\"WebSite\",\"@id\":\"https:\\\/\\\/denarius.no\\\/#website\",\"url\":\"https:\\\/\\\/denarius.no\\\/\",\"name\":\"Coin &amp; Banknote Specialist\",\"description\":\"Denarius\",\"potentialAction\":[{\"@type\":\"SearchAction\",\"target\":{\"@type\":\"EntryPoint\",\"urlTemplate\":\"https:\\\/\\\/denarius.no\\\/?s={search_term_string}\"},\"query-input\":{\"@type\":\"PropertyValueSpecification\",\"valueRequired\":true,\"valueName\":\"search_term_string\"}}],\"inLanguage\":\"nb-NO\"}]}<\/script>\n<!-- \/ Yoast SEO plugin. -->","yoast_head_json":{"title":"Skilling 1524-1533 - Coin &amp; Banknote Specialist","robots":{"index":"index","follow":"follow","max-snippet":"max-snippet:-1","max-image-preview":"max-image-preview:large","max-video-preview":"max-video-preview:-1"},"canonical":"https:\/\/denarius.no\/no\/product\/skilling-1524-1533\/","og_locale":"nb_NO","og_type":"article","og_title":"Skilling 1524-1533 - Coin &amp; Banknote Specialist","og_description":"Skilling fra 1524-1533 (u\/\u00e5r), sl\u00e5tt under kong Frederik I. Bergen myntsted. Kv. 1. I 1526 mottok slottsherre Vincent Lunge av Bergenhus et brev fra kong Frederik I. Brevet ba Lunge om \u00e5 initiere myntproduksjon i Bergen. Lunge ba derfor myntmester Hans, i et brev av 3. april 1527, om \u00e5 sl\u00e5 mynter i to nominaler: hvid og skilling. Fra og med 1530 ble skillinger i Bergen datert, og derfor kan man konkludere med at denne mynten vi har for salg, ble sl\u00e5tt en gang mellom 1527 og 1529. Schive XVI:14\/16; S. 22; Skaare 314; NMD 7. Ex. Oslo Myntgalleri AS, Norway. 1,63 g.  Protokollnr. 5324  Eksportrestriksjoner p\u00e5 norske mynter f\u00f8r 1537 kan forekomme.","og_url":"https:\/\/denarius.no\/no\/product\/skilling-1524-1533\/","og_site_name":"Coin &amp; Banknote Specialist","article_modified_time":"2025-03-25T09:49:03+00:00","og_image":[{"width":2560,"height":1255,"url":"https:\/\/denarius.no\/wp-content\/uploads\/2025\/01\/Protokollnr.-5649-scaled.jpg","type":"image\/jpeg"}],"twitter_card":"summary_large_image","twitter_misc":{"Ansl. lesetid":"1 minutt"},"schema":{"@context":"https:\/\/schema.org","@graph":[{"@type":"WebPage","@id":"https:\/\/denarius.no\/no\/product\/skilling-1524-1533\/","url":"https:\/\/denarius.no\/no\/product\/skilling-1524-1533\/","name":"Skilling 1524-1533 - Coin &amp; Banknote Specialist","isPartOf":{"@id":"https:\/\/denarius.no\/#website"},"primaryImageOfPage":{"@id":"https:\/\/denarius.no\/no\/product\/skilling-1524-1533\/#primaryimage"},"image":{"@id":"https:\/\/denarius.no\/no\/product\/skilling-1524-1533\/#primaryimage"},"thumbnailUrl":"https:\/\/denarius.no\/wp-content\/uploads\/2025\/01\/Protokollnr.-5649-scaled.jpg","datePublished":"2025-01-15T20:53:41+00:00","dateModified":"2025-03-25T09:49:03+00:00","breadcrumb":{"@id":"https:\/\/denarius.no\/no\/product\/skilling-1524-1533\/#breadcrumb"},"inLanguage":"nb-NO","potentialAction":[{"@type":"ReadAction","target":["https:\/\/denarius.no\/no\/product\/skilling-1524-1533\/"]}]},{"@type":"ImageObject","inLanguage":"nb-NO","@id":"https:\/\/denarius.no\/no\/product\/skilling-1524-1533\/#primaryimage","url":"https:\/\/denarius.no\/wp-content\/uploads\/2025\/01\/Protokollnr.-5649-scaled.jpg","contentUrl":"https:\/\/denarius.no\/wp-content\/uploads\/2025\/01\/Protokollnr.-5649-scaled.jpg","width":2560,"height":1255},{"@type":"BreadcrumbList","@id":"https:\/\/denarius.no\/no\/product\/skilling-1524-1533\/#breadcrumb","itemListElement":[{"@type":"ListItem","position":1,"name":"Home","item":"https:\/\/denarius.no\/no\/coin-banknote-dealer-specialist\/"},{"@type":"ListItem","position":2,"name":"Nettbutikk","item":"https:\/\/denarius.no\/no\/shop\/"},{"@type":"ListItem","position":3,"name":"Skilling 1524-1533"}]},{"@type":"WebSite","@id":"https:\/\/denarius.no\/#website","url":"https:\/\/denarius.no\/","name":"Coin &amp; Banknote Specialist","description":"Denarius","potentialAction":[{"@type":"SearchAction","target":{"@type":"EntryPoint","urlTemplate":"https:\/\/denarius.no\/?s={search_term_string}"},"query-input":{"@type":"PropertyValueSpecification","valueRequired":true,"valueName":"search_term_string"}}],"inLanguage":"nb-NO"}]}},"_links":{"self":[{"href":"https:\/\/denarius.no\/no\/wp-json\/wp\/v2\/product\/49929","targetHints":{"allow":["GET"]}}],"collection":[{"href":"https:\/\/denarius.no\/no\/wp-json\/wp\/v2\/product"}],"about":[{"href":"https:\/\/denarius.no\/no\/wp-json\/wp\/v2\/types\/product"}],"replies":[{"embeddable":true,"href":"https:\/\/denarius.no\/no\/wp-json\/wp\/v2\/comments?post=49929"}],"wp:featuredmedia":[{"embeddable":true,"href":"https:\/\/denarius.no\/no\/wp-json\/wp\/v2\/media\/49928"}],"wp:attachment":[{"href":"https:\/\/denarius.no\/no\/wp-json\/wp\/v2\/media?parent=49929"}],"wp:term":[{"taxonomy":"product_brand","embeddable":true,"href":"https:\/\/denarius.no\/no\/wp-json\/wp\/v2\/product_brand?post=49929"},{"taxonomy":"product_cat","embeddable":true,"href":"https:\/\/denarius.no\/no\/wp-json\/wp\/v2\/product_cat?post=49929"},{"taxonomy":"product_tag","embeddable":true,"href":"https:\/\/denarius.no\/no\/wp-json\/wp\/v2\/product_tag?post=49929"}],"curies":[{"name":"wp","href":"https:\/\/api.w.org\/{rel}","templated":true}]}}