{"id":50933,"date":"2025-09-10T22:01:50","date_gmt":"2025-09-10T20:01:50","guid":{"rendered":"https:\/\/denarius.no\/?post_type=product&#038;p=50933"},"modified":"2025-09-10T22:02:35","modified_gmt":"2025-09-10T20:02:35","slug":"gronland-50-ore-1926","status":"publish","type":"product","link":"https:\/\/denarius.no\/no\/product\/gronland-50-ore-1926\/","title":{"rendered":"Gr\u00f8nland, 50 \u00f8re 1926"},"content":{"rendered":"","protected":false},"excerpt":{"rendered":"<p>Gr\u00f8nland, 50 \u00f8re dated 1926. Kv. 1+. S 3; H 2; KM 7. 4,0 g.<\/p>\n<p>Protokollnr. 3744<\/p>\n","protected":false},"featured_media":50932,"comment_status":"closed","ping_status":"closed","template":"","meta":{"_acf_changed":false},"product_brand":[],"product_cat":[750,836],"product_tag":[],"class_list":{"0":"post-50933","1":"product","2":"type-product","3":"status-publish","4":"has-post-thumbnail","6":"product_cat-gr-nland","7":"product_cat-arktis","9":"first","10":"instock","11":"shipping-taxable","12":"purchasable","13":"product-type-simple","14":"layout-style-1","15":"col-md-4 col-sm-4 col-xs-6","16":"col-lg-3","17":"product-style-default"},"acf":[],"yoast_head":"<!-- This site is optimized with the Yoast SEO plugin v27.4 - https:\/\/yoast.com\/product\/yoast-seo-wordpress\/ -->\n<title>Gr\u00f8nland, 50 \u00f8re 1926 - Coin &amp; Banknote Specialist<\/title>\n<meta name=\"robots\" content=\"index, follow, max-snippet:-1, max-image-preview:large, max-video-preview:-1\" \/>\n<link rel=\"canonical\" href=\"https:\/\/denarius.no\/no\/product\/gronland-50-ore-1926\/\" \/>\n<meta property=\"og:locale\" content=\"nb_NO\" \/>\n<meta property=\"og:type\" content=\"article\" \/>\n<meta property=\"og:title\" content=\"Gr\u00f8nland, 50 \u00f8re 1926 - Coin &amp; Banknote Specialist\" \/>\n<meta property=\"og:description\" content=\"Gr\u00f8nland, 50 \u00f8re dated 1926. Kv. 1+. S 3; H 2; KM 7. 4,0 g.  Protokollnr. 3744\" \/>\n<meta property=\"og:url\" content=\"https:\/\/denarius.no\/no\/product\/gronland-50-ore-1926\/\" \/>\n<meta property=\"og:site_name\" content=\"Coin &amp; Banknote Specialist\" \/>\n<meta property=\"article:modified_time\" content=\"2025-09-10T20:02:35+00:00\" \/>\n<meta property=\"og:image\" content=\"https:\/\/denarius.no\/wp-content\/uploads\/2025\/09\/Protokollnr.-3744-scaled.jpeg\" \/>\n\t<meta property=\"og:image:width\" content=\"2560\" \/>\n\t<meta property=\"og:image:height\" content=\"1274\" \/>\n\t<meta property=\"og:image:type\" content=\"image\/jpeg\" \/>\n<meta name=\"twitter:card\" content=\"summary_large_image\" \/>\n<meta name=\"twitter:label1\" content=\"Ansl. lesetid\" \/>\n\t<meta name=\"twitter:data1\" content=\"1 minutt\" \/>\n<script type=\"application\/ld+json\" class=\"yoast-schema-graph\">{\"@context\":\"https:\\\/\\\/schema.org\",\"@graph\":[{\"@type\":\"WebPage\",\"@id\":\"https:\\\/\\\/denarius.no\\\/no\\\/product\\\/gronland-50-ore-1926\\\/\",\"url\":\"https:\\\/\\\/denarius.no\\\/no\\\/product\\\/gronland-50-ore-1926\\\/\",\"name\":\"Gr\u00f8nland, 50 \u00f8re 1926 - Coin &amp; Banknote Specialist\",\"isPartOf\":{\"@id\":\"https:\\\/\\\/denarius.no\\\/#website\"},\"primaryImageOfPage\":{\"@id\":\"https:\\\/\\\/denarius.no\\\/no\\\/product\\\/gronland-50-ore-1926\\\/#primaryimage\"},\"image\":{\"@id\":\"https:\\\/\\\/denarius.no\\\/no\\\/product\\\/gronland-50-ore-1926\\\/#primaryimage\"},\"thumbnailUrl\":\"https:\\\/\\\/denarius.no\\\/wp-content\\\/uploads\\\/2025\\\/09\\\/Protokollnr.-3744-scaled.jpeg\",\"datePublished\":\"2025-09-10T20:01:50+00:00\",\"dateModified\":\"2025-09-10T20:02:35+00:00\",\"breadcrumb\":{\"@id\":\"https:\\\/\\\/denarius.no\\\/no\\\/product\\\/gronland-50-ore-1926\\\/#breadcrumb\"},\"inLanguage\":\"nb-NO\",\"potentialAction\":[{\"@type\":\"ReadAction\",\"target\":[\"https:\\\/\\\/denarius.no\\\/no\\\/product\\\/gronland-50-ore-1926\\\/\"]}]},{\"@type\":\"ImageObject\",\"inLanguage\":\"nb-NO\",\"@id\":\"https:\\\/\\\/denarius.no\\\/no\\\/product\\\/gronland-50-ore-1926\\\/#primaryimage\",\"url\":\"https:\\\/\\\/denarius.no\\\/wp-content\\\/uploads\\\/2025\\\/09\\\/Protokollnr.-3744-scaled.jpeg\",\"contentUrl\":\"https:\\\/\\\/denarius.no\\\/wp-content\\\/uploads\\\/2025\\\/09\\\/Protokollnr.-3744-scaled.jpeg\",\"width\":2560,\"height\":1274},{\"@type\":\"BreadcrumbList\",\"@id\":\"https:\\\/\\\/denarius.no\\\/no\\\/product\\\/gronland-50-ore-1926\\\/#breadcrumb\",\"itemListElement\":[{\"@type\":\"ListItem\",\"position\":1,\"name\":\"Home\",\"item\":\"https:\\\/\\\/denarius.no\\\/no\\\/coin-banknote-dealer-specialist\\\/\"},{\"@type\":\"ListItem\",\"position\":2,\"name\":\"Nettbutikk\",\"item\":\"https:\\\/\\\/denarius.no\\\/no\\\/shop\\\/\"},{\"@type\":\"ListItem\",\"position\":3,\"name\":\"Gr\u00f8nland, 50 \u00f8re 1926\"}]},{\"@type\":\"WebSite\",\"@id\":\"https:\\\/\\\/denarius.no\\\/#website\",\"url\":\"https:\\\/\\\/denarius.no\\\/\",\"name\":\"Coin &amp; Banknote Specialist\",\"description\":\"Denarius\",\"potentialAction\":[{\"@type\":\"SearchAction\",\"target\":{\"@type\":\"EntryPoint\",\"urlTemplate\":\"https:\\\/\\\/denarius.no\\\/?s={search_term_string}\"},\"query-input\":{\"@type\":\"PropertyValueSpecification\",\"valueRequired\":true,\"valueName\":\"search_term_string\"}}],\"inLanguage\":\"nb-NO\"}]}<\/script>\n<!-- \/ Yoast SEO plugin. -->","yoast_head_json":{"title":"Gr\u00f8nland, 50 \u00f8re 1926 - Coin &amp; Banknote Specialist","robots":{"index":"index","follow":"follow","max-snippet":"max-snippet:-1","max-image-preview":"max-image-preview:large","max-video-preview":"max-video-preview:-1"},"canonical":"https:\/\/denarius.no\/no\/product\/gronland-50-ore-1926\/","og_locale":"nb_NO","og_type":"article","og_title":"Gr\u00f8nland, 50 \u00f8re 1926 - Coin &amp; Banknote Specialist","og_description":"Gr\u00f8nland, 50 \u00f8re dated 1926. Kv. 1+. S 3; H 2; KM 7. 4,0 g.  Protokollnr. 3744","og_url":"https:\/\/denarius.no\/no\/product\/gronland-50-ore-1926\/","og_site_name":"Coin &amp; Banknote Specialist","article_modified_time":"2025-09-10T20:02:35+00:00","og_image":[{"width":2560,"height":1274,"url":"https:\/\/denarius.no\/wp-content\/uploads\/2025\/09\/Protokollnr.-3744-scaled.jpeg","type":"image\/jpeg"}],"twitter_card":"summary_large_image","twitter_misc":{"Ansl. lesetid":"1 minutt"},"schema":{"@context":"https:\/\/schema.org","@graph":[{"@type":"WebPage","@id":"https:\/\/denarius.no\/no\/product\/gronland-50-ore-1926\/","url":"https:\/\/denarius.no\/no\/product\/gronland-50-ore-1926\/","name":"Gr\u00f8nland, 50 \u00f8re 1926 - Coin &amp; Banknote Specialist","isPartOf":{"@id":"https:\/\/denarius.no\/#website"},"primaryImageOfPage":{"@id":"https:\/\/denarius.no\/no\/product\/gronland-50-ore-1926\/#primaryimage"},"image":{"@id":"https:\/\/denarius.no\/no\/product\/gronland-50-ore-1926\/#primaryimage"},"thumbnailUrl":"https:\/\/denarius.no\/wp-content\/uploads\/2025\/09\/Protokollnr.-3744-scaled.jpeg","datePublished":"2025-09-10T20:01:50+00:00","dateModified":"2025-09-10T20:02:35+00:00","breadcrumb":{"@id":"https:\/\/denarius.no\/no\/product\/gronland-50-ore-1926\/#breadcrumb"},"inLanguage":"nb-NO","potentialAction":[{"@type":"ReadAction","target":["https:\/\/denarius.no\/no\/product\/gronland-50-ore-1926\/"]}]},{"@type":"ImageObject","inLanguage":"nb-NO","@id":"https:\/\/denarius.no\/no\/product\/gronland-50-ore-1926\/#primaryimage","url":"https:\/\/denarius.no\/wp-content\/uploads\/2025\/09\/Protokollnr.-3744-scaled.jpeg","contentUrl":"https:\/\/denarius.no\/wp-content\/uploads\/2025\/09\/Protokollnr.-3744-scaled.jpeg","width":2560,"height":1274},{"@type":"BreadcrumbList","@id":"https:\/\/denarius.no\/no\/product\/gronland-50-ore-1926\/#breadcrumb","itemListElement":[{"@type":"ListItem","position":1,"name":"Home","item":"https:\/\/denarius.no\/no\/coin-banknote-dealer-specialist\/"},{"@type":"ListItem","position":2,"name":"Nettbutikk","item":"https:\/\/denarius.no\/no\/shop\/"},{"@type":"ListItem","position":3,"name":"Gr\u00f8nland, 50 \u00f8re 1926"}]},{"@type":"WebSite","@id":"https:\/\/denarius.no\/#website","url":"https:\/\/denarius.no\/","name":"Coin &amp; Banknote Specialist","description":"Denarius","potentialAction":[{"@type":"SearchAction","target":{"@type":"EntryPoint","urlTemplate":"https:\/\/denarius.no\/?s={search_term_string}"},"query-input":{"@type":"PropertyValueSpecification","valueRequired":true,"valueName":"search_term_string"}}],"inLanguage":"nb-NO"}]}},"_links":{"self":[{"href":"https:\/\/denarius.no\/no\/wp-json\/wp\/v2\/product\/50933","targetHints":{"allow":["GET"]}}],"collection":[{"href":"https:\/\/denarius.no\/no\/wp-json\/wp\/v2\/product"}],"about":[{"href":"https:\/\/denarius.no\/no\/wp-json\/wp\/v2\/types\/product"}],"replies":[{"embeddable":true,"href":"https:\/\/denarius.no\/no\/wp-json\/wp\/v2\/comments?post=50933"}],"wp:featuredmedia":[{"embeddable":true,"href":"https:\/\/denarius.no\/no\/wp-json\/wp\/v2\/media\/50932"}],"wp:attachment":[{"href":"https:\/\/denarius.no\/no\/wp-json\/wp\/v2\/media?parent=50933"}],"wp:term":[{"taxonomy":"product_brand","embeddable":true,"href":"https:\/\/denarius.no\/no\/wp-json\/wp\/v2\/product_brand?post=50933"},{"taxonomy":"product_cat","embeddable":true,"href":"https:\/\/denarius.no\/no\/wp-json\/wp\/v2\/product_cat?post=50933"},{"taxonomy":"product_tag","embeddable":true,"href":"https:\/\/denarius.no\/no\/wp-json\/wp\/v2\/product_tag?post=50933"}],"curies":[{"name":"wp","href":"https:\/\/api.w.org\/{rel}","templated":true}]}}