{"id":51425,"date":"2025-12-06T16:27:31","date_gmt":"2025-12-06T15:27:31","guid":{"rendered":"https:\/\/denarius.no\/?post_type=product&#038;p=51425"},"modified":"2025-12-06T16:28:42","modified_gmt":"2025-12-06T15:28:42","slug":"as-fra-keiser-tiberius-ca-22-30-e-kr-ex-jacques-schulman","status":"publish","type":"product","link":"https:\/\/denarius.no\/no\/product\/as-fra-keiser-tiberius-ca-22-30-e-kr-ex-jacques-schulman\/","title":{"rendered":"As fra keiser Tiberius (ca. 22-30 e. Kr.) &#8211; Ex. Jacques Schulman"},"content":{"rendered":"","protected":false},"excerpt":{"rendered":"<p>As fra ca. 22-30 e. Kr., sl\u00e5tt under keiser Tiberius til \u00e6re for Divus Augustus. Roma myntsted. Kv. 1+ (revers bedre). Vakker m\u00f8rkegr\u00f8nn patina. Divus Augustus med str\u00e5lekrone vendt mot v. \/ PROVIDENT, alter; i feltet S\u2013C. C Augustus 228; BMC Tiberius 146; RIC Tiberius 81; SB 1789. Ex. Jacques Schulman, Amsterdam (samlerkonvolutt inkludert) 11,49 g.<\/p>\n<p>Protokollnr. 5883<\/p>\n","protected":false},"featured_media":51422,"comment_status":"closed","ping_status":"closed","template":"","meta":{"_acf_changed":false},"product_brand":[],"product_cat":[698,702,873],"product_tag":[],"class_list":{"0":"post-51425","1":"product","2":"type-product","3":"status-publish","4":"has-post-thumbnail","6":"product_cat-antikken","7":"product_cat-romerske-mynter","8":"product_cat-27-f-kr-200-e-kr","10":"first","11":"instock","12":"shipping-taxable","13":"purchasable","14":"product-type-simple","15":"layout-style-1","16":"col-md-4 col-sm-4 col-xs-6","17":"col-lg-3","18":"product-has-gallery","19":"product-style-default"},"acf":[],"yoast_head":"<!-- This site is optimized with the Yoast SEO plugin v27.3 - https:\/\/yoast.com\/product\/yoast-seo-wordpress\/ -->\n<title>As fra keiser Tiberius (ca. 22-30 e. Kr.) - Ex. Jacques Schulman - Coin &amp; Banknote Specialist<\/title>\n<meta name=\"robots\" content=\"index, follow, max-snippet:-1, max-image-preview:large, max-video-preview:-1\" \/>\n<link rel=\"canonical\" href=\"https:\/\/denarius.no\/no\/product\/as-fra-keiser-tiberius-ca-22-30-e-kr-ex-jacques-schulman\/\" \/>\n<meta property=\"og:locale\" content=\"nb_NO\" \/>\n<meta property=\"og:type\" content=\"article\" \/>\n<meta property=\"og:title\" content=\"As fra keiser Tiberius (ca. 22-30 e. Kr.) - Ex. Jacques Schulman - Coin &amp; Banknote Specialist\" \/>\n<meta property=\"og:description\" content=\"As fra ca. 22-30 e. Kr., sl\u00e5tt under keiser Tiberius til \u00e6re for Divus Augustus. Roma myntsted. Kv. 1+ (revers bedre). Vakker m\u00f8rkegr\u00f8nn patina. Divus Augustus med str\u00e5lekrone vendt mot v. \/ PROVIDENT, alter; i feltet S\u2013C. C Augustus 228; BMC Tiberius 146; RIC Tiberius 81; SB 1789. Ex. Jacques Schulman, Amsterdam (samlerkonvolutt inkludert) 11,49 g.  Protokollnr. 5883\" \/>\n<meta property=\"og:url\" content=\"https:\/\/denarius.no\/no\/product\/as-fra-keiser-tiberius-ca-22-30-e-kr-ex-jacques-schulman\/\" \/>\n<meta property=\"og:site_name\" content=\"Coin &amp; Banknote Specialist\" \/>\n<meta property=\"article:modified_time\" content=\"2025-12-06T15:28:42+00:00\" \/>\n<meta property=\"og:image\" content=\"https:\/\/denarius.no\/wp-content\/uploads\/2025\/12\/Protokollnr.-5883-scaled.jpg\" \/>\n\t<meta property=\"og:image:width\" content=\"2560\" \/>\n\t<meta property=\"og:image:height\" content=\"1282\" \/>\n\t<meta property=\"og:image:type\" content=\"image\/jpeg\" \/>\n<meta name=\"twitter:card\" content=\"summary_large_image\" \/>\n<meta name=\"twitter:label1\" content=\"Ansl. lesetid\" \/>\n\t<meta name=\"twitter:data1\" content=\"1 minutt\" \/>\n<script type=\"application\/ld+json\" class=\"yoast-schema-graph\">{\"@context\":\"https:\\\/\\\/schema.org\",\"@graph\":[{\"@type\":\"WebPage\",\"@id\":\"https:\\\/\\\/denarius.no\\\/no\\\/product\\\/as-fra-keiser-tiberius-ca-22-30-e-kr-ex-jacques-schulman\\\/\",\"url\":\"https:\\\/\\\/denarius.no\\\/no\\\/product\\\/as-fra-keiser-tiberius-ca-22-30-e-kr-ex-jacques-schulman\\\/\",\"name\":\"As fra keiser Tiberius (ca. 22-30 e. Kr.) - Ex. Jacques Schulman - Coin &amp; Banknote Specialist\",\"isPartOf\":{\"@id\":\"https:\\\/\\\/denarius.no\\\/#website\"},\"primaryImageOfPage\":{\"@id\":\"https:\\\/\\\/denarius.no\\\/no\\\/product\\\/as-fra-keiser-tiberius-ca-22-30-e-kr-ex-jacques-schulman\\\/#primaryimage\"},\"image\":{\"@id\":\"https:\\\/\\\/denarius.no\\\/no\\\/product\\\/as-fra-keiser-tiberius-ca-22-30-e-kr-ex-jacques-schulman\\\/#primaryimage\"},\"thumbnailUrl\":\"https:\\\/\\\/denarius.no\\\/wp-content\\\/uploads\\\/2025\\\/12\\\/Protokollnr.-5883-scaled.jpg\",\"datePublished\":\"2025-12-06T15:27:31+00:00\",\"dateModified\":\"2025-12-06T15:28:42+00:00\",\"breadcrumb\":{\"@id\":\"https:\\\/\\\/denarius.no\\\/no\\\/product\\\/as-fra-keiser-tiberius-ca-22-30-e-kr-ex-jacques-schulman\\\/#breadcrumb\"},\"inLanguage\":\"nb-NO\",\"potentialAction\":[{\"@type\":\"ReadAction\",\"target\":[\"https:\\\/\\\/denarius.no\\\/no\\\/product\\\/as-fra-keiser-tiberius-ca-22-30-e-kr-ex-jacques-schulman\\\/\"]}]},{\"@type\":\"ImageObject\",\"inLanguage\":\"nb-NO\",\"@id\":\"https:\\\/\\\/denarius.no\\\/no\\\/product\\\/as-fra-keiser-tiberius-ca-22-30-e-kr-ex-jacques-schulman\\\/#primaryimage\",\"url\":\"https:\\\/\\\/denarius.no\\\/wp-content\\\/uploads\\\/2025\\\/12\\\/Protokollnr.-5883-scaled.jpg\",\"contentUrl\":\"https:\\\/\\\/denarius.no\\\/wp-content\\\/uploads\\\/2025\\\/12\\\/Protokollnr.-5883-scaled.jpg\",\"width\":2560,\"height\":1282},{\"@type\":\"BreadcrumbList\",\"@id\":\"https:\\\/\\\/denarius.no\\\/no\\\/product\\\/as-fra-keiser-tiberius-ca-22-30-e-kr-ex-jacques-schulman\\\/#breadcrumb\",\"itemListElement\":[{\"@type\":\"ListItem\",\"position\":1,\"name\":\"Home\",\"item\":\"https:\\\/\\\/denarius.no\\\/no\\\/coin-banknote-dealer-specialist\\\/\"},{\"@type\":\"ListItem\",\"position\":2,\"name\":\"Nettbutikk\",\"item\":\"https:\\\/\\\/denarius.no\\\/no\\\/shop\\\/\"},{\"@type\":\"ListItem\",\"position\":3,\"name\":\"As fra keiser Tiberius (ca. 22-30 e. Kr.) &#8211; Ex. Jacques Schulman\"}]},{\"@type\":\"WebSite\",\"@id\":\"https:\\\/\\\/denarius.no\\\/#website\",\"url\":\"https:\\\/\\\/denarius.no\\\/\",\"name\":\"Coin &amp; Banknote Specialist\",\"description\":\"Denarius\",\"potentialAction\":[{\"@type\":\"SearchAction\",\"target\":{\"@type\":\"EntryPoint\",\"urlTemplate\":\"https:\\\/\\\/denarius.no\\\/?s={search_term_string}\"},\"query-input\":{\"@type\":\"PropertyValueSpecification\",\"valueRequired\":true,\"valueName\":\"search_term_string\"}}],\"inLanguage\":\"nb-NO\"}]}<\/script>\n<!-- \/ Yoast SEO plugin. -->","yoast_head_json":{"title":"As fra keiser Tiberius (ca. 22-30 e. Kr.) - Ex. Jacques Schulman - Coin &amp; Banknote Specialist","robots":{"index":"index","follow":"follow","max-snippet":"max-snippet:-1","max-image-preview":"max-image-preview:large","max-video-preview":"max-video-preview:-1"},"canonical":"https:\/\/denarius.no\/no\/product\/as-fra-keiser-tiberius-ca-22-30-e-kr-ex-jacques-schulman\/","og_locale":"nb_NO","og_type":"article","og_title":"As fra keiser Tiberius (ca. 22-30 e. Kr.) - Ex. Jacques Schulman - Coin &amp; Banknote Specialist","og_description":"As fra ca. 22-30 e. Kr., sl\u00e5tt under keiser Tiberius til \u00e6re for Divus Augustus. Roma myntsted. Kv. 1+ (revers bedre). Vakker m\u00f8rkegr\u00f8nn patina. Divus Augustus med str\u00e5lekrone vendt mot v. \/ PROVIDENT, alter; i feltet S\u2013C. C Augustus 228; BMC Tiberius 146; RIC Tiberius 81; SB 1789. Ex. Jacques Schulman, Amsterdam (samlerkonvolutt inkludert) 11,49 g.  Protokollnr. 5883","og_url":"https:\/\/denarius.no\/no\/product\/as-fra-keiser-tiberius-ca-22-30-e-kr-ex-jacques-schulman\/","og_site_name":"Coin &amp; Banknote Specialist","article_modified_time":"2025-12-06T15:28:42+00:00","og_image":[{"width":2560,"height":1282,"url":"https:\/\/denarius.no\/wp-content\/uploads\/2025\/12\/Protokollnr.-5883-scaled.jpg","type":"image\/jpeg"}],"twitter_card":"summary_large_image","twitter_misc":{"Ansl. lesetid":"1 minutt"},"schema":{"@context":"https:\/\/schema.org","@graph":[{"@type":"WebPage","@id":"https:\/\/denarius.no\/no\/product\/as-fra-keiser-tiberius-ca-22-30-e-kr-ex-jacques-schulman\/","url":"https:\/\/denarius.no\/no\/product\/as-fra-keiser-tiberius-ca-22-30-e-kr-ex-jacques-schulman\/","name":"As fra keiser Tiberius (ca. 22-30 e. Kr.) - Ex. Jacques Schulman - Coin &amp; Banknote Specialist","isPartOf":{"@id":"https:\/\/denarius.no\/#website"},"primaryImageOfPage":{"@id":"https:\/\/denarius.no\/no\/product\/as-fra-keiser-tiberius-ca-22-30-e-kr-ex-jacques-schulman\/#primaryimage"},"image":{"@id":"https:\/\/denarius.no\/no\/product\/as-fra-keiser-tiberius-ca-22-30-e-kr-ex-jacques-schulman\/#primaryimage"},"thumbnailUrl":"https:\/\/denarius.no\/wp-content\/uploads\/2025\/12\/Protokollnr.-5883-scaled.jpg","datePublished":"2025-12-06T15:27:31+00:00","dateModified":"2025-12-06T15:28:42+00:00","breadcrumb":{"@id":"https:\/\/denarius.no\/no\/product\/as-fra-keiser-tiberius-ca-22-30-e-kr-ex-jacques-schulman\/#breadcrumb"},"inLanguage":"nb-NO","potentialAction":[{"@type":"ReadAction","target":["https:\/\/denarius.no\/no\/product\/as-fra-keiser-tiberius-ca-22-30-e-kr-ex-jacques-schulman\/"]}]},{"@type":"ImageObject","inLanguage":"nb-NO","@id":"https:\/\/denarius.no\/no\/product\/as-fra-keiser-tiberius-ca-22-30-e-kr-ex-jacques-schulman\/#primaryimage","url":"https:\/\/denarius.no\/wp-content\/uploads\/2025\/12\/Protokollnr.-5883-scaled.jpg","contentUrl":"https:\/\/denarius.no\/wp-content\/uploads\/2025\/12\/Protokollnr.-5883-scaled.jpg","width":2560,"height":1282},{"@type":"BreadcrumbList","@id":"https:\/\/denarius.no\/no\/product\/as-fra-keiser-tiberius-ca-22-30-e-kr-ex-jacques-schulman\/#breadcrumb","itemListElement":[{"@type":"ListItem","position":1,"name":"Home","item":"https:\/\/denarius.no\/no\/coin-banknote-dealer-specialist\/"},{"@type":"ListItem","position":2,"name":"Nettbutikk","item":"https:\/\/denarius.no\/no\/shop\/"},{"@type":"ListItem","position":3,"name":"As fra keiser Tiberius (ca. 22-30 e. Kr.) &#8211; Ex. Jacques Schulman"}]},{"@type":"WebSite","@id":"https:\/\/denarius.no\/#website","url":"https:\/\/denarius.no\/","name":"Coin &amp; Banknote Specialist","description":"Denarius","potentialAction":[{"@type":"SearchAction","target":{"@type":"EntryPoint","urlTemplate":"https:\/\/denarius.no\/?s={search_term_string}"},"query-input":{"@type":"PropertyValueSpecification","valueRequired":true,"valueName":"search_term_string"}}],"inLanguage":"nb-NO"}]}},"_links":{"self":[{"href":"https:\/\/denarius.no\/no\/wp-json\/wp\/v2\/product\/51425","targetHints":{"allow":["GET"]}}],"collection":[{"href":"https:\/\/denarius.no\/no\/wp-json\/wp\/v2\/product"}],"about":[{"href":"https:\/\/denarius.no\/no\/wp-json\/wp\/v2\/types\/product"}],"replies":[{"embeddable":true,"href":"https:\/\/denarius.no\/no\/wp-json\/wp\/v2\/comments?post=51425"}],"wp:featuredmedia":[{"embeddable":true,"href":"https:\/\/denarius.no\/no\/wp-json\/wp\/v2\/media\/51422"}],"wp:attachment":[{"href":"https:\/\/denarius.no\/no\/wp-json\/wp\/v2\/media?parent=51425"}],"wp:term":[{"taxonomy":"product_brand","embeddable":true,"href":"https:\/\/denarius.no\/no\/wp-json\/wp\/v2\/product_brand?post=51425"},{"taxonomy":"product_cat","embeddable":true,"href":"https:\/\/denarius.no\/no\/wp-json\/wp\/v2\/product_cat?post=51425"},{"taxonomy":"product_tag","embeddable":true,"href":"https:\/\/denarius.no\/no\/wp-json\/wp\/v2\/product_tag?post=51425"}],"curies":[{"name":"wp","href":"https:\/\/api.w.org\/{rel}","templated":true}]}}