{"id":51609,"date":"2026-01-08T00:42:47","date_gmt":"2026-01-07T23:42:47","guid":{"rendered":"https:\/\/denarius.no\/?post_type=product&#038;p=51609"},"modified":"2026-02-28T00:37:38","modified_gmt":"2026-02-27T23:37:38","slug":"100-kroner-1993","status":"publish","type":"product","link":"https:\/\/denarius.no\/no\/product\/100-kroner-1993\/","title":{"rendered":"100 kroner 1993"},"content":{"rendered":"","protected":false},"excerpt":{"rendered":"<p>100 kroner fra 1993, sl\u00e5tt under kong Harald V til minne om VM i landeveissykling i Oslo 1993. Proof\u2011mynt i original kapsel. Noe st\u00f8v er synlig p\u00e5 kapselen i bildet, s\u00e5 langt vi kjenner til, og ikke p\u00e5 mynten. KM 443. 33,8 g.<\/p>\n<p>Protokollnr. 4937<\/p>\n<p>&nbsp;<\/p>\n","protected":false},"featured_media":51608,"comment_status":"closed","ping_status":"closed","template":"","meta":{"_acf_changed":false},"product_brand":[],"product_cat":[748,834],"product_tag":[],"class_list":{"0":"post-51609","1":"product","2":"type-product","3":"status-publish","4":"has-post-thumbnail","6":"product_cat-norge-etter-1874","7":"product_cat-minnemynter-2","9":"first","10":"instock","11":"shipping-taxable","12":"purchasable","13":"product-type-simple","14":"layout-style-1","15":"col-md-4 col-sm-4 col-xs-6","16":"col-lg-3","17":"product-style-default"},"acf":[],"yoast_head":"<!-- This site is optimized with the Yoast SEO plugin v27.3 - https:\/\/yoast.com\/product\/yoast-seo-wordpress\/ -->\n<title>100 kroner 1993 - Coin &amp; Banknote Specialist<\/title>\n<meta name=\"robots\" content=\"index, follow, max-snippet:-1, max-image-preview:large, max-video-preview:-1\" \/>\n<link rel=\"canonical\" href=\"https:\/\/denarius.no\/no\/product\/100-kroner-1993\/\" \/>\n<meta property=\"og:locale\" content=\"nb_NO\" \/>\n<meta property=\"og:type\" content=\"article\" \/>\n<meta property=\"og:title\" content=\"100 kroner 1993 - Coin &amp; Banknote Specialist\" \/>\n<meta property=\"og:description\" content=\"100 kroner fra 1993, sl\u00e5tt under kong Harald V til minne om VM i landeveissykling i Oslo 1993. Proof\u2011mynt i original kapsel. Noe st\u00f8v er synlig p\u00e5 kapselen i bildet, s\u00e5 langt vi kjenner til, og ikke p\u00e5 mynten. KM 443. 33,8 g.  Protokollnr. 4937  &nbsp;\" \/>\n<meta property=\"og:url\" content=\"https:\/\/denarius.no\/no\/product\/100-kroner-1993\/\" \/>\n<meta property=\"og:site_name\" content=\"Coin &amp; Banknote Specialist\" \/>\n<meta property=\"article:modified_time\" content=\"2026-02-27T23:37:38+00:00\" \/>\n<meta property=\"og:image\" content=\"https:\/\/denarius.no\/wp-content\/uploads\/2026\/01\/Protokollnr.-4937-b-scaled.jpeg\" \/>\n\t<meta property=\"og:image:width\" content=\"2560\" \/>\n\t<meta property=\"og:image:height\" content=\"1252\" \/>\n\t<meta property=\"og:image:type\" content=\"image\/jpeg\" \/>\n<meta name=\"twitter:card\" content=\"summary_large_image\" \/>\n<meta name=\"twitter:label1\" content=\"Ansl. lesetid\" \/>\n\t<meta name=\"twitter:data1\" content=\"1 minutt\" \/>\n<script type=\"application\/ld+json\" class=\"yoast-schema-graph\">{\"@context\":\"https:\\\/\\\/schema.org\",\"@graph\":[{\"@type\":\"WebPage\",\"@id\":\"https:\\\/\\\/denarius.no\\\/no\\\/product\\\/100-kroner-1993\\\/\",\"url\":\"https:\\\/\\\/denarius.no\\\/no\\\/product\\\/100-kroner-1993\\\/\",\"name\":\"100 kroner 1993 - Coin &amp; Banknote Specialist\",\"isPartOf\":{\"@id\":\"https:\\\/\\\/denarius.no\\\/#website\"},\"primaryImageOfPage\":{\"@id\":\"https:\\\/\\\/denarius.no\\\/no\\\/product\\\/100-kroner-1993\\\/#primaryimage\"},\"image\":{\"@id\":\"https:\\\/\\\/denarius.no\\\/no\\\/product\\\/100-kroner-1993\\\/#primaryimage\"},\"thumbnailUrl\":\"https:\\\/\\\/denarius.no\\\/wp-content\\\/uploads\\\/2026\\\/01\\\/Protokollnr.-4937-b-scaled.jpeg\",\"datePublished\":\"2026-01-07T23:42:47+00:00\",\"dateModified\":\"2026-02-27T23:37:38+00:00\",\"breadcrumb\":{\"@id\":\"https:\\\/\\\/denarius.no\\\/no\\\/product\\\/100-kroner-1993\\\/#breadcrumb\"},\"inLanguage\":\"nb-NO\",\"potentialAction\":[{\"@type\":\"ReadAction\",\"target\":[\"https:\\\/\\\/denarius.no\\\/no\\\/product\\\/100-kroner-1993\\\/\"]}]},{\"@type\":\"ImageObject\",\"inLanguage\":\"nb-NO\",\"@id\":\"https:\\\/\\\/denarius.no\\\/no\\\/product\\\/100-kroner-1993\\\/#primaryimage\",\"url\":\"https:\\\/\\\/denarius.no\\\/wp-content\\\/uploads\\\/2026\\\/01\\\/Protokollnr.-4937-b-scaled.jpeg\",\"contentUrl\":\"https:\\\/\\\/denarius.no\\\/wp-content\\\/uploads\\\/2026\\\/01\\\/Protokollnr.-4937-b-scaled.jpeg\",\"width\":2560,\"height\":1252},{\"@type\":\"BreadcrumbList\",\"@id\":\"https:\\\/\\\/denarius.no\\\/no\\\/product\\\/100-kroner-1993\\\/#breadcrumb\",\"itemListElement\":[{\"@type\":\"ListItem\",\"position\":1,\"name\":\"Home\",\"item\":\"https:\\\/\\\/denarius.no\\\/no\\\/coin-banknote-dealer-specialist\\\/\"},{\"@type\":\"ListItem\",\"position\":2,\"name\":\"Nettbutikk\",\"item\":\"https:\\\/\\\/denarius.no\\\/no\\\/shop\\\/\"},{\"@type\":\"ListItem\",\"position\":3,\"name\":\"100 kroner 1993\"}]},{\"@type\":\"WebSite\",\"@id\":\"https:\\\/\\\/denarius.no\\\/#website\",\"url\":\"https:\\\/\\\/denarius.no\\\/\",\"name\":\"Coin &amp; Banknote Specialist\",\"description\":\"Denarius\",\"potentialAction\":[{\"@type\":\"SearchAction\",\"target\":{\"@type\":\"EntryPoint\",\"urlTemplate\":\"https:\\\/\\\/denarius.no\\\/?s={search_term_string}\"},\"query-input\":{\"@type\":\"PropertyValueSpecification\",\"valueRequired\":true,\"valueName\":\"search_term_string\"}}],\"inLanguage\":\"nb-NO\"}]}<\/script>\n<!-- \/ Yoast SEO plugin. -->","yoast_head_json":{"title":"100 kroner 1993 - Coin &amp; Banknote Specialist","robots":{"index":"index","follow":"follow","max-snippet":"max-snippet:-1","max-image-preview":"max-image-preview:large","max-video-preview":"max-video-preview:-1"},"canonical":"https:\/\/denarius.no\/no\/product\/100-kroner-1993\/","og_locale":"nb_NO","og_type":"article","og_title":"100 kroner 1993 - Coin &amp; Banknote Specialist","og_description":"100 kroner fra 1993, sl\u00e5tt under kong Harald V til minne om VM i landeveissykling i Oslo 1993. Proof\u2011mynt i original kapsel. Noe st\u00f8v er synlig p\u00e5 kapselen i bildet, s\u00e5 langt vi kjenner til, og ikke p\u00e5 mynten. KM 443. 33,8 g.  Protokollnr. 4937  &nbsp;","og_url":"https:\/\/denarius.no\/no\/product\/100-kroner-1993\/","og_site_name":"Coin &amp; Banknote Specialist","article_modified_time":"2026-02-27T23:37:38+00:00","og_image":[{"width":2560,"height":1252,"url":"https:\/\/denarius.no\/wp-content\/uploads\/2026\/01\/Protokollnr.-4937-b-scaled.jpeg","type":"image\/jpeg"}],"twitter_card":"summary_large_image","twitter_misc":{"Ansl. lesetid":"1 minutt"},"schema":{"@context":"https:\/\/schema.org","@graph":[{"@type":"WebPage","@id":"https:\/\/denarius.no\/no\/product\/100-kroner-1993\/","url":"https:\/\/denarius.no\/no\/product\/100-kroner-1993\/","name":"100 kroner 1993 - Coin &amp; Banknote Specialist","isPartOf":{"@id":"https:\/\/denarius.no\/#website"},"primaryImageOfPage":{"@id":"https:\/\/denarius.no\/no\/product\/100-kroner-1993\/#primaryimage"},"image":{"@id":"https:\/\/denarius.no\/no\/product\/100-kroner-1993\/#primaryimage"},"thumbnailUrl":"https:\/\/denarius.no\/wp-content\/uploads\/2026\/01\/Protokollnr.-4937-b-scaled.jpeg","datePublished":"2026-01-07T23:42:47+00:00","dateModified":"2026-02-27T23:37:38+00:00","breadcrumb":{"@id":"https:\/\/denarius.no\/no\/product\/100-kroner-1993\/#breadcrumb"},"inLanguage":"nb-NO","potentialAction":[{"@type":"ReadAction","target":["https:\/\/denarius.no\/no\/product\/100-kroner-1993\/"]}]},{"@type":"ImageObject","inLanguage":"nb-NO","@id":"https:\/\/denarius.no\/no\/product\/100-kroner-1993\/#primaryimage","url":"https:\/\/denarius.no\/wp-content\/uploads\/2026\/01\/Protokollnr.-4937-b-scaled.jpeg","contentUrl":"https:\/\/denarius.no\/wp-content\/uploads\/2026\/01\/Protokollnr.-4937-b-scaled.jpeg","width":2560,"height":1252},{"@type":"BreadcrumbList","@id":"https:\/\/denarius.no\/no\/product\/100-kroner-1993\/#breadcrumb","itemListElement":[{"@type":"ListItem","position":1,"name":"Home","item":"https:\/\/denarius.no\/no\/coin-banknote-dealer-specialist\/"},{"@type":"ListItem","position":2,"name":"Nettbutikk","item":"https:\/\/denarius.no\/no\/shop\/"},{"@type":"ListItem","position":3,"name":"100 kroner 1993"}]},{"@type":"WebSite","@id":"https:\/\/denarius.no\/#website","url":"https:\/\/denarius.no\/","name":"Coin &amp; Banknote Specialist","description":"Denarius","potentialAction":[{"@type":"SearchAction","target":{"@type":"EntryPoint","urlTemplate":"https:\/\/denarius.no\/?s={search_term_string}"},"query-input":{"@type":"PropertyValueSpecification","valueRequired":true,"valueName":"search_term_string"}}],"inLanguage":"nb-NO"}]}},"_links":{"self":[{"href":"https:\/\/denarius.no\/no\/wp-json\/wp\/v2\/product\/51609","targetHints":{"allow":["GET"]}}],"collection":[{"href":"https:\/\/denarius.no\/no\/wp-json\/wp\/v2\/product"}],"about":[{"href":"https:\/\/denarius.no\/no\/wp-json\/wp\/v2\/types\/product"}],"replies":[{"embeddable":true,"href":"https:\/\/denarius.no\/no\/wp-json\/wp\/v2\/comments?post=51609"}],"wp:featuredmedia":[{"embeddable":true,"href":"https:\/\/denarius.no\/no\/wp-json\/wp\/v2\/media\/51608"}],"wp:attachment":[{"href":"https:\/\/denarius.no\/no\/wp-json\/wp\/v2\/media?parent=51609"}],"wp:term":[{"taxonomy":"product_brand","embeddable":true,"href":"https:\/\/denarius.no\/no\/wp-json\/wp\/v2\/product_brand?post=51609"},{"taxonomy":"product_cat","embeddable":true,"href":"https:\/\/denarius.no\/no\/wp-json\/wp\/v2\/product_cat?post=51609"},{"taxonomy":"product_tag","embeddable":true,"href":"https:\/\/denarius.no\/no\/wp-json\/wp\/v2\/product_tag?post=51609"}],"curies":[{"name":"wp","href":"https:\/\/api.w.org\/{rel}","templated":true}]}}