{"id":51725,"date":"2026-02-02T23:11:53","date_gmt":"2026-02-02T22:11:53","guid":{"rendered":"https:\/\/denarius.no\/?post_type=product&#038;p=51725"},"modified":"2026-02-02T23:15:56","modified_gmt":"2026-02-02T22:15:56","slug":"exagium-solidi-408-423-e-kr","status":"publish","type":"product","link":"https:\/\/denarius.no\/no\/product\/exagium-solidi-408-423-e-kr\/","title":{"rendered":"Exagium Solidi (408-423 e. Kr.)"},"content":{"rendered":"","protected":false},"excerpt":{"rendered":"<p style=\"text-align: left;\">Exagium solidi fra 408-423 e. Kr., sl\u00e5tt under keiser Honorius, sammen med Theodosius II. Vekt. Konstantinopel myntsted. Kv. 1+. DD NN AVCC. Byster av Honorius og Theodosius, drapert og med diadem, vendt mot hverandre; kors mellom dem \/ EXAGIVM SOLIDI, Moneta st\u00e5ende mot venstre, holdende vektsk\u00e5l og overfl\u00f8dighetshorn; CONS. Bendall, Weights 12 var. (uten kors p\u00e5 advers og uten stjerne p\u00e5 revers). Ex. Herakles Numismatics, Inc. Solgt fra lager i 2009 (USD 1650). 3,87 g.<\/p>\n<p>&nbsp;<\/p>\n<p style=\"text-align: left;\">Exagia var offisielle utgaver fra senromersk tid, brukt av statlige tjenestemenn for \u00e5 kontrollere vekten p\u00e5 solidi i oml\u00f8p. Disse stykkene ble produsert ved de keiserlige myntverkene, oftest i Roma og Konstantinopel. Eksemplaret det gjelder ble preget i Konstantinopel mellom ca. 395 og 402 e.Kr., under Honorius\u2019 styre i Vestromerriket og hans bror Arcadius i \u00d8stromerriket. Det ble preget etter faren deres, Theodosius I, d\u00f8de i 395, men f\u00f8r Arcadius\u2019 s\u00f8nn, Theodosius II, formelt ble knyttet til keiseradministrasjonen.<\/p>\n<p style=\"text-align: left;\">Protokollnr. 5960<\/p>\n","protected":false},"featured_media":51724,"comment_status":"closed","ping_status":"closed","template":"","meta":{"_acf_changed":false},"product_brand":[],"product_cat":[698,702,877],"product_tag":[],"class_list":{"0":"post-51725","1":"product","2":"type-product","3":"status-publish","4":"has-post-thumbnail","6":"product_cat-antikken","7":"product_cat-romerske-mynter","8":"product_cat-314-476-e-kr","10":"first","11":"instock","12":"shipping-taxable","13":"purchasable","14":"product-type-simple","15":"layout-style-1","16":"col-md-4 col-sm-4 col-xs-6","17":"col-lg-3","18":"product-style-default"},"acf":[],"yoast_head":"<!-- This site is optimized with the Yoast SEO plugin v27.3 - https:\/\/yoast.com\/product\/yoast-seo-wordpress\/ -->\n<title>Exagium Solidi (408-423 e. Kr.) - Coin &amp; Banknote Specialist<\/title>\n<meta name=\"robots\" content=\"index, follow, max-snippet:-1, max-image-preview:large, max-video-preview:-1\" \/>\n<link rel=\"canonical\" href=\"https:\/\/denarius.no\/no\/product\/exagium-solidi-408-423-e-kr\/\" \/>\n<meta property=\"og:locale\" content=\"nb_NO\" \/>\n<meta property=\"og:type\" content=\"article\" \/>\n<meta property=\"og:title\" content=\"Exagium Solidi (408-423 e. Kr.) - Coin &amp; Banknote Specialist\" \/>\n<meta property=\"og:description\" content=\"Exagium solidi fra 408-423 e. Kr., sl\u00e5tt under keiser Honorius, sammen med Theodosius II. Vekt. Konstantinopel myntsted. Kv. 1+. DD NN AVCC. Byster av Honorius og Theodosius, drapert og med diadem, vendt mot hverandre; kors mellom dem \/ EXAGIVM SOLIDI, Moneta st\u00e5ende mot venstre, holdende vektsk\u00e5l og overfl\u00f8dighetshorn; CONS. Bendall, Weights 12 var. (uten kors p\u00e5 advers og uten stjerne p\u00e5 revers). Ex. Herakles Numismatics, Inc. Solgt fra lager i 2009 (USD 1650). 3,87 g. &nbsp; Exagia var offisielle utgaver fra senromersk tid, brukt av statlige tjenestemenn for \u00e5 kontrollere vekten p\u00e5 solidi i oml\u00f8p. Disse stykkene ble produsert ved de keiserlige myntverkene, oftest i Roma og Konstantinopel. Eksemplaret det gjelder ble preget i Konstantinopel mellom ca. 395 og 402 e.Kr., under Honorius\u2019 styre i Vestromerriket og hans bror Arcadius i \u00d8stromerriket. Det ble preget etter faren deres, Theodosius I, d\u00f8de i 395, men f\u00f8r Arcadius\u2019 s\u00f8nn, Theodosius II, formelt ble knyttet til keiseradministrasjonen. Protokollnr. 5960\" \/>\n<meta property=\"og:url\" content=\"https:\/\/denarius.no\/no\/product\/exagium-solidi-408-423-e-kr\/\" \/>\n<meta property=\"og:site_name\" content=\"Coin &amp; Banknote Specialist\" \/>\n<meta property=\"article:modified_time\" content=\"2026-02-02T22:15:56+00:00\" \/>\n<meta property=\"og:image\" content=\"https:\/\/denarius.no\/wp-content\/uploads\/2026\/02\/Protokollnr.-5960-1024x511.png\" \/>\n\t<meta property=\"og:image:width\" content=\"1024\" \/>\n\t<meta property=\"og:image:height\" content=\"511\" \/>\n\t<meta property=\"og:image:type\" content=\"image\/png\" \/>\n<meta name=\"twitter:card\" content=\"summary_large_image\" \/>\n<meta name=\"twitter:label1\" content=\"Ansl. lesetid\" \/>\n\t<meta name=\"twitter:data1\" content=\"1 minutt\" \/>\n<script type=\"application\/ld+json\" class=\"yoast-schema-graph\">{\"@context\":\"https:\\\/\\\/schema.org\",\"@graph\":[{\"@type\":\"WebPage\",\"@id\":\"https:\\\/\\\/denarius.no\\\/no\\\/product\\\/exagium-solidi-408-423-e-kr\\\/\",\"url\":\"https:\\\/\\\/denarius.no\\\/no\\\/product\\\/exagium-solidi-408-423-e-kr\\\/\",\"name\":\"Exagium Solidi (408-423 e. Kr.) - Coin &amp; Banknote Specialist\",\"isPartOf\":{\"@id\":\"https:\\\/\\\/denarius.no\\\/#website\"},\"primaryImageOfPage\":{\"@id\":\"https:\\\/\\\/denarius.no\\\/no\\\/product\\\/exagium-solidi-408-423-e-kr\\\/#primaryimage\"},\"image\":{\"@id\":\"https:\\\/\\\/denarius.no\\\/no\\\/product\\\/exagium-solidi-408-423-e-kr\\\/#primaryimage\"},\"thumbnailUrl\":\"https:\\\/\\\/denarius.no\\\/wp-content\\\/uploads\\\/2026\\\/02\\\/Protokollnr.-5960-scaled.png\",\"datePublished\":\"2026-02-02T22:11:53+00:00\",\"dateModified\":\"2026-02-02T22:15:56+00:00\",\"breadcrumb\":{\"@id\":\"https:\\\/\\\/denarius.no\\\/no\\\/product\\\/exagium-solidi-408-423-e-kr\\\/#breadcrumb\"},\"inLanguage\":\"nb-NO\",\"potentialAction\":[{\"@type\":\"ReadAction\",\"target\":[\"https:\\\/\\\/denarius.no\\\/no\\\/product\\\/exagium-solidi-408-423-e-kr\\\/\"]}]},{\"@type\":\"ImageObject\",\"inLanguage\":\"nb-NO\",\"@id\":\"https:\\\/\\\/denarius.no\\\/no\\\/product\\\/exagium-solidi-408-423-e-kr\\\/#primaryimage\",\"url\":\"https:\\\/\\\/denarius.no\\\/wp-content\\\/uploads\\\/2026\\\/02\\\/Protokollnr.-5960-scaled.png\",\"contentUrl\":\"https:\\\/\\\/denarius.no\\\/wp-content\\\/uploads\\\/2026\\\/02\\\/Protokollnr.-5960-scaled.png\",\"width\":2560,\"height\":1278},{\"@type\":\"BreadcrumbList\",\"@id\":\"https:\\\/\\\/denarius.no\\\/no\\\/product\\\/exagium-solidi-408-423-e-kr\\\/#breadcrumb\",\"itemListElement\":[{\"@type\":\"ListItem\",\"position\":1,\"name\":\"Home\",\"item\":\"https:\\\/\\\/denarius.no\\\/no\\\/coin-banknote-dealer-specialist\\\/\"},{\"@type\":\"ListItem\",\"position\":2,\"name\":\"Nettbutikk\",\"item\":\"https:\\\/\\\/denarius.no\\\/no\\\/shop\\\/\"},{\"@type\":\"ListItem\",\"position\":3,\"name\":\"Exagium Solidi (408-423 e. Kr.)\"}]},{\"@type\":\"WebSite\",\"@id\":\"https:\\\/\\\/denarius.no\\\/#website\",\"url\":\"https:\\\/\\\/denarius.no\\\/\",\"name\":\"Coin &amp; Banknote Specialist\",\"description\":\"Denarius\",\"potentialAction\":[{\"@type\":\"SearchAction\",\"target\":{\"@type\":\"EntryPoint\",\"urlTemplate\":\"https:\\\/\\\/denarius.no\\\/?s={search_term_string}\"},\"query-input\":{\"@type\":\"PropertyValueSpecification\",\"valueRequired\":true,\"valueName\":\"search_term_string\"}}],\"inLanguage\":\"nb-NO\"}]}<\/script>\n<!-- \/ Yoast SEO plugin. -->","yoast_head_json":{"title":"Exagium Solidi (408-423 e. Kr.) - Coin &amp; Banknote Specialist","robots":{"index":"index","follow":"follow","max-snippet":"max-snippet:-1","max-image-preview":"max-image-preview:large","max-video-preview":"max-video-preview:-1"},"canonical":"https:\/\/denarius.no\/no\/product\/exagium-solidi-408-423-e-kr\/","og_locale":"nb_NO","og_type":"article","og_title":"Exagium Solidi (408-423 e. Kr.) - Coin &amp; Banknote Specialist","og_description":"Exagium solidi fra 408-423 e. Kr., sl\u00e5tt under keiser Honorius, sammen med Theodosius II. Vekt. Konstantinopel myntsted. Kv. 1+. DD NN AVCC. Byster av Honorius og Theodosius, drapert og med diadem, vendt mot hverandre; kors mellom dem \/ EXAGIVM SOLIDI, Moneta st\u00e5ende mot venstre, holdende vektsk\u00e5l og overfl\u00f8dighetshorn; CONS. Bendall, Weights 12 var. (uten kors p\u00e5 advers og uten stjerne p\u00e5 revers). Ex. Herakles Numismatics, Inc. Solgt fra lager i 2009 (USD 1650). 3,87 g. &nbsp; Exagia var offisielle utgaver fra senromersk tid, brukt av statlige tjenestemenn for \u00e5 kontrollere vekten p\u00e5 solidi i oml\u00f8p. Disse stykkene ble produsert ved de keiserlige myntverkene, oftest i Roma og Konstantinopel. Eksemplaret det gjelder ble preget i Konstantinopel mellom ca. 395 og 402 e.Kr., under Honorius\u2019 styre i Vestromerriket og hans bror Arcadius i \u00d8stromerriket. Det ble preget etter faren deres, Theodosius I, d\u00f8de i 395, men f\u00f8r Arcadius\u2019 s\u00f8nn, Theodosius II, formelt ble knyttet til keiseradministrasjonen. Protokollnr. 5960","og_url":"https:\/\/denarius.no\/no\/product\/exagium-solidi-408-423-e-kr\/","og_site_name":"Coin &amp; Banknote Specialist","article_modified_time":"2026-02-02T22:15:56+00:00","og_image":[{"width":1024,"height":511,"url":"https:\/\/denarius.no\/wp-content\/uploads\/2026\/02\/Protokollnr.-5960-1024x511.png","type":"image\/png"}],"twitter_card":"summary_large_image","twitter_misc":{"Ansl. lesetid":"1 minutt"},"schema":{"@context":"https:\/\/schema.org","@graph":[{"@type":"WebPage","@id":"https:\/\/denarius.no\/no\/product\/exagium-solidi-408-423-e-kr\/","url":"https:\/\/denarius.no\/no\/product\/exagium-solidi-408-423-e-kr\/","name":"Exagium Solidi (408-423 e. Kr.) - Coin &amp; Banknote Specialist","isPartOf":{"@id":"https:\/\/denarius.no\/#website"},"primaryImageOfPage":{"@id":"https:\/\/denarius.no\/no\/product\/exagium-solidi-408-423-e-kr\/#primaryimage"},"image":{"@id":"https:\/\/denarius.no\/no\/product\/exagium-solidi-408-423-e-kr\/#primaryimage"},"thumbnailUrl":"https:\/\/denarius.no\/wp-content\/uploads\/2026\/02\/Protokollnr.-5960-scaled.png","datePublished":"2026-02-02T22:11:53+00:00","dateModified":"2026-02-02T22:15:56+00:00","breadcrumb":{"@id":"https:\/\/denarius.no\/no\/product\/exagium-solidi-408-423-e-kr\/#breadcrumb"},"inLanguage":"nb-NO","potentialAction":[{"@type":"ReadAction","target":["https:\/\/denarius.no\/no\/product\/exagium-solidi-408-423-e-kr\/"]}]},{"@type":"ImageObject","inLanguage":"nb-NO","@id":"https:\/\/denarius.no\/no\/product\/exagium-solidi-408-423-e-kr\/#primaryimage","url":"https:\/\/denarius.no\/wp-content\/uploads\/2026\/02\/Protokollnr.-5960-scaled.png","contentUrl":"https:\/\/denarius.no\/wp-content\/uploads\/2026\/02\/Protokollnr.-5960-scaled.png","width":2560,"height":1278},{"@type":"BreadcrumbList","@id":"https:\/\/denarius.no\/no\/product\/exagium-solidi-408-423-e-kr\/#breadcrumb","itemListElement":[{"@type":"ListItem","position":1,"name":"Home","item":"https:\/\/denarius.no\/no\/coin-banknote-dealer-specialist\/"},{"@type":"ListItem","position":2,"name":"Nettbutikk","item":"https:\/\/denarius.no\/no\/shop\/"},{"@type":"ListItem","position":3,"name":"Exagium Solidi (408-423 e. Kr.)"}]},{"@type":"WebSite","@id":"https:\/\/denarius.no\/#website","url":"https:\/\/denarius.no\/","name":"Coin &amp; Banknote Specialist","description":"Denarius","potentialAction":[{"@type":"SearchAction","target":{"@type":"EntryPoint","urlTemplate":"https:\/\/denarius.no\/?s={search_term_string}"},"query-input":{"@type":"PropertyValueSpecification","valueRequired":true,"valueName":"search_term_string"}}],"inLanguage":"nb-NO"}]}},"_links":{"self":[{"href":"https:\/\/denarius.no\/no\/wp-json\/wp\/v2\/product\/51725","targetHints":{"allow":["GET"]}}],"collection":[{"href":"https:\/\/denarius.no\/no\/wp-json\/wp\/v2\/product"}],"about":[{"href":"https:\/\/denarius.no\/no\/wp-json\/wp\/v2\/types\/product"}],"replies":[{"embeddable":true,"href":"https:\/\/denarius.no\/no\/wp-json\/wp\/v2\/comments?post=51725"}],"wp:featuredmedia":[{"embeddable":true,"href":"https:\/\/denarius.no\/no\/wp-json\/wp\/v2\/media\/51724"}],"wp:attachment":[{"href":"https:\/\/denarius.no\/no\/wp-json\/wp\/v2\/media?parent=51725"}],"wp:term":[{"taxonomy":"product_brand","embeddable":true,"href":"https:\/\/denarius.no\/no\/wp-json\/wp\/v2\/product_brand?post=51725"},{"taxonomy":"product_cat","embeddable":true,"href":"https:\/\/denarius.no\/no\/wp-json\/wp\/v2\/product_cat?post=51725"},{"taxonomy":"product_tag","embeddable":true,"href":"https:\/\/denarius.no\/no\/wp-json\/wp\/v2\/product_tag?post=51725"}],"curies":[{"name":"wp","href":"https:\/\/api.w.org\/{rel}","templated":true}]}}