{"id":51750,"date":"2026-02-09T00:18:45","date_gmt":"2026-02-08T23:18:45","guid":{"rendered":"https:\/\/denarius.no\/?post_type=product&#038;p=51750"},"modified":"2026-02-09T00:21:49","modified_gmt":"2026-02-08T23:21:49","slug":"penning-ca-1285-1299-ex-omh-1997","status":"publish","type":"product","link":"https:\/\/denarius.no\/no\/product\/penning-ca-1285-1299-ex-omh-1997\/","title":{"rendered":"Penning ca. 1285-1299 &#8211; Ex. OMH 1997"},"content":{"rendered":"","protected":false},"excerpt":{"rendered":"<p>Penning fra ca. 1285\u20131299, preget under kong Erik Magnusson. Mest sannsynlig en samtidig forfalskning. Sv\u00e6rt sjelden mynt. Kv. 1\/1- Schive IX:42; NM 2. Eks. Oslo Mynthandel AS auksjon 39, lot nr. 128 (5. april 1997). 0,42 g.<span class=\"Apple-converted-space\">\u00a0<\/span><\/p>\n<p>Protokollnr. 5961<\/p>\n<p>Eksportrestriksjoner p\u00e5 norske mynter f\u00f8r 1537 kan forekomme. Vi sender inn n\u00f8dvendig s\u00f8knad til myndighetene uten ekstra kostnad.<\/p>\n","protected":false},"featured_media":51747,"comment_status":"closed","ping_status":"closed","template":"","meta":{"_acf_changed":false},"product_brand":[],"product_cat":[682,883],"product_tag":[],"class_list":{"0":"post-51750","1":"product","2":"type-product","3":"status-publish","4":"has-post-thumbnail","6":"product_cat-norge-for-1814","7":"product_cat-gaute-ivarsson-no","9":"first","10":"instock","11":"shipping-taxable","12":"purchasable","13":"product-type-simple","14":"layout-style-1","15":"col-md-4 col-sm-4 col-xs-6","16":"col-lg-3","17":"product-has-gallery","18":"product-style-default"},"acf":[],"yoast_head":"<!-- This site is optimized with the Yoast SEO plugin v27.4 - https:\/\/yoast.com\/product\/yoast-seo-wordpress\/ -->\n<title>Penning ca. 1285-1299 - Ex. OMH 1997 - Coin &amp; Banknote Specialist<\/title>\n<meta name=\"robots\" content=\"index, follow, max-snippet:-1, max-image-preview:large, max-video-preview:-1\" \/>\n<link rel=\"canonical\" href=\"https:\/\/denarius.no\/no\/product\/penning-ca-1285-1299-ex-omh-1997\/\" \/>\n<meta property=\"og:locale\" content=\"nb_NO\" \/>\n<meta property=\"og:type\" content=\"article\" \/>\n<meta property=\"og:title\" content=\"Penning ca. 1285-1299 - Ex. OMH 1997 - Coin &amp; Banknote Specialist\" \/>\n<meta property=\"og:description\" content=\"Penning fra ca. 1285\u20131299, preget under kong Erik Magnusson. Mest sannsynlig en samtidig forfalskning. Sv\u00e6rt sjelden mynt. Kv. 1\/1- Schive IX:42; NM 2. Eks. Oslo Mynthandel AS auksjon 39, lot nr. 128 (5. april 1997). 0,42 g.\u00a0  Protokollnr. 5961  Eksportrestriksjoner p\u00e5 norske mynter f\u00f8r 1537 kan forekomme. Vi sender inn n\u00f8dvendig s\u00f8knad til myndighetene uten ekstra kostnad.\" \/>\n<meta property=\"og:url\" content=\"https:\/\/denarius.no\/no\/product\/penning-ca-1285-1299-ex-omh-1997\/\" \/>\n<meta property=\"og:site_name\" content=\"Coin &amp; Banknote Specialist\" \/>\n<meta property=\"article:modified_time\" content=\"2026-02-08T23:21:49+00:00\" \/>\n<meta property=\"og:image\" content=\"https:\/\/denarius.no\/wp-content\/uploads\/2026\/02\/Protokollnr.-5961-1024x509.png\" \/>\n\t<meta property=\"og:image:width\" content=\"1024\" \/>\n\t<meta property=\"og:image:height\" content=\"509\" \/>\n\t<meta property=\"og:image:type\" content=\"image\/png\" \/>\n<meta name=\"twitter:card\" content=\"summary_large_image\" \/>\n<meta name=\"twitter:label1\" content=\"Ansl. lesetid\" \/>\n\t<meta name=\"twitter:data1\" content=\"1 minutt\" \/>\n<script type=\"application\/ld+json\" class=\"yoast-schema-graph\">{\"@context\":\"https:\\\/\\\/schema.org\",\"@graph\":[{\"@type\":\"WebPage\",\"@id\":\"https:\\\/\\\/denarius.no\\\/no\\\/product\\\/penning-ca-1285-1299-ex-omh-1997\\\/\",\"url\":\"https:\\\/\\\/denarius.no\\\/no\\\/product\\\/penning-ca-1285-1299-ex-omh-1997\\\/\",\"name\":\"Penning ca. 1285-1299 - Ex. OMH 1997 - Coin &amp; Banknote Specialist\",\"isPartOf\":{\"@id\":\"https:\\\/\\\/denarius.no\\\/#website\"},\"primaryImageOfPage\":{\"@id\":\"https:\\\/\\\/denarius.no\\\/no\\\/product\\\/penning-ca-1285-1299-ex-omh-1997\\\/#primaryimage\"},\"image\":{\"@id\":\"https:\\\/\\\/denarius.no\\\/no\\\/product\\\/penning-ca-1285-1299-ex-omh-1997\\\/#primaryimage\"},\"thumbnailUrl\":\"https:\\\/\\\/denarius.no\\\/wp-content\\\/uploads\\\/2026\\\/02\\\/Protokollnr.-5961-scaled.png\",\"datePublished\":\"2026-02-08T23:18:45+00:00\",\"dateModified\":\"2026-02-08T23:21:49+00:00\",\"breadcrumb\":{\"@id\":\"https:\\\/\\\/denarius.no\\\/no\\\/product\\\/penning-ca-1285-1299-ex-omh-1997\\\/#breadcrumb\"},\"inLanguage\":\"nb-NO\",\"potentialAction\":[{\"@type\":\"ReadAction\",\"target\":[\"https:\\\/\\\/denarius.no\\\/no\\\/product\\\/penning-ca-1285-1299-ex-omh-1997\\\/\"]}]},{\"@type\":\"ImageObject\",\"inLanguage\":\"nb-NO\",\"@id\":\"https:\\\/\\\/denarius.no\\\/no\\\/product\\\/penning-ca-1285-1299-ex-omh-1997\\\/#primaryimage\",\"url\":\"https:\\\/\\\/denarius.no\\\/wp-content\\\/uploads\\\/2026\\\/02\\\/Protokollnr.-5961-scaled.png\",\"contentUrl\":\"https:\\\/\\\/denarius.no\\\/wp-content\\\/uploads\\\/2026\\\/02\\\/Protokollnr.-5961-scaled.png\",\"width\":2560,\"height\":1273},{\"@type\":\"BreadcrumbList\",\"@id\":\"https:\\\/\\\/denarius.no\\\/no\\\/product\\\/penning-ca-1285-1299-ex-omh-1997\\\/#breadcrumb\",\"itemListElement\":[{\"@type\":\"ListItem\",\"position\":1,\"name\":\"Home\",\"item\":\"https:\\\/\\\/denarius.no\\\/no\\\/coin-banknote-dealer-specialist\\\/\"},{\"@type\":\"ListItem\",\"position\":2,\"name\":\"Nettbutikk\",\"item\":\"https:\\\/\\\/denarius.no\\\/no\\\/shop\\\/\"},{\"@type\":\"ListItem\",\"position\":3,\"name\":\"Penning ca. 1285-1299 &#8211; Ex. OMH 1997\"}]},{\"@type\":\"WebSite\",\"@id\":\"https:\\\/\\\/denarius.no\\\/#website\",\"url\":\"https:\\\/\\\/denarius.no\\\/\",\"name\":\"Coin &amp; Banknote Specialist\",\"description\":\"Denarius\",\"potentialAction\":[{\"@type\":\"SearchAction\",\"target\":{\"@type\":\"EntryPoint\",\"urlTemplate\":\"https:\\\/\\\/denarius.no\\\/?s={search_term_string}\"},\"query-input\":{\"@type\":\"PropertyValueSpecification\",\"valueRequired\":true,\"valueName\":\"search_term_string\"}}],\"inLanguage\":\"nb-NO\"}]}<\/script>\n<!-- \/ Yoast SEO plugin. -->","yoast_head_json":{"title":"Penning ca. 1285-1299 - Ex. OMH 1997 - Coin &amp; Banknote Specialist","robots":{"index":"index","follow":"follow","max-snippet":"max-snippet:-1","max-image-preview":"max-image-preview:large","max-video-preview":"max-video-preview:-1"},"canonical":"https:\/\/denarius.no\/no\/product\/penning-ca-1285-1299-ex-omh-1997\/","og_locale":"nb_NO","og_type":"article","og_title":"Penning ca. 1285-1299 - Ex. OMH 1997 - Coin &amp; Banknote Specialist","og_description":"Penning fra ca. 1285\u20131299, preget under kong Erik Magnusson. Mest sannsynlig en samtidig forfalskning. Sv\u00e6rt sjelden mynt. Kv. 1\/1- Schive IX:42; NM 2. Eks. Oslo Mynthandel AS auksjon 39, lot nr. 128 (5. april 1997). 0,42 g.\u00a0  Protokollnr. 5961  Eksportrestriksjoner p\u00e5 norske mynter f\u00f8r 1537 kan forekomme. Vi sender inn n\u00f8dvendig s\u00f8knad til myndighetene uten ekstra kostnad.","og_url":"https:\/\/denarius.no\/no\/product\/penning-ca-1285-1299-ex-omh-1997\/","og_site_name":"Coin &amp; Banknote Specialist","article_modified_time":"2026-02-08T23:21:49+00:00","og_image":[{"width":1024,"height":509,"url":"https:\/\/denarius.no\/wp-content\/uploads\/2026\/02\/Protokollnr.-5961-1024x509.png","type":"image\/png"}],"twitter_card":"summary_large_image","twitter_misc":{"Ansl. lesetid":"1 minutt"},"schema":{"@context":"https:\/\/schema.org","@graph":[{"@type":"WebPage","@id":"https:\/\/denarius.no\/no\/product\/penning-ca-1285-1299-ex-omh-1997\/","url":"https:\/\/denarius.no\/no\/product\/penning-ca-1285-1299-ex-omh-1997\/","name":"Penning ca. 1285-1299 - Ex. OMH 1997 - Coin &amp; Banknote Specialist","isPartOf":{"@id":"https:\/\/denarius.no\/#website"},"primaryImageOfPage":{"@id":"https:\/\/denarius.no\/no\/product\/penning-ca-1285-1299-ex-omh-1997\/#primaryimage"},"image":{"@id":"https:\/\/denarius.no\/no\/product\/penning-ca-1285-1299-ex-omh-1997\/#primaryimage"},"thumbnailUrl":"https:\/\/denarius.no\/wp-content\/uploads\/2026\/02\/Protokollnr.-5961-scaled.png","datePublished":"2026-02-08T23:18:45+00:00","dateModified":"2026-02-08T23:21:49+00:00","breadcrumb":{"@id":"https:\/\/denarius.no\/no\/product\/penning-ca-1285-1299-ex-omh-1997\/#breadcrumb"},"inLanguage":"nb-NO","potentialAction":[{"@type":"ReadAction","target":["https:\/\/denarius.no\/no\/product\/penning-ca-1285-1299-ex-omh-1997\/"]}]},{"@type":"ImageObject","inLanguage":"nb-NO","@id":"https:\/\/denarius.no\/no\/product\/penning-ca-1285-1299-ex-omh-1997\/#primaryimage","url":"https:\/\/denarius.no\/wp-content\/uploads\/2026\/02\/Protokollnr.-5961-scaled.png","contentUrl":"https:\/\/denarius.no\/wp-content\/uploads\/2026\/02\/Protokollnr.-5961-scaled.png","width":2560,"height":1273},{"@type":"BreadcrumbList","@id":"https:\/\/denarius.no\/no\/product\/penning-ca-1285-1299-ex-omh-1997\/#breadcrumb","itemListElement":[{"@type":"ListItem","position":1,"name":"Home","item":"https:\/\/denarius.no\/no\/coin-banknote-dealer-specialist\/"},{"@type":"ListItem","position":2,"name":"Nettbutikk","item":"https:\/\/denarius.no\/no\/shop\/"},{"@type":"ListItem","position":3,"name":"Penning ca. 1285-1299 &#8211; Ex. OMH 1997"}]},{"@type":"WebSite","@id":"https:\/\/denarius.no\/#website","url":"https:\/\/denarius.no\/","name":"Coin &amp; Banknote Specialist","description":"Denarius","potentialAction":[{"@type":"SearchAction","target":{"@type":"EntryPoint","urlTemplate":"https:\/\/denarius.no\/?s={search_term_string}"},"query-input":{"@type":"PropertyValueSpecification","valueRequired":true,"valueName":"search_term_string"}}],"inLanguage":"nb-NO"}]}},"_links":{"self":[{"href":"https:\/\/denarius.no\/no\/wp-json\/wp\/v2\/product\/51750","targetHints":{"allow":["GET"]}}],"collection":[{"href":"https:\/\/denarius.no\/no\/wp-json\/wp\/v2\/product"}],"about":[{"href":"https:\/\/denarius.no\/no\/wp-json\/wp\/v2\/types\/product"}],"replies":[{"embeddable":true,"href":"https:\/\/denarius.no\/no\/wp-json\/wp\/v2\/comments?post=51750"}],"wp:featuredmedia":[{"embeddable":true,"href":"https:\/\/denarius.no\/no\/wp-json\/wp\/v2\/media\/51747"}],"wp:attachment":[{"href":"https:\/\/denarius.no\/no\/wp-json\/wp\/v2\/media?parent=51750"}],"wp:term":[{"taxonomy":"product_brand","embeddable":true,"href":"https:\/\/denarius.no\/no\/wp-json\/wp\/v2\/product_brand?post=51750"},{"taxonomy":"product_cat","embeddable":true,"href":"https:\/\/denarius.no\/no\/wp-json\/wp\/v2\/product_cat?post=51750"},{"taxonomy":"product_tag","embeddable":true,"href":"https:\/\/denarius.no\/no\/wp-json\/wp\/v2\/product_tag?post=51750"}],"curies":[{"name":"wp","href":"https:\/\/api.w.org\/{rel}","templated":true}]}}