{"id":51847,"date":"2026-02-27T21:55:13","date_gmt":"2026-02-27T20:55:13","guid":{"rendered":"https:\/\/denarius.no\/?post_type=product&#038;p=51847"},"modified":"2026-02-27T21:58:50","modified_gmt":"2026-02-27T20:58:50","slug":"russland-medaljerubel-1759-avstopning","status":"publish","type":"product","link":"https:\/\/denarius.no\/no\/product\/russland-medaljerubel-1759-avstopning\/","title":{"rendered":"Russland, medaljerubel 1759 (avst\u00f8pning)"},"content":{"rendered":"","protected":false},"excerpt":{"rendered":"<p>Russia, medaljerubel fra 1759, sl\u00e5tt under keiserinne Elisabeth for \u00e5 markere den russiske seieren over pr\u00f8ysserne ved Kunersdorf. Senere st\u00f8pning. Kv. 1+. Byste av Elisabeth vendt mot h\u00f8yre, med medalj\u00f8rens signatur under \/ Antikk kriger st\u00e5ende mot h\u00f8yre p\u00e5 slagmarken, med spyd og fane. P\u00e5 bakken ligger falne soldater, v\u00e5pen og en fane merket FR (Fridericus Rex). Diakov 105.1. 20,64 g.<\/p>\n<p>Den opprinnelige medaljen ble tildelt russiske soldater som deltok i slaget ved Kunersdorf.<\/p>\n<p>Protokollnr. 5970<\/p>\n","protected":false},"featured_media":51846,"comment_status":"closed","ping_status":"closed","template":"","meta":{"_acf_changed":false},"product_brand":[],"product_cat":[736,744,786],"product_tag":[],"class_list":{"0":"post-51847","1":"product","2":"type-product","3":"status-publish","4":"has-post-thumbnail","6":"product_cat-hele-verden","7":"product_cat-europa-2","8":"product_cat-russland","10":"first","11":"instock","12":"shipping-taxable","13":"purchasable","14":"product-type-simple","15":"layout-style-1","16":"col-md-4 col-sm-4 col-xs-6","17":"col-lg-3","18":"product-style-default"},"acf":[],"yoast_head":"<!-- This site is optimized with the Yoast SEO plugin v27.3 - https:\/\/yoast.com\/product\/yoast-seo-wordpress\/ -->\n<title>Russland, medaljerubel 1759 (avst\u00f8pning) - Coin &amp; Banknote Specialist<\/title>\n<meta name=\"robots\" content=\"index, follow, max-snippet:-1, max-image-preview:large, max-video-preview:-1\" \/>\n<link rel=\"canonical\" href=\"https:\/\/denarius.no\/no\/product\/russland-medaljerubel-1759-avstopning\/\" \/>\n<meta property=\"og:locale\" content=\"nb_NO\" \/>\n<meta property=\"og:type\" content=\"article\" \/>\n<meta property=\"og:title\" content=\"Russland, medaljerubel 1759 (avst\u00f8pning) - Coin &amp; Banknote Specialist\" \/>\n<meta property=\"og:description\" content=\"Russia, medaljerubel fra 1759, sl\u00e5tt under keiserinne Elisabeth for \u00e5 markere den russiske seieren over pr\u00f8ysserne ved Kunersdorf. Senere st\u00f8pning. Kv. 1+. Byste av Elisabeth vendt mot h\u00f8yre, med medalj\u00f8rens signatur under \/ Antikk kriger st\u00e5ende mot h\u00f8yre p\u00e5 slagmarken, med spyd og fane. P\u00e5 bakken ligger falne soldater, v\u00e5pen og en fane merket FR (Fridericus Rex). Diakov 105.1. 20,64 g.  Den opprinnelige medaljen ble tildelt russiske soldater som deltok i slaget ved Kunersdorf.  Protokollnr. 5970\" \/>\n<meta property=\"og:url\" content=\"https:\/\/denarius.no\/no\/product\/russland-medaljerubel-1759-avstopning\/\" \/>\n<meta property=\"og:site_name\" content=\"Coin &amp; Banknote Specialist\" \/>\n<meta property=\"article:modified_time\" content=\"2026-02-27T20:58:50+00:00\" \/>\n<meta property=\"og:image\" content=\"https:\/\/denarius.no\/wp-content\/uploads\/2026\/02\/Protokollnr.-5970-1024x509.png\" \/>\n\t<meta property=\"og:image:width\" content=\"1024\" \/>\n\t<meta property=\"og:image:height\" content=\"509\" \/>\n\t<meta property=\"og:image:type\" content=\"image\/png\" \/>\n<meta name=\"twitter:card\" content=\"summary_large_image\" \/>\n<meta name=\"twitter:label1\" content=\"Ansl. lesetid\" \/>\n\t<meta name=\"twitter:data1\" content=\"1 minutt\" \/>\n<script type=\"application\/ld+json\" class=\"yoast-schema-graph\">{\"@context\":\"https:\\\/\\\/schema.org\",\"@graph\":[{\"@type\":\"WebPage\",\"@id\":\"https:\\\/\\\/denarius.no\\\/no\\\/product\\\/russland-medaljerubel-1759-avstopning\\\/\",\"url\":\"https:\\\/\\\/denarius.no\\\/no\\\/product\\\/russland-medaljerubel-1759-avstopning\\\/\",\"name\":\"Russland, medaljerubel 1759 (avst\u00f8pning) - Coin &amp; Banknote Specialist\",\"isPartOf\":{\"@id\":\"https:\\\/\\\/denarius.no\\\/#website\"},\"primaryImageOfPage\":{\"@id\":\"https:\\\/\\\/denarius.no\\\/no\\\/product\\\/russland-medaljerubel-1759-avstopning\\\/#primaryimage\"},\"image\":{\"@id\":\"https:\\\/\\\/denarius.no\\\/no\\\/product\\\/russland-medaljerubel-1759-avstopning\\\/#primaryimage\"},\"thumbnailUrl\":\"https:\\\/\\\/denarius.no\\\/wp-content\\\/uploads\\\/2026\\\/02\\\/Protokollnr.-5970-scaled.png\",\"datePublished\":\"2026-02-27T20:55:13+00:00\",\"dateModified\":\"2026-02-27T20:58:50+00:00\",\"breadcrumb\":{\"@id\":\"https:\\\/\\\/denarius.no\\\/no\\\/product\\\/russland-medaljerubel-1759-avstopning\\\/#breadcrumb\"},\"inLanguage\":\"nb-NO\",\"potentialAction\":[{\"@type\":\"ReadAction\",\"target\":[\"https:\\\/\\\/denarius.no\\\/no\\\/product\\\/russland-medaljerubel-1759-avstopning\\\/\"]}]},{\"@type\":\"ImageObject\",\"inLanguage\":\"nb-NO\",\"@id\":\"https:\\\/\\\/denarius.no\\\/no\\\/product\\\/russland-medaljerubel-1759-avstopning\\\/#primaryimage\",\"url\":\"https:\\\/\\\/denarius.no\\\/wp-content\\\/uploads\\\/2026\\\/02\\\/Protokollnr.-5970-scaled.png\",\"contentUrl\":\"https:\\\/\\\/denarius.no\\\/wp-content\\\/uploads\\\/2026\\\/02\\\/Protokollnr.-5970-scaled.png\",\"width\":2560,\"height\":1273},{\"@type\":\"BreadcrumbList\",\"@id\":\"https:\\\/\\\/denarius.no\\\/no\\\/product\\\/russland-medaljerubel-1759-avstopning\\\/#breadcrumb\",\"itemListElement\":[{\"@type\":\"ListItem\",\"position\":1,\"name\":\"Home\",\"item\":\"https:\\\/\\\/denarius.no\\\/no\\\/coin-banknote-dealer-specialist\\\/\"},{\"@type\":\"ListItem\",\"position\":2,\"name\":\"Nettbutikk\",\"item\":\"https:\\\/\\\/denarius.no\\\/no\\\/shop\\\/\"},{\"@type\":\"ListItem\",\"position\":3,\"name\":\"Russland, medaljerubel 1759 (avst\u00f8pning)\"}]},{\"@type\":\"WebSite\",\"@id\":\"https:\\\/\\\/denarius.no\\\/#website\",\"url\":\"https:\\\/\\\/denarius.no\\\/\",\"name\":\"Coin &amp; Banknote Specialist\",\"description\":\"Denarius\",\"potentialAction\":[{\"@type\":\"SearchAction\",\"target\":{\"@type\":\"EntryPoint\",\"urlTemplate\":\"https:\\\/\\\/denarius.no\\\/?s={search_term_string}\"},\"query-input\":{\"@type\":\"PropertyValueSpecification\",\"valueRequired\":true,\"valueName\":\"search_term_string\"}}],\"inLanguage\":\"nb-NO\"}]}<\/script>\n<!-- \/ Yoast SEO plugin. -->","yoast_head_json":{"title":"Russland, medaljerubel 1759 (avst\u00f8pning) - Coin &amp; Banknote Specialist","robots":{"index":"index","follow":"follow","max-snippet":"max-snippet:-1","max-image-preview":"max-image-preview:large","max-video-preview":"max-video-preview:-1"},"canonical":"https:\/\/denarius.no\/no\/product\/russland-medaljerubel-1759-avstopning\/","og_locale":"nb_NO","og_type":"article","og_title":"Russland, medaljerubel 1759 (avst\u00f8pning) - Coin &amp; Banknote Specialist","og_description":"Russia, medaljerubel fra 1759, sl\u00e5tt under keiserinne Elisabeth for \u00e5 markere den russiske seieren over pr\u00f8ysserne ved Kunersdorf. Senere st\u00f8pning. Kv. 1+. Byste av Elisabeth vendt mot h\u00f8yre, med medalj\u00f8rens signatur under \/ Antikk kriger st\u00e5ende mot h\u00f8yre p\u00e5 slagmarken, med spyd og fane. P\u00e5 bakken ligger falne soldater, v\u00e5pen og en fane merket FR (Fridericus Rex). Diakov 105.1. 20,64 g.  Den opprinnelige medaljen ble tildelt russiske soldater som deltok i slaget ved Kunersdorf.  Protokollnr. 5970","og_url":"https:\/\/denarius.no\/no\/product\/russland-medaljerubel-1759-avstopning\/","og_site_name":"Coin &amp; Banknote Specialist","article_modified_time":"2026-02-27T20:58:50+00:00","og_image":[{"width":1024,"height":509,"url":"https:\/\/denarius.no\/wp-content\/uploads\/2026\/02\/Protokollnr.-5970-1024x509.png","type":"image\/png"}],"twitter_card":"summary_large_image","twitter_misc":{"Ansl. lesetid":"1 minutt"},"schema":{"@context":"https:\/\/schema.org","@graph":[{"@type":"WebPage","@id":"https:\/\/denarius.no\/no\/product\/russland-medaljerubel-1759-avstopning\/","url":"https:\/\/denarius.no\/no\/product\/russland-medaljerubel-1759-avstopning\/","name":"Russland, medaljerubel 1759 (avst\u00f8pning) - Coin &amp; Banknote Specialist","isPartOf":{"@id":"https:\/\/denarius.no\/#website"},"primaryImageOfPage":{"@id":"https:\/\/denarius.no\/no\/product\/russland-medaljerubel-1759-avstopning\/#primaryimage"},"image":{"@id":"https:\/\/denarius.no\/no\/product\/russland-medaljerubel-1759-avstopning\/#primaryimage"},"thumbnailUrl":"https:\/\/denarius.no\/wp-content\/uploads\/2026\/02\/Protokollnr.-5970-scaled.png","datePublished":"2026-02-27T20:55:13+00:00","dateModified":"2026-02-27T20:58:50+00:00","breadcrumb":{"@id":"https:\/\/denarius.no\/no\/product\/russland-medaljerubel-1759-avstopning\/#breadcrumb"},"inLanguage":"nb-NO","potentialAction":[{"@type":"ReadAction","target":["https:\/\/denarius.no\/no\/product\/russland-medaljerubel-1759-avstopning\/"]}]},{"@type":"ImageObject","inLanguage":"nb-NO","@id":"https:\/\/denarius.no\/no\/product\/russland-medaljerubel-1759-avstopning\/#primaryimage","url":"https:\/\/denarius.no\/wp-content\/uploads\/2026\/02\/Protokollnr.-5970-scaled.png","contentUrl":"https:\/\/denarius.no\/wp-content\/uploads\/2026\/02\/Protokollnr.-5970-scaled.png","width":2560,"height":1273},{"@type":"BreadcrumbList","@id":"https:\/\/denarius.no\/no\/product\/russland-medaljerubel-1759-avstopning\/#breadcrumb","itemListElement":[{"@type":"ListItem","position":1,"name":"Home","item":"https:\/\/denarius.no\/no\/coin-banknote-dealer-specialist\/"},{"@type":"ListItem","position":2,"name":"Nettbutikk","item":"https:\/\/denarius.no\/no\/shop\/"},{"@type":"ListItem","position":3,"name":"Russland, medaljerubel 1759 (avst\u00f8pning)"}]},{"@type":"WebSite","@id":"https:\/\/denarius.no\/#website","url":"https:\/\/denarius.no\/","name":"Coin &amp; Banknote Specialist","description":"Denarius","potentialAction":[{"@type":"SearchAction","target":{"@type":"EntryPoint","urlTemplate":"https:\/\/denarius.no\/?s={search_term_string}"},"query-input":{"@type":"PropertyValueSpecification","valueRequired":true,"valueName":"search_term_string"}}],"inLanguage":"nb-NO"}]}},"_links":{"self":[{"href":"https:\/\/denarius.no\/no\/wp-json\/wp\/v2\/product\/51847","targetHints":{"allow":["GET"]}}],"collection":[{"href":"https:\/\/denarius.no\/no\/wp-json\/wp\/v2\/product"}],"about":[{"href":"https:\/\/denarius.no\/no\/wp-json\/wp\/v2\/types\/product"}],"replies":[{"embeddable":true,"href":"https:\/\/denarius.no\/no\/wp-json\/wp\/v2\/comments?post=51847"}],"wp:featuredmedia":[{"embeddable":true,"href":"https:\/\/denarius.no\/no\/wp-json\/wp\/v2\/media\/51846"}],"wp:attachment":[{"href":"https:\/\/denarius.no\/no\/wp-json\/wp\/v2\/media?parent=51847"}],"wp:term":[{"taxonomy":"product_brand","embeddable":true,"href":"https:\/\/denarius.no\/no\/wp-json\/wp\/v2\/product_brand?post=51847"},{"taxonomy":"product_cat","embeddable":true,"href":"https:\/\/denarius.no\/no\/wp-json\/wp\/v2\/product_cat?post=51847"},{"taxonomy":"product_tag","embeddable":true,"href":"https:\/\/denarius.no\/no\/wp-json\/wp\/v2\/product_tag?post=51847"}],"curies":[{"name":"wp","href":"https:\/\/api.w.org\/{rel}","templated":true}]}}