{"id":51980,"date":"2026-04-02T11:36:11","date_gmt":"2026-04-02T09:36:11","guid":{"rendered":"https:\/\/denarius.no\/?post_type=product&#038;p=51980"},"modified":"2026-04-02T11:37:21","modified_gmt":"2026-04-02T09:37:21","slug":"monogrambrosje-i-gull-og-diamanter-i-sen-imperial-russisk-stil-ca-1900","status":"publish","type":"product","link":"https:\/\/denarius.no\/no\/product\/monogrambrosje-i-gull-og-diamanter-i-sen-imperial-russisk-stil-ca-1900\/","title":{"rendered":"Monogrambrosje i gull og diamanter i sen\u2011imperial russisk stil (ca. 1900)"},"content":{"rendered":"","protected":false},"excerpt":{"rendered":"<p>Et vakkert utf\u00f8rt monogrambrosje i sen\u2011imperial russisk stil, datert til rundt 1900. Stykket er laget i gull med mange diamanter satt i en s\u00f8lvmontasje, en klassisk teknikk fra perioden som fremhever glansen i steinene. Det kronede monogrammet er fint modellert, med sammenflettede bokstaver og en detaljert krone med diskrete r\u00f8de emaljeinnslag. Baksiden har den originale n\u00e5lekonstruksjonen, typisk for kvalitetsarbeid ved \u00e5rhundreskiftet. Et elegant og raffinert eksempel p\u00e5 tidlig 1900\u2011talls h\u00e5ndverk, der edle materialer kombineres med smakfull dekorativ utf\u00f8relse. Vekt: 5,7 g.<\/p>\n<p>Protokollnr. 5930<\/p>\n","protected":false},"featured_media":51979,"comment_status":"closed","ping_status":"closed","template":"","meta":{"_acf_changed":false},"product_brand":[],"product_cat":[726,732],"product_tag":[],"class_list":{"0":"post-51980","1":"product","2":"type-product","3":"status-publish","4":"has-post-thumbnail","6":"product_cat-diverse","7":"product_cat-antikviteter","9":"first","10":"instock","11":"shipping-taxable","12":"purchasable","13":"product-type-simple","14":"layout-style-1","15":"col-md-4 col-sm-4 col-xs-6","16":"col-lg-3","17":"product-style-default"},"acf":[],"yoast_head":"<!-- This site is optimized with the Yoast SEO plugin v27.4 - https:\/\/yoast.com\/product\/yoast-seo-wordpress\/ -->\n<title>Monogrambrosje i gull og diamanter i sen\u2011imperial russisk stil (ca. 1900) - Coin &amp; Banknote Specialist<\/title>\n<meta name=\"robots\" content=\"index, follow, max-snippet:-1, max-image-preview:large, max-video-preview:-1\" \/>\n<link rel=\"canonical\" href=\"https:\/\/denarius.no\/no\/product\/monogrambrosje-i-gull-og-diamanter-i-sen-imperial-russisk-stil-ca-1900\/\" \/>\n<meta property=\"og:locale\" content=\"nb_NO\" \/>\n<meta property=\"og:type\" content=\"article\" \/>\n<meta property=\"og:title\" content=\"Monogrambrosje i gull og diamanter i sen\u2011imperial russisk stil (ca. 1900) - Coin &amp; Banknote Specialist\" \/>\n<meta property=\"og:description\" content=\"Et vakkert utf\u00f8rt monogrambrosje i sen\u2011imperial russisk stil, datert til rundt 1900. Stykket er laget i gull med mange diamanter satt i en s\u00f8lvmontasje, en klassisk teknikk fra perioden som fremhever glansen i steinene. Det kronede monogrammet er fint modellert, med sammenflettede bokstaver og en detaljert krone med diskrete r\u00f8de emaljeinnslag. Baksiden har den originale n\u00e5lekonstruksjonen, typisk for kvalitetsarbeid ved \u00e5rhundreskiftet. Et elegant og raffinert eksempel p\u00e5 tidlig 1900\u2011talls h\u00e5ndverk, der edle materialer kombineres med smakfull dekorativ utf\u00f8relse. Vekt: 5,7 g.  Protokollnr. 5930\" \/>\n<meta property=\"og:url\" content=\"https:\/\/denarius.no\/no\/product\/monogrambrosje-i-gull-og-diamanter-i-sen-imperial-russisk-stil-ca-1900\/\" \/>\n<meta property=\"og:site_name\" content=\"Coin &amp; Banknote Specialist\" \/>\n<meta property=\"article:modified_time\" content=\"2026-04-02T09:37:21+00:00\" \/>\n<meta property=\"og:image\" content=\"https:\/\/denarius.no\/wp-content\/uploads\/2026\/04\/Protokollnr.-5930-scaled.png\" \/>\n\t<meta property=\"og:image:width\" content=\"1448\" \/>\n\t<meta property=\"og:image:height\" content=\"2560\" \/>\n\t<meta property=\"og:image:type\" content=\"image\/png\" \/>\n<meta name=\"twitter:card\" content=\"summary_large_image\" \/>\n<meta name=\"twitter:label1\" content=\"Ansl. lesetid\" \/>\n\t<meta name=\"twitter:data1\" content=\"1 minutt\" \/>\n<script type=\"application\/ld+json\" class=\"yoast-schema-graph\">{\"@context\":\"https:\\\/\\\/schema.org\",\"@graph\":[{\"@type\":\"WebPage\",\"@id\":\"https:\\\/\\\/denarius.no\\\/no\\\/product\\\/monogrambrosje-i-gull-og-diamanter-i-sen-imperial-russisk-stil-ca-1900\\\/\",\"url\":\"https:\\\/\\\/denarius.no\\\/no\\\/product\\\/monogrambrosje-i-gull-og-diamanter-i-sen-imperial-russisk-stil-ca-1900\\\/\",\"name\":\"Monogrambrosje i gull og diamanter i sen\u2011imperial russisk stil (ca. 1900) - Coin &amp; Banknote Specialist\",\"isPartOf\":{\"@id\":\"https:\\\/\\\/denarius.no\\\/#website\"},\"primaryImageOfPage\":{\"@id\":\"https:\\\/\\\/denarius.no\\\/no\\\/product\\\/monogrambrosje-i-gull-og-diamanter-i-sen-imperial-russisk-stil-ca-1900\\\/#primaryimage\"},\"image\":{\"@id\":\"https:\\\/\\\/denarius.no\\\/no\\\/product\\\/monogrambrosje-i-gull-og-diamanter-i-sen-imperial-russisk-stil-ca-1900\\\/#primaryimage\"},\"thumbnailUrl\":\"https:\\\/\\\/denarius.no\\\/wp-content\\\/uploads\\\/2026\\\/04\\\/Protokollnr.-5930-scaled.png\",\"datePublished\":\"2026-04-02T09:36:11+00:00\",\"dateModified\":\"2026-04-02T09:37:21+00:00\",\"breadcrumb\":{\"@id\":\"https:\\\/\\\/denarius.no\\\/no\\\/product\\\/monogrambrosje-i-gull-og-diamanter-i-sen-imperial-russisk-stil-ca-1900\\\/#breadcrumb\"},\"inLanguage\":\"nb-NO\",\"potentialAction\":[{\"@type\":\"ReadAction\",\"target\":[\"https:\\\/\\\/denarius.no\\\/no\\\/product\\\/monogrambrosje-i-gull-og-diamanter-i-sen-imperial-russisk-stil-ca-1900\\\/\"]}]},{\"@type\":\"ImageObject\",\"inLanguage\":\"nb-NO\",\"@id\":\"https:\\\/\\\/denarius.no\\\/no\\\/product\\\/monogrambrosje-i-gull-og-diamanter-i-sen-imperial-russisk-stil-ca-1900\\\/#primaryimage\",\"url\":\"https:\\\/\\\/denarius.no\\\/wp-content\\\/uploads\\\/2026\\\/04\\\/Protokollnr.-5930-scaled.png\",\"contentUrl\":\"https:\\\/\\\/denarius.no\\\/wp-content\\\/uploads\\\/2026\\\/04\\\/Protokollnr.-5930-scaled.png\",\"width\":1448,\"height\":2560},{\"@type\":\"BreadcrumbList\",\"@id\":\"https:\\\/\\\/denarius.no\\\/no\\\/product\\\/monogrambrosje-i-gull-og-diamanter-i-sen-imperial-russisk-stil-ca-1900\\\/#breadcrumb\",\"itemListElement\":[{\"@type\":\"ListItem\",\"position\":1,\"name\":\"Home\",\"item\":\"https:\\\/\\\/denarius.no\\\/no\\\/coin-banknote-dealer-specialist\\\/\"},{\"@type\":\"ListItem\",\"position\":2,\"name\":\"Nettbutikk\",\"item\":\"https:\\\/\\\/denarius.no\\\/no\\\/shop\\\/\"},{\"@type\":\"ListItem\",\"position\":3,\"name\":\"Monogrambrosje i gull og diamanter i sen\u2011imperial russisk stil (ca. 1900)\"}]},{\"@type\":\"WebSite\",\"@id\":\"https:\\\/\\\/denarius.no\\\/#website\",\"url\":\"https:\\\/\\\/denarius.no\\\/\",\"name\":\"Coin &amp; Banknote Specialist\",\"description\":\"Denarius\",\"potentialAction\":[{\"@type\":\"SearchAction\",\"target\":{\"@type\":\"EntryPoint\",\"urlTemplate\":\"https:\\\/\\\/denarius.no\\\/?s={search_term_string}\"},\"query-input\":{\"@type\":\"PropertyValueSpecification\",\"valueRequired\":true,\"valueName\":\"search_term_string\"}}],\"inLanguage\":\"nb-NO\"}]}<\/script>\n<!-- \/ Yoast SEO plugin. -->","yoast_head_json":{"title":"Monogrambrosje i gull og diamanter i sen\u2011imperial russisk stil (ca. 1900) - Coin &amp; Banknote Specialist","robots":{"index":"index","follow":"follow","max-snippet":"max-snippet:-1","max-image-preview":"max-image-preview:large","max-video-preview":"max-video-preview:-1"},"canonical":"https:\/\/denarius.no\/no\/product\/monogrambrosje-i-gull-og-diamanter-i-sen-imperial-russisk-stil-ca-1900\/","og_locale":"nb_NO","og_type":"article","og_title":"Monogrambrosje i gull og diamanter i sen\u2011imperial russisk stil (ca. 1900) - Coin &amp; Banknote Specialist","og_description":"Et vakkert utf\u00f8rt monogrambrosje i sen\u2011imperial russisk stil, datert til rundt 1900. Stykket er laget i gull med mange diamanter satt i en s\u00f8lvmontasje, en klassisk teknikk fra perioden som fremhever glansen i steinene. Det kronede monogrammet er fint modellert, med sammenflettede bokstaver og en detaljert krone med diskrete r\u00f8de emaljeinnslag. Baksiden har den originale n\u00e5lekonstruksjonen, typisk for kvalitetsarbeid ved \u00e5rhundreskiftet. Et elegant og raffinert eksempel p\u00e5 tidlig 1900\u2011talls h\u00e5ndverk, der edle materialer kombineres med smakfull dekorativ utf\u00f8relse. Vekt: 5,7 g.  Protokollnr. 5930","og_url":"https:\/\/denarius.no\/no\/product\/monogrambrosje-i-gull-og-diamanter-i-sen-imperial-russisk-stil-ca-1900\/","og_site_name":"Coin &amp; Banknote Specialist","article_modified_time":"2026-04-02T09:37:21+00:00","og_image":[{"width":1448,"height":2560,"url":"https:\/\/denarius.no\/wp-content\/uploads\/2026\/04\/Protokollnr.-5930-scaled.png","type":"image\/png"}],"twitter_card":"summary_large_image","twitter_misc":{"Ansl. lesetid":"1 minutt"},"schema":{"@context":"https:\/\/schema.org","@graph":[{"@type":"WebPage","@id":"https:\/\/denarius.no\/no\/product\/monogrambrosje-i-gull-og-diamanter-i-sen-imperial-russisk-stil-ca-1900\/","url":"https:\/\/denarius.no\/no\/product\/monogrambrosje-i-gull-og-diamanter-i-sen-imperial-russisk-stil-ca-1900\/","name":"Monogrambrosje i gull og diamanter i sen\u2011imperial russisk stil (ca. 1900) - Coin &amp; Banknote Specialist","isPartOf":{"@id":"https:\/\/denarius.no\/#website"},"primaryImageOfPage":{"@id":"https:\/\/denarius.no\/no\/product\/monogrambrosje-i-gull-og-diamanter-i-sen-imperial-russisk-stil-ca-1900\/#primaryimage"},"image":{"@id":"https:\/\/denarius.no\/no\/product\/monogrambrosje-i-gull-og-diamanter-i-sen-imperial-russisk-stil-ca-1900\/#primaryimage"},"thumbnailUrl":"https:\/\/denarius.no\/wp-content\/uploads\/2026\/04\/Protokollnr.-5930-scaled.png","datePublished":"2026-04-02T09:36:11+00:00","dateModified":"2026-04-02T09:37:21+00:00","breadcrumb":{"@id":"https:\/\/denarius.no\/no\/product\/monogrambrosje-i-gull-og-diamanter-i-sen-imperial-russisk-stil-ca-1900\/#breadcrumb"},"inLanguage":"nb-NO","potentialAction":[{"@type":"ReadAction","target":["https:\/\/denarius.no\/no\/product\/monogrambrosje-i-gull-og-diamanter-i-sen-imperial-russisk-stil-ca-1900\/"]}]},{"@type":"ImageObject","inLanguage":"nb-NO","@id":"https:\/\/denarius.no\/no\/product\/monogrambrosje-i-gull-og-diamanter-i-sen-imperial-russisk-stil-ca-1900\/#primaryimage","url":"https:\/\/denarius.no\/wp-content\/uploads\/2026\/04\/Protokollnr.-5930-scaled.png","contentUrl":"https:\/\/denarius.no\/wp-content\/uploads\/2026\/04\/Protokollnr.-5930-scaled.png","width":1448,"height":2560},{"@type":"BreadcrumbList","@id":"https:\/\/denarius.no\/no\/product\/monogrambrosje-i-gull-og-diamanter-i-sen-imperial-russisk-stil-ca-1900\/#breadcrumb","itemListElement":[{"@type":"ListItem","position":1,"name":"Home","item":"https:\/\/denarius.no\/no\/coin-banknote-dealer-specialist\/"},{"@type":"ListItem","position":2,"name":"Nettbutikk","item":"https:\/\/denarius.no\/no\/shop\/"},{"@type":"ListItem","position":3,"name":"Monogrambrosje i gull og diamanter i sen\u2011imperial russisk stil (ca. 1900)"}]},{"@type":"WebSite","@id":"https:\/\/denarius.no\/#website","url":"https:\/\/denarius.no\/","name":"Coin &amp; Banknote Specialist","description":"Denarius","potentialAction":[{"@type":"SearchAction","target":{"@type":"EntryPoint","urlTemplate":"https:\/\/denarius.no\/?s={search_term_string}"},"query-input":{"@type":"PropertyValueSpecification","valueRequired":true,"valueName":"search_term_string"}}],"inLanguage":"nb-NO"}]}},"_links":{"self":[{"href":"https:\/\/denarius.no\/no\/wp-json\/wp\/v2\/product\/51980","targetHints":{"allow":["GET"]}}],"collection":[{"href":"https:\/\/denarius.no\/no\/wp-json\/wp\/v2\/product"}],"about":[{"href":"https:\/\/denarius.no\/no\/wp-json\/wp\/v2\/types\/product"}],"replies":[{"embeddable":true,"href":"https:\/\/denarius.no\/no\/wp-json\/wp\/v2\/comments?post=51980"}],"wp:featuredmedia":[{"embeddable":true,"href":"https:\/\/denarius.no\/no\/wp-json\/wp\/v2\/media\/51979"}],"wp:attachment":[{"href":"https:\/\/denarius.no\/no\/wp-json\/wp\/v2\/media?parent=51980"}],"wp:term":[{"taxonomy":"product_brand","embeddable":true,"href":"https:\/\/denarius.no\/no\/wp-json\/wp\/v2\/product_brand?post=51980"},{"taxonomy":"product_cat","embeddable":true,"href":"https:\/\/denarius.no\/no\/wp-json\/wp\/v2\/product_cat?post=51980"},{"taxonomy":"product_tag","embeddable":true,"href":"https:\/\/denarius.no\/no\/wp-json\/wp\/v2\/product_tag?post=51980"}],"curies":[{"name":"wp","href":"https:\/\/api.w.org\/{rel}","templated":true}]}}