{"id":51993,"date":"2026-04-08T23:40:43","date_gmt":"2026-04-08T21:40:43","guid":{"rendered":"https:\/\/denarius.no\/?post_type=product&#038;p=51993"},"modified":"2026-04-08T23:41:31","modified_gmt":"2026-04-08T21:41:31","slug":"25-ore-1900-vakker","status":"publish","type":"product","link":"https:\/\/denarius.no\/no\/product\/25-ore-1900-vakker\/","title":{"rendered":"25 \u00f8re 1900 (vakker!)"},"content":{"rendered":"","protected":false},"excerpt":{"rendered":"<p>25 \u00f8re fra 1900, sl\u00e5tt under kong Oscar II. Kv. 0. Mye bevart glans i metallet og flott patina. NMB 73; NM 72; KM 360. 2,4 g.<\/p>\n<p>Protokollnr. 6002<\/p>\n","protected":false},"featured_media":51992,"comment_status":"closed","ping_status":"closed","template":"","meta":{"_acf_changed":false},"product_brand":[],"product_cat":[748,824],"product_tag":[],"class_list":{"0":"post-51993","1":"product","2":"type-product","3":"status-publish","4":"has-post-thumbnail","6":"product_cat-norge-etter-1874","7":"product_cat-25-re-2","9":"first","10":"instock","11":"shipping-taxable","12":"purchasable","13":"product-type-simple","14":"new","15":"layout-style-1","16":"col-md-4 col-sm-4 col-xs-6","17":"col-lg-3","18":"product-style-default"},"acf":[],"yoast_head":"<!-- This site is optimized with the Yoast SEO plugin v27.3 - https:\/\/yoast.com\/product\/yoast-seo-wordpress\/ -->\n<title>25 \u00f8re 1900 (vakker!) - Coin &amp; Banknote Specialist<\/title>\n<meta name=\"robots\" content=\"index, follow, max-snippet:-1, max-image-preview:large, max-video-preview:-1\" \/>\n<link rel=\"canonical\" href=\"https:\/\/denarius.no\/product\/norway-25-ore-1900-beautiful-condition\/\" \/>\n<meta property=\"og:locale\" content=\"nb_NO\" \/>\n<meta property=\"og:type\" content=\"article\" \/>\n<meta property=\"og:title\" content=\"25 \u00f8re 1900 (vakker!) - Coin &amp; Banknote Specialist\" \/>\n<meta property=\"og:description\" content=\"25 \u00f8re fra 1900, sl\u00e5tt under kong Oscar II. Kv. 0. Mye bevart glans i metallet og flott patina. NMB 73; NM 72; KM 360. 2,4 g.  Protokollnr. 6002\" \/>\n<meta property=\"og:url\" content=\"https:\/\/denarius.no\/product\/norway-25-ore-1900-beautiful-condition\/\" \/>\n<meta property=\"og:site_name\" content=\"Coin &amp; Banknote Specialist\" \/>\n<meta property=\"article:modified_time\" content=\"2026-04-08T21:41:31+00:00\" \/>\n<meta property=\"og:image\" content=\"https:\/\/denarius.no\/wp-content\/uploads\/2026\/04\/Protokollnr.-6002-d-scaled.jpeg\" \/>\n\t<meta property=\"og:image:width\" content=\"2560\" \/>\n\t<meta property=\"og:image:height\" content=\"1282\" \/>\n\t<meta property=\"og:image:type\" content=\"image\/jpeg\" \/>\n<meta name=\"twitter:card\" content=\"summary_large_image\" \/>\n<meta name=\"twitter:label1\" content=\"Ansl. lesetid\" \/>\n\t<meta name=\"twitter:data1\" content=\"1 minutt\" \/>\n<script type=\"application\/ld+json\" class=\"yoast-schema-graph\">{\"@context\":\"https:\\\/\\\/schema.org\",\"@graph\":[{\"@type\":\"WebPage\",\"@id\":\"https:\\\/\\\/denarius.no\\\/product\\\/norway-25-ore-1900-beautiful-condition\\\/\",\"url\":\"https:\\\/\\\/denarius.no\\\/product\\\/norway-25-ore-1900-beautiful-condition\\\/\",\"name\":\"25 \u00f8re 1900 (vakker!) - Coin &amp; Banknote Specialist\",\"isPartOf\":{\"@id\":\"https:\\\/\\\/denarius.no\\\/#website\"},\"primaryImageOfPage\":{\"@id\":\"https:\\\/\\\/denarius.no\\\/product\\\/norway-25-ore-1900-beautiful-condition\\\/#primaryimage\"},\"image\":{\"@id\":\"https:\\\/\\\/denarius.no\\\/product\\\/norway-25-ore-1900-beautiful-condition\\\/#primaryimage\"},\"thumbnailUrl\":\"https:\\\/\\\/denarius.no\\\/wp-content\\\/uploads\\\/2026\\\/04\\\/Protokollnr.-6002-d-scaled.jpeg\",\"datePublished\":\"2026-04-08T21:40:43+00:00\",\"dateModified\":\"2026-04-08T21:41:31+00:00\",\"breadcrumb\":{\"@id\":\"https:\\\/\\\/denarius.no\\\/product\\\/norway-25-ore-1900-beautiful-condition\\\/#breadcrumb\"},\"inLanguage\":\"nb-NO\",\"potentialAction\":[{\"@type\":\"ReadAction\",\"target\":[\"https:\\\/\\\/denarius.no\\\/product\\\/norway-25-ore-1900-beautiful-condition\\\/\"]}]},{\"@type\":\"ImageObject\",\"inLanguage\":\"nb-NO\",\"@id\":\"https:\\\/\\\/denarius.no\\\/product\\\/norway-25-ore-1900-beautiful-condition\\\/#primaryimage\",\"url\":\"https:\\\/\\\/denarius.no\\\/wp-content\\\/uploads\\\/2026\\\/04\\\/Protokollnr.-6002-d-scaled.jpeg\",\"contentUrl\":\"https:\\\/\\\/denarius.no\\\/wp-content\\\/uploads\\\/2026\\\/04\\\/Protokollnr.-6002-d-scaled.jpeg\",\"width\":2560,\"height\":1282},{\"@type\":\"BreadcrumbList\",\"@id\":\"https:\\\/\\\/denarius.no\\\/product\\\/norway-25-ore-1900-beautiful-condition\\\/#breadcrumb\",\"itemListElement\":[{\"@type\":\"ListItem\",\"position\":1,\"name\":\"Home\",\"item\":\"https:\\\/\\\/denarius.no\\\/no\\\/coin-banknote-dealer-specialist\\\/\"},{\"@type\":\"ListItem\",\"position\":2,\"name\":\"Nettbutikk\",\"item\":\"https:\\\/\\\/denarius.no\\\/no\\\/shop\\\/\"},{\"@type\":\"ListItem\",\"position\":3,\"name\":\"25 \u00f8re 1900 (vakker!)\"}]},{\"@type\":\"WebSite\",\"@id\":\"https:\\\/\\\/denarius.no\\\/#website\",\"url\":\"https:\\\/\\\/denarius.no\\\/\",\"name\":\"Coin &amp; Banknote Specialist\",\"description\":\"Denarius\",\"potentialAction\":[{\"@type\":\"SearchAction\",\"target\":{\"@type\":\"EntryPoint\",\"urlTemplate\":\"https:\\\/\\\/denarius.no\\\/?s={search_term_string}\"},\"query-input\":{\"@type\":\"PropertyValueSpecification\",\"valueRequired\":true,\"valueName\":\"search_term_string\"}}],\"inLanguage\":\"nb-NO\"}]}<\/script>\n<!-- \/ Yoast SEO plugin. -->","yoast_head_json":{"title":"25 \u00f8re 1900 (vakker!) - Coin &amp; Banknote Specialist","robots":{"index":"index","follow":"follow","max-snippet":"max-snippet:-1","max-image-preview":"max-image-preview:large","max-video-preview":"max-video-preview:-1"},"canonical":"https:\/\/denarius.no\/product\/norway-25-ore-1900-beautiful-condition\/","og_locale":"nb_NO","og_type":"article","og_title":"25 \u00f8re 1900 (vakker!) - Coin &amp; Banknote Specialist","og_description":"25 \u00f8re fra 1900, sl\u00e5tt under kong Oscar II. Kv. 0. Mye bevart glans i metallet og flott patina. NMB 73; NM 72; KM 360. 2,4 g.  Protokollnr. 6002","og_url":"https:\/\/denarius.no\/product\/norway-25-ore-1900-beautiful-condition\/","og_site_name":"Coin &amp; Banknote Specialist","article_modified_time":"2026-04-08T21:41:31+00:00","og_image":[{"width":2560,"height":1282,"url":"https:\/\/denarius.no\/wp-content\/uploads\/2026\/04\/Protokollnr.-6002-d-scaled.jpeg","type":"image\/jpeg"}],"twitter_card":"summary_large_image","twitter_misc":{"Ansl. lesetid":"1 minutt"},"schema":{"@context":"https:\/\/schema.org","@graph":[{"@type":"WebPage","@id":"https:\/\/denarius.no\/product\/norway-25-ore-1900-beautiful-condition\/","url":"https:\/\/denarius.no\/product\/norway-25-ore-1900-beautiful-condition\/","name":"25 \u00f8re 1900 (vakker!) - Coin &amp; Banknote Specialist","isPartOf":{"@id":"https:\/\/denarius.no\/#website"},"primaryImageOfPage":{"@id":"https:\/\/denarius.no\/product\/norway-25-ore-1900-beautiful-condition\/#primaryimage"},"image":{"@id":"https:\/\/denarius.no\/product\/norway-25-ore-1900-beautiful-condition\/#primaryimage"},"thumbnailUrl":"https:\/\/denarius.no\/wp-content\/uploads\/2026\/04\/Protokollnr.-6002-d-scaled.jpeg","datePublished":"2026-04-08T21:40:43+00:00","dateModified":"2026-04-08T21:41:31+00:00","breadcrumb":{"@id":"https:\/\/denarius.no\/product\/norway-25-ore-1900-beautiful-condition\/#breadcrumb"},"inLanguage":"nb-NO","potentialAction":[{"@type":"ReadAction","target":["https:\/\/denarius.no\/product\/norway-25-ore-1900-beautiful-condition\/"]}]},{"@type":"ImageObject","inLanguage":"nb-NO","@id":"https:\/\/denarius.no\/product\/norway-25-ore-1900-beautiful-condition\/#primaryimage","url":"https:\/\/denarius.no\/wp-content\/uploads\/2026\/04\/Protokollnr.-6002-d-scaled.jpeg","contentUrl":"https:\/\/denarius.no\/wp-content\/uploads\/2026\/04\/Protokollnr.-6002-d-scaled.jpeg","width":2560,"height":1282},{"@type":"BreadcrumbList","@id":"https:\/\/denarius.no\/product\/norway-25-ore-1900-beautiful-condition\/#breadcrumb","itemListElement":[{"@type":"ListItem","position":1,"name":"Home","item":"https:\/\/denarius.no\/no\/coin-banknote-dealer-specialist\/"},{"@type":"ListItem","position":2,"name":"Nettbutikk","item":"https:\/\/denarius.no\/no\/shop\/"},{"@type":"ListItem","position":3,"name":"25 \u00f8re 1900 (vakker!)"}]},{"@type":"WebSite","@id":"https:\/\/denarius.no\/#website","url":"https:\/\/denarius.no\/","name":"Coin &amp; Banknote Specialist","description":"Denarius","potentialAction":[{"@type":"SearchAction","target":{"@type":"EntryPoint","urlTemplate":"https:\/\/denarius.no\/?s={search_term_string}"},"query-input":{"@type":"PropertyValueSpecification","valueRequired":true,"valueName":"search_term_string"}}],"inLanguage":"nb-NO"}]}},"_links":{"self":[{"href":"https:\/\/denarius.no\/no\/wp-json\/wp\/v2\/product\/51993","targetHints":{"allow":["GET"]}}],"collection":[{"href":"https:\/\/denarius.no\/no\/wp-json\/wp\/v2\/product"}],"about":[{"href":"https:\/\/denarius.no\/no\/wp-json\/wp\/v2\/types\/product"}],"replies":[{"embeddable":true,"href":"https:\/\/denarius.no\/no\/wp-json\/wp\/v2\/comments?post=51993"}],"wp:featuredmedia":[{"embeddable":true,"href":"https:\/\/denarius.no\/no\/wp-json\/wp\/v2\/media\/51992"}],"wp:attachment":[{"href":"https:\/\/denarius.no\/no\/wp-json\/wp\/v2\/media?parent=51993"}],"wp:term":[{"taxonomy":"product_brand","embeddable":true,"href":"https:\/\/denarius.no\/no\/wp-json\/wp\/v2\/product_brand?post=51993"},{"taxonomy":"product_cat","embeddable":true,"href":"https:\/\/denarius.no\/no\/wp-json\/wp\/v2\/product_cat?post=51993"},{"taxonomy":"product_tag","embeddable":true,"href":"https:\/\/denarius.no\/no\/wp-json\/wp\/v2\/product_tag?post=51993"}],"curies":[{"name":"wp","href":"https:\/\/api.w.org\/{rel}","templated":true}]}}