{"id":52008,"date":"2026-04-12T01:24:13","date_gmt":"2026-04-11T23:24:13","guid":{"rendered":"https:\/\/denarius.no\/?post_type=product&#038;p=52008"},"modified":"2026-04-12T01:28:05","modified_gmt":"2026-04-11T23:28:05","slug":"dishekel-fra-sidon-i-fonikia-ca-425-401-f-kr-ex-pitchfork","status":"publish","type":"product","link":"https:\/\/denarius.no\/no\/product\/dishekel-fra-sidon-i-fonikia-ca-425-401-f-kr-ex-pitchfork\/","title":{"rendered":"Dishekel fra Sidon i F\u00f8nikia  (ca. 425-401 f. Kr.) &#8211; Ex Pitchfork"},"content":{"rendered":"","protected":false},"excerpt":{"rendered":"<p>F\u00f8nikia, Sidon, dishekel fra ca. 425-401 f. Kr., sl\u00e5tt under kong Ba`al\u0161illem (Sakton) I-Ba\u2019ana. Kv. 1+. Stempelsprekk p\u00e5 advers. F\u00f8nikisk galei til venstre foran bymur med fem t\u00e5rn; to l\u00f8ver st\u00e5ende mot hverandre i eksergue \/ Perserkongen, if\u00f8rt kidaris og kandys, med h\u00f8yre h\u00e5nd l\u00f8ftet, og kusk som holder t\u00f8mmene med begge hender, i en stridsvogn trukket av to hester i fullt sprang mot venstre; nedenfor en innsenket geit l\u00f8pende mot venstre; det hele innenfor en prikket sirkel og en innsenket sirkel. E&amp;E-S Group III.1.f, 210\u20133 var. (D8\/R\u2013 [uregistrert reversstempel]); HGC 10, 221; Babelon, Perses 1566 = Trait\u00e9 II 889, pl. CXVIII, 5 (samme adversstempel); Pitchfork 42 (denne mynten). Ex. Colin E. Pitchforks samling, kj\u00f8pt fra Spink, 15. desember 1996. 28,35 g.<\/p>\n<p>Protokollnr. 6004<\/p>\n","protected":false},"featured_media":52007,"comment_status":"closed","ping_status":"closed","template":"","meta":{"_acf_changed":false},"product_brand":[],"product_cat":[698,700],"product_tag":[],"class_list":{"0":"post-52008","1":"product","2":"type-product","3":"status-publish","4":"has-post-thumbnail","6":"product_cat-antikken","7":"product_cat-greske-mynter","9":"first","10":"instock","11":"shipping-taxable","12":"purchasable","13":"product-type-simple","14":"new","15":"layout-style-1","16":"col-md-4 col-sm-4 col-xs-6","17":"col-lg-3","18":"product-style-default"},"acf":[],"yoast_head":"<!-- This site is optimized with the Yoast SEO plugin v27.3 - https:\/\/yoast.com\/product\/yoast-seo-wordpress\/ -->\n<title>Dishekel fra Sidon i F\u00f8nikia (ca. 425-401 f. Kr.) - Ex Pitchfork - Coin &amp; Banknote Specialist<\/title>\n<meta name=\"robots\" content=\"index, follow, max-snippet:-1, max-image-preview:large, max-video-preview:-1\" \/>\n<link rel=\"canonical\" href=\"https:\/\/denarius.no\/no\/product\/dishekel-fra-sidon-i-fonikia-ca-425-401-f-kr-ex-pitchfork\/\" \/>\n<meta property=\"og:locale\" content=\"nb_NO\" \/>\n<meta property=\"og:type\" content=\"article\" \/>\n<meta property=\"og:title\" content=\"Dishekel fra Sidon i F\u00f8nikia (ca. 425-401 f. Kr.) - Ex Pitchfork - Coin &amp; Banknote Specialist\" \/>\n<meta property=\"og:description\" content=\"F\u00f8nikia, Sidon, dishekel fra ca. 425-401 f. Kr., sl\u00e5tt under kong Ba`al\u0161illem (Sakton) I-Ba\u2019ana. Kv. 1+. Stempelsprekk p\u00e5 advers. F\u00f8nikisk galei til venstre foran bymur med fem t\u00e5rn; to l\u00f8ver st\u00e5ende mot hverandre i eksergue \/ Perserkongen, if\u00f8rt kidaris og kandys, med h\u00f8yre h\u00e5nd l\u00f8ftet, og kusk som holder t\u00f8mmene med begge hender, i en stridsvogn trukket av to hester i fullt sprang mot venstre; nedenfor en innsenket geit l\u00f8pende mot venstre; det hele innenfor en prikket sirkel og en innsenket sirkel. E&amp;E-S Group III.1.f, 210\u20133 var. (D8\/R\u2013 [uregistrert reversstempel]); HGC 10, 221; Babelon, Perses 1566 = Trait\u00e9 II 889, pl. CXVIII, 5 (samme adversstempel); Pitchfork 42 (denne mynten). Ex. Colin E. Pitchforks samling, kj\u00f8pt fra Spink, 15. desember 1996. 28,35 g.  Protokollnr. 6004\" \/>\n<meta property=\"og:url\" content=\"https:\/\/denarius.no\/no\/product\/dishekel-fra-sidon-i-fonikia-ca-425-401-f-kr-ex-pitchfork\/\" \/>\n<meta property=\"og:site_name\" content=\"Coin &amp; Banknote Specialist\" \/>\n<meta property=\"article:modified_time\" content=\"2026-04-11T23:28:05+00:00\" \/>\n<meta property=\"og:image\" content=\"https:\/\/denarius.no\/wp-content\/uploads\/2026\/04\/Protokollnr.-6004-a-scaled.jpeg\" \/>\n\t<meta property=\"og:image:width\" content=\"2560\" \/>\n\t<meta property=\"og:image:height\" content=\"1192\" \/>\n\t<meta property=\"og:image:type\" content=\"image\/jpeg\" \/>\n<meta name=\"twitter:card\" content=\"summary_large_image\" \/>\n<meta name=\"twitter:label1\" content=\"Ansl. lesetid\" \/>\n\t<meta name=\"twitter:data1\" content=\"1 minutt\" \/>\n<script type=\"application\/ld+json\" class=\"yoast-schema-graph\">{\"@context\":\"https:\\\/\\\/schema.org\",\"@graph\":[{\"@type\":\"WebPage\",\"@id\":\"https:\\\/\\\/denarius.no\\\/no\\\/product\\\/dishekel-fra-sidon-i-fonikia-ca-425-401-f-kr-ex-pitchfork\\\/\",\"url\":\"https:\\\/\\\/denarius.no\\\/no\\\/product\\\/dishekel-fra-sidon-i-fonikia-ca-425-401-f-kr-ex-pitchfork\\\/\",\"name\":\"Dishekel fra Sidon i F\u00f8nikia (ca. 425-401 f. Kr.) - Ex Pitchfork - Coin &amp; Banknote Specialist\",\"isPartOf\":{\"@id\":\"https:\\\/\\\/denarius.no\\\/#website\"},\"primaryImageOfPage\":{\"@id\":\"https:\\\/\\\/denarius.no\\\/no\\\/product\\\/dishekel-fra-sidon-i-fonikia-ca-425-401-f-kr-ex-pitchfork\\\/#primaryimage\"},\"image\":{\"@id\":\"https:\\\/\\\/denarius.no\\\/no\\\/product\\\/dishekel-fra-sidon-i-fonikia-ca-425-401-f-kr-ex-pitchfork\\\/#primaryimage\"},\"thumbnailUrl\":\"https:\\\/\\\/denarius.no\\\/wp-content\\\/uploads\\\/2026\\\/04\\\/Protokollnr.-6004-a-scaled.jpeg\",\"datePublished\":\"2026-04-11T23:24:13+00:00\",\"dateModified\":\"2026-04-11T23:28:05+00:00\",\"breadcrumb\":{\"@id\":\"https:\\\/\\\/denarius.no\\\/no\\\/product\\\/dishekel-fra-sidon-i-fonikia-ca-425-401-f-kr-ex-pitchfork\\\/#breadcrumb\"},\"inLanguage\":\"nb-NO\",\"potentialAction\":[{\"@type\":\"ReadAction\",\"target\":[\"https:\\\/\\\/denarius.no\\\/no\\\/product\\\/dishekel-fra-sidon-i-fonikia-ca-425-401-f-kr-ex-pitchfork\\\/\"]}]},{\"@type\":\"ImageObject\",\"inLanguage\":\"nb-NO\",\"@id\":\"https:\\\/\\\/denarius.no\\\/no\\\/product\\\/dishekel-fra-sidon-i-fonikia-ca-425-401-f-kr-ex-pitchfork\\\/#primaryimage\",\"url\":\"https:\\\/\\\/denarius.no\\\/wp-content\\\/uploads\\\/2026\\\/04\\\/Protokollnr.-6004-a-scaled.jpeg\",\"contentUrl\":\"https:\\\/\\\/denarius.no\\\/wp-content\\\/uploads\\\/2026\\\/04\\\/Protokollnr.-6004-a-scaled.jpeg\",\"width\":2560,\"height\":1192},{\"@type\":\"BreadcrumbList\",\"@id\":\"https:\\\/\\\/denarius.no\\\/no\\\/product\\\/dishekel-fra-sidon-i-fonikia-ca-425-401-f-kr-ex-pitchfork\\\/#breadcrumb\",\"itemListElement\":[{\"@type\":\"ListItem\",\"position\":1,\"name\":\"Home\",\"item\":\"https:\\\/\\\/denarius.no\\\/no\\\/coin-banknote-dealer-specialist\\\/\"},{\"@type\":\"ListItem\",\"position\":2,\"name\":\"Nettbutikk\",\"item\":\"https:\\\/\\\/denarius.no\\\/no\\\/shop\\\/\"},{\"@type\":\"ListItem\",\"position\":3,\"name\":\"Dishekel fra Sidon i F\u00f8nikia (ca. 425-401 f. Kr.) &#8211; Ex Pitchfork\"}]},{\"@type\":\"WebSite\",\"@id\":\"https:\\\/\\\/denarius.no\\\/#website\",\"url\":\"https:\\\/\\\/denarius.no\\\/\",\"name\":\"Coin &amp; Banknote Specialist\",\"description\":\"Denarius\",\"potentialAction\":[{\"@type\":\"SearchAction\",\"target\":{\"@type\":\"EntryPoint\",\"urlTemplate\":\"https:\\\/\\\/denarius.no\\\/?s={search_term_string}\"},\"query-input\":{\"@type\":\"PropertyValueSpecification\",\"valueRequired\":true,\"valueName\":\"search_term_string\"}}],\"inLanguage\":\"nb-NO\"}]}<\/script>\n<!-- \/ Yoast SEO plugin. -->","yoast_head_json":{"title":"Dishekel fra Sidon i F\u00f8nikia (ca. 425-401 f. Kr.) - Ex Pitchfork - Coin &amp; Banknote Specialist","robots":{"index":"index","follow":"follow","max-snippet":"max-snippet:-1","max-image-preview":"max-image-preview:large","max-video-preview":"max-video-preview:-1"},"canonical":"https:\/\/denarius.no\/no\/product\/dishekel-fra-sidon-i-fonikia-ca-425-401-f-kr-ex-pitchfork\/","og_locale":"nb_NO","og_type":"article","og_title":"Dishekel fra Sidon i F\u00f8nikia (ca. 425-401 f. Kr.) - Ex Pitchfork - Coin &amp; Banknote Specialist","og_description":"F\u00f8nikia, Sidon, dishekel fra ca. 425-401 f. Kr., sl\u00e5tt under kong Ba`al\u0161illem (Sakton) I-Ba\u2019ana. Kv. 1+. Stempelsprekk p\u00e5 advers. F\u00f8nikisk galei til venstre foran bymur med fem t\u00e5rn; to l\u00f8ver st\u00e5ende mot hverandre i eksergue \/ Perserkongen, if\u00f8rt kidaris og kandys, med h\u00f8yre h\u00e5nd l\u00f8ftet, og kusk som holder t\u00f8mmene med begge hender, i en stridsvogn trukket av to hester i fullt sprang mot venstre; nedenfor en innsenket geit l\u00f8pende mot venstre; det hele innenfor en prikket sirkel og en innsenket sirkel. E&amp;E-S Group III.1.f, 210\u20133 var. (D8\/R\u2013 [uregistrert reversstempel]); HGC 10, 221; Babelon, Perses 1566 = Trait\u00e9 II 889, pl. CXVIII, 5 (samme adversstempel); Pitchfork 42 (denne mynten). Ex. Colin E. Pitchforks samling, kj\u00f8pt fra Spink, 15. desember 1996. 28,35 g.  Protokollnr. 6004","og_url":"https:\/\/denarius.no\/no\/product\/dishekel-fra-sidon-i-fonikia-ca-425-401-f-kr-ex-pitchfork\/","og_site_name":"Coin &amp; Banknote Specialist","article_modified_time":"2026-04-11T23:28:05+00:00","og_image":[{"width":2560,"height":1192,"url":"https:\/\/denarius.no\/wp-content\/uploads\/2026\/04\/Protokollnr.-6004-a-scaled.jpeg","type":"image\/jpeg"}],"twitter_card":"summary_large_image","twitter_misc":{"Ansl. lesetid":"1 minutt"},"schema":{"@context":"https:\/\/schema.org","@graph":[{"@type":"WebPage","@id":"https:\/\/denarius.no\/no\/product\/dishekel-fra-sidon-i-fonikia-ca-425-401-f-kr-ex-pitchfork\/","url":"https:\/\/denarius.no\/no\/product\/dishekel-fra-sidon-i-fonikia-ca-425-401-f-kr-ex-pitchfork\/","name":"Dishekel fra Sidon i F\u00f8nikia (ca. 425-401 f. Kr.) - Ex Pitchfork - Coin &amp; Banknote Specialist","isPartOf":{"@id":"https:\/\/denarius.no\/#website"},"primaryImageOfPage":{"@id":"https:\/\/denarius.no\/no\/product\/dishekel-fra-sidon-i-fonikia-ca-425-401-f-kr-ex-pitchfork\/#primaryimage"},"image":{"@id":"https:\/\/denarius.no\/no\/product\/dishekel-fra-sidon-i-fonikia-ca-425-401-f-kr-ex-pitchfork\/#primaryimage"},"thumbnailUrl":"https:\/\/denarius.no\/wp-content\/uploads\/2026\/04\/Protokollnr.-6004-a-scaled.jpeg","datePublished":"2026-04-11T23:24:13+00:00","dateModified":"2026-04-11T23:28:05+00:00","breadcrumb":{"@id":"https:\/\/denarius.no\/no\/product\/dishekel-fra-sidon-i-fonikia-ca-425-401-f-kr-ex-pitchfork\/#breadcrumb"},"inLanguage":"nb-NO","potentialAction":[{"@type":"ReadAction","target":["https:\/\/denarius.no\/no\/product\/dishekel-fra-sidon-i-fonikia-ca-425-401-f-kr-ex-pitchfork\/"]}]},{"@type":"ImageObject","inLanguage":"nb-NO","@id":"https:\/\/denarius.no\/no\/product\/dishekel-fra-sidon-i-fonikia-ca-425-401-f-kr-ex-pitchfork\/#primaryimage","url":"https:\/\/denarius.no\/wp-content\/uploads\/2026\/04\/Protokollnr.-6004-a-scaled.jpeg","contentUrl":"https:\/\/denarius.no\/wp-content\/uploads\/2026\/04\/Protokollnr.-6004-a-scaled.jpeg","width":2560,"height":1192},{"@type":"BreadcrumbList","@id":"https:\/\/denarius.no\/no\/product\/dishekel-fra-sidon-i-fonikia-ca-425-401-f-kr-ex-pitchfork\/#breadcrumb","itemListElement":[{"@type":"ListItem","position":1,"name":"Home","item":"https:\/\/denarius.no\/no\/coin-banknote-dealer-specialist\/"},{"@type":"ListItem","position":2,"name":"Nettbutikk","item":"https:\/\/denarius.no\/no\/shop\/"},{"@type":"ListItem","position":3,"name":"Dishekel fra Sidon i F\u00f8nikia (ca. 425-401 f. Kr.) &#8211; Ex Pitchfork"}]},{"@type":"WebSite","@id":"https:\/\/denarius.no\/#website","url":"https:\/\/denarius.no\/","name":"Coin &amp; Banknote Specialist","description":"Denarius","potentialAction":[{"@type":"SearchAction","target":{"@type":"EntryPoint","urlTemplate":"https:\/\/denarius.no\/?s={search_term_string}"},"query-input":{"@type":"PropertyValueSpecification","valueRequired":true,"valueName":"search_term_string"}}],"inLanguage":"nb-NO"}]}},"_links":{"self":[{"href":"https:\/\/denarius.no\/no\/wp-json\/wp\/v2\/product\/52008","targetHints":{"allow":["GET"]}}],"collection":[{"href":"https:\/\/denarius.no\/no\/wp-json\/wp\/v2\/product"}],"about":[{"href":"https:\/\/denarius.no\/no\/wp-json\/wp\/v2\/types\/product"}],"replies":[{"embeddable":true,"href":"https:\/\/denarius.no\/no\/wp-json\/wp\/v2\/comments?post=52008"}],"wp:featuredmedia":[{"embeddable":true,"href":"https:\/\/denarius.no\/no\/wp-json\/wp\/v2\/media\/52007"}],"wp:attachment":[{"href":"https:\/\/denarius.no\/no\/wp-json\/wp\/v2\/media?parent=52008"}],"wp:term":[{"taxonomy":"product_brand","embeddable":true,"href":"https:\/\/denarius.no\/no\/wp-json\/wp\/v2\/product_brand?post=52008"},{"taxonomy":"product_cat","embeddable":true,"href":"https:\/\/denarius.no\/no\/wp-json\/wp\/v2\/product_cat?post=52008"},{"taxonomy":"product_tag","embeddable":true,"href":"https:\/\/denarius.no\/no\/wp-json\/wp\/v2\/product_tag?post=52008"}],"curies":[{"name":"wp","href":"https:\/\/api.w.org\/{rel}","templated":true}]}}